{"id":10917,"date":"2024-10-18T08:07:25","date_gmt":"2024-10-18T08:07:25","guid":{"rendered":"https:\/\/gastroturismo.ch\/product\/cork-back-coaster\/"},"modified":"2026-03-22T13:42:49","modified_gmt":"2026-03-22T13:42:49","slug":"cork-back-coaster","status":"publish","type":"product","link":"https:\/\/gastroturismo.ch\/it\/prodotto\/cork-back-coaster\/","title":{"rendered":"Montagne russe in sughero"},"content":{"rendered":"<p>Questo sottobicchiere in sughero si abbina perfettamente alla tua tazza preferita! Crea un&#8217;atmosfera casalinga proteggendo il tuo tavolino da caff\u00e8 o comodino dalle macchie di tazza e dall&#8217;umidit\u00e0. Il sottobicchiere \u00e8 impermeabile e resistente al calore, progettato per durare a lungo. Acquistalo per te o come regalo adorabile per i tuoi amici e familiari.<\/p>\n<p> \u2022 Pannello rigido MDF 0,12&#8243; (3 mm)<br \/> \u2022 Sughero 0,04&#8243; (1 mm)<br \/> \u2022 Rivestimento lucido sulla parte superiore<br \/> \u2022 Dimensioni: 3,74&#8243; \u00d7 3,74&#8243; \u00d7 0,16&#8243; (95 \u00d7 95 \u00d7 4 mm)<br \/> \u2022 Angoli arrotondati<br \/> \u2022 Idrorepellente, resistente al calore e antiscivolo<br \/> \u2022 Facile da pulire<\/p>\n<p> Il prezzo visualizzato si riferisce a un singolo articolo.   <\/p>\n","protected":false},"excerpt":{"rendered":"<p>Questo sottobicchiere in sughero si abbina perfettamente alla tua tazza preferita! Crea un&#8217;atmosfera casalinga proteggendo il tuo tavolino da caff\u00e8 o comodino dalle macchie di tazza e dall&#8217;umidit\u00e0. Il sottobicchiere \u00e8 impermeabile e resistente al calore, progettato per durare a lungo. Acquistalo per te o come regalo adorabile per i tuoi amici e familiari. \u2022 [&hellip;]<\/p>\n","protected":false},"featured_media":10792,"comment_status":"open","ping_status":"closed","template":"","meta":[],"product_brand":[],"product_cat":[178],"product_tag":[],"class_list":{"0":"post-10917","1":"product","2":"type-product","3":"status-publish","4":"has-post-thumbnail","6":"product_cat-negozio","8":"first","9":"instock","10":"taxable","11":"shipping-taxable","12":"purchasable","13":"product-type-simple"},"_links":{"self":[{"href":"https:\/\/gastroturismo.ch\/it\/wp-json\/wp\/v2\/product\/10917","targetHints":{"allow":["GET"]}}],"collection":[{"href":"https:\/\/gastroturismo.ch\/it\/wp-json\/wp\/v2\/product"}],"about":[{"href":"https:\/\/gastroturismo.ch\/it\/wp-json\/wp\/v2\/types\/product"}],"replies":[{"embeddable":true,"href":"https:\/\/gastroturismo.ch\/it\/wp-json\/wp\/v2\/comments?post=10917"}],"version-history":[{"count":0,"href":"https:\/\/gastroturismo.ch\/it\/wp-json\/wp\/v2\/product\/10917\/revisions"}],"wp:featuredmedia":[{"embeddable":true,"href":"https:\/\/gastroturismo.ch\/it\/wp-json\/wp\/v2\/media\/10792"}],"wp:attachment":[{"href":"https:\/\/gastroturismo.ch\/it\/wp-json\/wp\/v2\/media?parent=10917"}],"wp:term":[{"taxonomy":"product_brand","embeddable":true,"href":"https:\/\/gastroturismo.ch\/it\/wp-json\/wp\/v2\/product_brand?post=10917"},{"taxonomy":"product_cat","embeddable":true,"href":"https:\/\/gastroturismo.ch\/it\/wp-json\/wp\/v2\/product_cat?post=10917"},{"taxonomy":"product_tag","embeddable":true,"href":"https:\/\/gastroturismo.ch\/it\/wp-json\/wp\/v2\/product_tag?post=10917"}],"curies":[{"name":"wp","href":"https:\/\/api.w.org\/{rel}","templated":true}]}}