{"id":10912,"date":"2024-10-18T08:09:54","date_gmt":"2024-10-18T08:09:54","guid":{"rendered":"https:\/\/gastroturismo.ch\/product\/can-cooler\/"},"modified":"2024-12-31T03:13:47","modified_gmt":"2024-12-31T03:13:47","slug":"can-cooler","status":"publish","type":"product","link":"https:\/\/gastroturismo.ch\/it\/prodotto\/can-cooler\/","title":{"rendered":"Lattina di raffreddamento"},"content":{"rendered":"<p>Aggiungi un tocco personale alle tue sessioni di sorseggiata! Questo dispositivo di raffreddamento per lattine a doppia faccia \u00e8 disponibile in due dimensioni per adattarsi alle lattine normali e sottili. Realizzato in gomma sintetica di alta qualit\u00e0, mantiene le tue bevande fresche e le tue mani calde. <\/p>\n<p> \u2022 Realizzato in neoprene <br \/> \u2022Impermeabile<br \/> \u2022 Personalizzazione a doppia dimensione<br \/> \u2022 Cuciture a coste<br \/> \u2022 Regular 5&#8243; \u00d7 4&#8243; (12 \u00d7 10 cm) o slim 6,5&#8243; \u00d7 3,2&#8243; (17 \u00d7 8 cm)<br \/> \u2022 Pulizia delle macchie secondo necessit\u00e0<br \/> \u2022 Prodotto grezzo proveniente dalla Cina e stampato negli Stati Uniti<\/p>\n<p> Questo prodotto \u00e8 realizzato su richiesta. Nessun minimo.   <\/p>\n","protected":false},"excerpt":{"rendered":"<p>Aggiungi un tocco personale alle tue sessioni di sorseggiata! Questo dispositivo di raffreddamento per lattine a doppia faccia \u00e8 disponibile in due dimensioni per adattarsi alle lattine normali e sottili. Realizzato in gomma sintetica di alta qualit\u00e0, mantiene le tue bevande fresche e le tue mani calde. \u2022 Realizzato in neoprene \u2022Impermeabile \u2022 Personalizzazione a [&hellip;]<\/p>\n","protected":false},"featured_media":10800,"comment_status":"open","ping_status":"closed","template":"","meta":[],"product_brand":[],"product_cat":[226],"product_tag":[],"class_list":{"0":"post-10912","1":"product","2":"type-product","3":"status-publish","4":"has-post-thumbnail","6":"product_cat-accessories-it","8":"first","9":"instock","10":"taxable","11":"shipping-taxable","12":"purchasable","13":"product-type-variable"},"_links":{"self":[{"href":"https:\/\/gastroturismo.ch\/it\/wp-json\/wp\/v2\/product\/10912","targetHints":{"allow":["GET"]}}],"collection":[{"href":"https:\/\/gastroturismo.ch\/it\/wp-json\/wp\/v2\/product"}],"about":[{"href":"https:\/\/gastroturismo.ch\/it\/wp-json\/wp\/v2\/types\/product"}],"replies":[{"embeddable":true,"href":"https:\/\/gastroturismo.ch\/it\/wp-json\/wp\/v2\/comments?post=10912"}],"version-history":[{"count":0,"href":"https:\/\/gastroturismo.ch\/it\/wp-json\/wp\/v2\/product\/10912\/revisions"}],"wp:featuredmedia":[{"embeddable":true,"href":"https:\/\/gastroturismo.ch\/it\/wp-json\/wp\/v2\/media\/10800"}],"wp:attachment":[{"href":"https:\/\/gastroturismo.ch\/it\/wp-json\/wp\/v2\/media?parent=10912"}],"wp:term":[{"taxonomy":"product_brand","embeddable":true,"href":"https:\/\/gastroturismo.ch\/it\/wp-json\/wp\/v2\/product_brand?post=10912"},{"taxonomy":"product_cat","embeddable":true,"href":"https:\/\/gastroturismo.ch\/it\/wp-json\/wp\/v2\/product_cat?post=10912"},{"taxonomy":"product_tag","embeddable":true,"href":"https:\/\/gastroturismo.ch\/it\/wp-json\/wp\/v2\/product_tag?post=10912"}],"curies":[{"name":"wp","href":"https:\/\/api.w.org\/{rel}","templated":true}]}}