{"id":10905,"date":"2024-10-18T08:10:35","date_gmt":"2024-10-18T08:10:35","guid":{"rendered":"https:\/\/gastroturismo.ch\/product\/stainless-steel-water-bottle\/"},"modified":"2024-12-31T03:13:46","modified_gmt":"2024-12-31T03:13:46","slug":"stainless-steel-water-bottle","status":"publish","type":"product","link":"https:\/\/gastroturismo.ch\/it\/prodotto\/stainless-steel-water-bottle\/","title":{"rendered":"Borraccia in acciaio inox"},"content":{"rendered":"<p>Questa borraccia in acciaio inossidabile a doppia parete da 17 once \u00e8 perfetta per le tue uscite quotidiane. Manterr\u00e0 la tua bevanda preferita calda o fredda per ore. Dispone inoltre di un tappo a prova di odori e perdite. Mettilo nel portabicchieri della tua auto mentre vai al lavoro, portalo con te durante le escursioni o mettilo in borsa ogni volta che hai sete.   <\/p>\n<p>  \u2022 Acciaio inossidabile di alta qualit\u00e0<br \/>  \u2022 17 once (500 ml)<br \/>  \u2022 Dimensioni: 10,5&#8243; \u00d7 2,85&#8243; (27 \u00d7 7 cm)<br \/>  \u2022 Pallone sottovuoto<br \/>  \u2022 Costruzione a doppia parete<br \/>  \u2022 Forma del birillo da bowling<br \/>  \u2022 Finitura lucida<br \/>  \u2022 Tappo inodore e a prova di perdite<br \/>  \u2022 Isolato per liquidi caldi e freddi (mantiene il liquido caldo o freddo per 6 ore)<br \/>  \u2022 Rivestimento ORCA brevettato per colori vivaci<br \/> \u2022 Lavare solo a mano<br \/> \u2022 Prodotto grezzo proveniente dalla Cina<\/p>\n<p> Disclaimer: Tenere l&#8217;acqua nella bottiglia per pi\u00f9 di 24 ore non \u00e8 igienico e pu\u00f2 provocare un odore sgradevole.<\/p>\n","protected":false},"excerpt":{"rendered":"<p>Questa borraccia in acciaio inossidabile a doppia parete da 17 once \u00e8 perfetta per le tue uscite quotidiane. Manterr\u00e0 la tua bevanda preferita calda o fredda per ore. Dispone inoltre di un tappo a prova di odori e perdite. Mettilo nel portabicchieri della tua auto mentre vai al lavoro, portalo con te durante le escursioni [&hellip;]<\/p>\n","protected":false},"featured_media":10810,"comment_status":"open","ping_status":"closed","template":"","meta":[],"product_brand":[],"product_cat":[178],"product_tag":[],"class_list":{"0":"post-10905","1":"product","2":"type-product","3":"status-publish","4":"has-post-thumbnail","6":"product_cat-negozio","8":"first","9":"instock","10":"taxable","11":"shipping-taxable","12":"purchasable","13":"product-type-simple"},"_links":{"self":[{"href":"https:\/\/gastroturismo.ch\/it\/wp-json\/wp\/v2\/product\/10905","targetHints":{"allow":["GET"]}}],"collection":[{"href":"https:\/\/gastroturismo.ch\/it\/wp-json\/wp\/v2\/product"}],"about":[{"href":"https:\/\/gastroturismo.ch\/it\/wp-json\/wp\/v2\/types\/product"}],"replies":[{"embeddable":true,"href":"https:\/\/gastroturismo.ch\/it\/wp-json\/wp\/v2\/comments?post=10905"}],"version-history":[{"count":0,"href":"https:\/\/gastroturismo.ch\/it\/wp-json\/wp\/v2\/product\/10905\/revisions"}],"wp:featuredmedia":[{"embeddable":true,"href":"https:\/\/gastroturismo.ch\/it\/wp-json\/wp\/v2\/media\/10810"}],"wp:attachment":[{"href":"https:\/\/gastroturismo.ch\/it\/wp-json\/wp\/v2\/media?parent=10905"}],"wp:term":[{"taxonomy":"product_brand","embeddable":true,"href":"https:\/\/gastroturismo.ch\/it\/wp-json\/wp\/v2\/product_brand?post=10905"},{"taxonomy":"product_cat","embeddable":true,"href":"https:\/\/gastroturismo.ch\/it\/wp-json\/wp\/v2\/product_cat?post=10905"},{"taxonomy":"product_tag","embeddable":true,"href":"https:\/\/gastroturismo.ch\/it\/wp-json\/wp\/v2\/product_tag?post=10905"}],"curies":[{"name":"wp","href":"https:\/\/api.w.org\/{rel}","templated":true}]}}