{"id":10899,"date":"2024-10-18T08:12:04","date_gmt":"2024-10-18T08:12:04","guid":{"rendered":"https:\/\/gastroturismo.ch\/product\/tote-bag\/"},"modified":"2024-12-31T03:13:53","modified_gmt":"2024-12-31T03:13:53","slug":"tote-bag","status":"publish","type":"product","link":"https:\/\/gastroturismo.ch\/it\/prodotto\/tote-bag\/","title":{"rendered":"Borsa tote"},"content":{"rendered":"<p>Una tote bag spaziosa e alla moda per portare con te tutto ci\u00f2 che conta.<\/p>\n<p>  \u2022 100% poliestere<br \/>  \u2022 Dimensioni della borsa: 15&#8243; \u00d7 15&#8243; (38,1 \u00d7 38,1 cm)<br \/>  \u2022 Capacit\u00e0: 2,6 US gal (10 l)<br \/>  \u2022 Limite di peso massimo: 20 kg (44 libbre)<br \/>  \u2022 Doppi manici in bull denim di cotone naturale al 100%<br \/>  \u2022 Lunghezza manico 11,8&#8243; (30 cm), larghezza 1&#8243; (2,5 cm)<br \/> \u2022 Le maniglie possono differire leggermente a seconda del luogo di evasione<br \/> \u2022 Componenti del prodotto vuoti provenienti da Israele<\/p>\n<p> Questo prodotto \u00e8 fatto apposta per te non appena effettui un ordine, motivo per cui ci vuole un po&#8217; pi\u00f9 di tempo per consegnartelo. Realizzare prodotti su richiesta anzich\u00e9 in blocco aiuta a ridurre la sovrapproduzione, quindi grazie per aver preso decisioni di acquisto ponderate! <\/p>\n","protected":false},"excerpt":{"rendered":"<p>Una tote bag spaziosa e alla moda per portare con te tutto ci\u00f2 che conta. \u2022 100% poliestere \u2022 Dimensioni della borsa: 15&#8243; \u00d7 15&#8243; (38,1 \u00d7 38,1 cm) \u2022 Capacit\u00e0: 2,6 US gal (10 l) \u2022 Limite di peso massimo: 20 kg (44 libbre) \u2022 Doppi manici in bull denim di cotone naturale al [&hellip;]<\/p>\n","protected":false},"featured_media":10846,"comment_status":"open","ping_status":"closed","template":"","meta":[],"product_brand":[],"product_cat":[178],"product_tag":[],"class_list":{"0":"post-10899","1":"product","2":"type-product","3":"status-publish","4":"has-post-thumbnail","6":"product_cat-negozio","8":"first","9":"instock","10":"taxable","11":"shipping-taxable","12":"purchasable","13":"product-type-simple"},"_links":{"self":[{"href":"https:\/\/gastroturismo.ch\/it\/wp-json\/wp\/v2\/product\/10899","targetHints":{"allow":["GET"]}}],"collection":[{"href":"https:\/\/gastroturismo.ch\/it\/wp-json\/wp\/v2\/product"}],"about":[{"href":"https:\/\/gastroturismo.ch\/it\/wp-json\/wp\/v2\/types\/product"}],"replies":[{"embeddable":true,"href":"https:\/\/gastroturismo.ch\/it\/wp-json\/wp\/v2\/comments?post=10899"}],"version-history":[{"count":0,"href":"https:\/\/gastroturismo.ch\/it\/wp-json\/wp\/v2\/product\/10899\/revisions"}],"wp:featuredmedia":[{"embeddable":true,"href":"https:\/\/gastroturismo.ch\/it\/wp-json\/wp\/v2\/media\/10846"}],"wp:attachment":[{"href":"https:\/\/gastroturismo.ch\/it\/wp-json\/wp\/v2\/media?parent=10899"}],"wp:term":[{"taxonomy":"product_brand","embeddable":true,"href":"https:\/\/gastroturismo.ch\/it\/wp-json\/wp\/v2\/product_brand?post=10899"},{"taxonomy":"product_cat","embeddable":true,"href":"https:\/\/gastroturismo.ch\/it\/wp-json\/wp\/v2\/product_cat?post=10899"},{"taxonomy":"product_tag","embeddable":true,"href":"https:\/\/gastroturismo.ch\/it\/wp-json\/wp\/v2\/product_tag?post=10899"}],"curies":[{"name":"wp","href":"https:\/\/api.w.org\/{rel}","templated":true}]}}