{"id":8600,"date":"2022-09-11T11:29:14","date_gmt":"2022-09-11T11:29:14","guid":{"rendered":"https:\/\/gastroturismo.ch\/?page_id=8600"},"modified":"2025-07-31T12:18:58","modified_gmt":"2025-07-31T12:18:58","slug":"gastro-dreams","status":"publish","type":"page","link":"https:\/\/gastroturismo.ch\/it\/gastro-dreams\/","title":{"rendered":"Gastro Dreams"},"content":{"rendered":"\t\t<div data-elementor-type=\"wp-page\" data-elementor-id=\"8600\" class=\"elementor elementor-8600\" data-elementor-post-type=\"page\">\n\t\t\t\t\t\t<section class=\"elementor-section elementor-top-section elementor-element elementor-element-5179a64 elementor-section-boxed elementor-section-height-default elementor-section-height-default\" data-id=\"5179a64\" data-element_type=\"section\">\n\t\t\t\t\t\t<div class=\"elementor-container elementor-column-gap-default\">\n\t\t\t\t\t<div class=\"elementor-column elementor-col-100 elementor-top-column elementor-element elementor-element-985623b\" data-id=\"985623b\" data-element_type=\"column\">\n\t\t\t<div class=\"elementor-widget-wrap elementor-element-populated\">\n\t\t\t\t\t\t<div class=\"elementor-element elementor-element-e813d29 elementor-widget elementor-widget-heading\" data-id=\"e813d29\" data-element_type=\"widget\" data-widget_type=\"heading.default\">\n\t\t\t\t<div class=\"elementor-widget-container\">\n\t\t\t\t\t<h2 class=\"elementor-heading-title elementor-size-default\">Realizza il tuo sogno con Gastro Dreams!<\/h2>\t\t\t\t<\/div>\n\t\t\t\t<\/div>\n\t\t\t\t\t<\/div>\n\t\t<\/div>\n\t\t\t\t\t<\/div>\n\t\t<\/section>\n\t\t\t\t<section class=\"elementor-section elementor-top-section elementor-element elementor-element-d06983c elementor-section-boxed elementor-section-height-default elementor-section-height-default\" data-id=\"d06983c\" data-element_type=\"section\">\n\t\t\t\t\t\t<div class=\"elementor-container elementor-column-gap-default\">\n\t\t\t\t\t<div class=\"elementor-column elementor-col-100 elementor-top-column elementor-element elementor-element-6c5c0be\" data-id=\"6c5c0be\" data-element_type=\"column\">\n\t\t\t<div class=\"elementor-widget-wrap elementor-element-populated\">\n\t\t\t\t\t\t<div class=\"elementor-element elementor-element-bbc2a00 elementor--h-position-center elementor--v-position-middle elementor-arrows-position-inside elementor-pagination-position-inside elementor-widget elementor-widget-slides\" data-id=\"bbc2a00\" data-element_type=\"widget\" data-settings=\"{&quot;navigation&quot;:&quot;both&quot;,&quot;autoplay&quot;:&quot;yes&quot;,&quot;pause_on_hover&quot;:&quot;yes&quot;,&quot;pause_on_interaction&quot;:&quot;yes&quot;,&quot;autoplay_speed&quot;:5000,&quot;infinite&quot;:&quot;yes&quot;,&quot;transition&quot;:&quot;slide&quot;,&quot;transition_speed&quot;:500}\" data-widget_type=\"slides.default\">\n\t\t\t\t<div class=\"elementor-widget-container\">\n\t\t\t\t\t\t\t\t\t<div class=\"elementor-swiper\">\n\t\t\t\t\t<div class=\"elementor-slides-wrapper elementor-main-swiper swiper\" role=\"region\" aria-roledescription=\"carousel\" aria-label=\"Slides\" dir=\"ltr\" data-animation=\"fadeInUp\">\n\t\t\t\t<div class=\"swiper-wrapper elementor-slides\">\n\t\t\t\t\t\t\t\t\t\t<div class=\"elementor-repeater-item-d8059e2 swiper-slide\" role=\"group\" aria-roledescription=\"slide\"><div class=\"swiper-slide-bg\" role=\"img\"><\/div><div class=\"elementor-background-overlay\"><\/div><a class=\"swiper-slide-inner\" href=\"tel:+41798563439\"><div class=\"swiper-slide-contents\"><div class=\"elementor-slide-heading\">Gastro Dreams<\/div><div class=\"elementor-slide-description\">Esperienze Gastronomiche da Sogno!<\/div><div  class=\"elementor-button elementor-slide-button elementor-size-sm\">Chiamaci!<\/div><\/div><\/a><\/div>\t\t\t\t<\/div>\n\t\t\t\t\t\t\t<\/div>\n\t\t\t\t<\/div>\n\t\t\t\t\t\t\t\t<\/div>\n\t\t\t\t<\/div>\n\t\t\t\t\t<\/div>\n\t\t<\/div>\n\t\t\t\t\t<\/div>\n\t\t<\/section>\n\t\t\t\t<section class=\"elementor-section elementor-top-section elementor-element elementor-element-0147677 elementor-section-boxed elementor-section-height-default elementor-section-height-default\" data-id=\"0147677\" data-element_type=\"section\">\n\t\t\t\t\t\t<div class=\"elementor-container elementor-column-gap-default\">\n\t\t\t\t\t<div class=\"elementor-column elementor-col-16 elementor-top-column elementor-element elementor-element-06edfdc\" data-id=\"06edfdc\" data-element_type=\"column\">\n\t\t\t<div class=\"elementor-widget-wrap\">\n\t\t\t\t\t\t\t<\/div>\n\t\t<\/div>\n\t\t\t\t<div class=\"elementor-column elementor-col-66 elementor-top-column elementor-element elementor-element-c7e8198\" data-id=\"c7e8198\" data-element_type=\"column\">\n\t\t\t<div class=\"elementor-widget-wrap elementor-element-populated\">\n\t\t\t\t\t\t<div class=\"elementor-element elementor-element-95d3e71 elementor-widget elementor-widget-text-editor\" data-id=\"95d3e71\" data-element_type=\"widget\" data-widget_type=\"text-editor.default\">\n\t\t\t\t<div class=\"elementor-widget-container\">\n\t\t\t\t\t\t\t\t\t<h3 style=\"text-align: left;\"><span style=\"color: #ffffff;\">Esperienza gastronomica + una notte in hotel per due persone<\/span><\/h3><p>Per prenotare il pacchetto, contattare Gastroturismo al numero 079 856 34 39.<\/p><p>I pacchetti non hanno una data prestabilita: il cliente pu\u00f2 proporre la data desiderata e Gastroturismo si occuper\u00e0 di organizzare la prenotazione.<\/p><p>Si consiglia cortesemente di prenotare con buon anticipo, vista l\u2019elevata richiesta nel settore alberghiero per quest\u2019anno. Maggiore \u00e8 il preavviso, pi\u00f9 facile sar\u00e0 trovare disponibilit\u00e0 per la data desiderata.<\/p><p>Buon divertimento!<\/p>\t\t\t\t\t\t\t\t<\/div>\n\t\t\t\t<\/div>\n\t\t\t\t\t<\/div>\n\t\t<\/div>\n\t\t\t\t<div class=\"elementor-column elementor-col-16 elementor-top-column elementor-element elementor-element-10308ba\" data-id=\"10308ba\" data-element_type=\"column\">\n\t\t\t<div class=\"elementor-widget-wrap\">\n\t\t\t\t\t\t\t<\/div>\n\t\t<\/div>\n\t\t\t\t\t<\/div>\n\t\t<\/section>\n\t\t\t\t<section class=\"elementor-section elementor-top-section elementor-element elementor-element-2c8bf18 elementor-section-boxed elementor-section-height-default elementor-section-height-default\" data-id=\"2c8bf18\" data-element_type=\"section\">\n\t\t\t\t\t\t<div class=\"elementor-container elementor-column-gap-default\">\n\t\t\t\t\t<div class=\"elementor-column elementor-col-50 elementor-top-column elementor-element elementor-element-4690d77\" data-id=\"4690d77\" data-element_type=\"column\">\n\t\t\t<div class=\"elementor-widget-wrap elementor-element-populated\">\n\t\t\t\t\t\t<div class=\"elementor-element elementor-element-ec45d23 elementor-widget elementor-widget-image\" data-id=\"ec45d23\" data-element_type=\"widget\" data-widget_type=\"image.default\">\n\t\t\t\t<div class=\"elementor-widget-container\">\n\t\t\t\t\t\t\t\t\t\t\t\t\t\t\t<img fetchpriority=\"high\" decoding=\"async\" width=\"278\" height=\"300\" src=\"https:\/\/gastroturismo.ch\/wp-content\/uploads\/2022\/09\/Gastrodreams-Sopraceneri-278x300.png\" class=\"attachment-medium size-medium wp-image-8613\" alt=\"\" srcset=\"https:\/\/gastroturismo.ch\/wp-content\/uploads\/2022\/09\/Gastrodreams-Sopraceneri-278x300.png 278w, https:\/\/gastroturismo.ch\/wp-content\/uploads\/2022\/09\/Gastrodreams-Sopraceneri-546x590.png 546w, https:\/\/gastroturismo.ch\/wp-content\/uploads\/2022\/09\/Gastrodreams-Sopraceneri-577x624.png 577w, https:\/\/gastroturismo.ch\/wp-content\/uploads\/2022\/09\/Gastrodreams-Sopraceneri.png 593w\" sizes=\"(max-width: 278px) 100vw, 278px\" \/>\t\t\t\t\t\t\t\t\t\t\t\t\t\t\t<\/div>\n\t\t\t\t<\/div>\n\t\t\t\t\t<\/div>\n\t\t<\/div>\n\t\t\t\t<div class=\"elementor-column elementor-col-50 elementor-top-column elementor-element elementor-element-98d723e\" data-id=\"98d723e\" data-element_type=\"column\">\n\t\t\t<div class=\"elementor-widget-wrap elementor-element-populated\">\n\t\t\t\t\t\t<div class=\"elementor-element elementor-element-0c0046a elementor-widget elementor-widget-text-editor\" data-id=\"0c0046a\" data-element_type=\"widget\" data-widget_type=\"text-editor.default\">\n\t\t\t\t<div class=\"elementor-widget-container\">\n\t\t\t\t\t\t\t\t\t<h2>Sopraceneri<\/h2><h3>Cantina il Cavaliere + Hotel Fior di Campo<\/h3><p data-start=\"99\" data-end=\"229\"><strong data-start=\"99\" data-end=\"123\">Cantina Il Cavaliere<\/strong> propone un\u2019esperienza immersiva nel mondo del vino, frutto di anni di passione, competenza e dedizione. La cantina \u00e8 un luogo accogliente e autentico, ideale non solo per acquistare ottimi vini, ma anche per vivere momenti di scoperta attraverso degustazioni coinvolgenti, tra aromi, racconti e tradizioni. La visita guidata include un tour dei vigneti e della cantina, durante il quale sar\u00e0 possibile conoscere da vicino i processi produttivi. L\u2019esperienza si conclude con una degustazione guidata dai produttori stessi, accompagnata da un ricco aperitivo a base di specialit\u00e0 gastronomiche regionali, pensato per esaltare al meglio i vini proposti.<\/p>\t\t\t\t\t\t\t\t<\/div>\n\t\t\t\t<\/div>\n\t\t\t\t\t<\/div>\n\t\t<\/div>\n\t\t\t\t\t<\/div>\n\t\t<\/section>\n\t\t\t\t<section class=\"elementor-section elementor-top-section elementor-element elementor-element-53be1e5 elementor-section-boxed elementor-section-height-default elementor-section-height-default\" data-id=\"53be1e5\" data-element_type=\"section\">\n\t\t\t\t\t\t<div class=\"elementor-container elementor-column-gap-default\">\n\t\t\t\t\t<div class=\"elementor-column elementor-col-100 elementor-top-column elementor-element elementor-element-192d33d\" data-id=\"192d33d\" data-element_type=\"column\">\n\t\t\t<div class=\"elementor-widget-wrap elementor-element-populated\">\n\t\t\t\t\t\t<div class=\"elementor-element elementor-element-eac4f52 elementor-widget elementor-widget-text-editor\" data-id=\"eac4f52\" data-element_type=\"widget\" data-widget_type=\"text-editor.default\">\n\t\t\t\t<div class=\"elementor-widget-container\">\n\t\t\t\t\t\t\t\t\t<p data-start=\"109\" data-end=\"299\"><strong data-start=\"109\" data-end=\"135\">L\u2019Hotel Campo di Fiori<\/strong> \u00e8 immerso in una cornice naturale unica, nel cuore della Vallemaggia (Campo), ideale per staccare dalla frenesia quotidiana e ritrovare tranquillit\u00e0 e benessere. Le camere, spaziose e curate nei dettagli, offrono tutto il necessario per un soggiorno confortevole e rigenerante. Alcune dispongono di terrazza o balcone con vista diretta sulla valle, per vivere appieno la bellezza del paesaggio circostante. Grande attenzione \u00e8 riservata alla scelta dei materiali, privilegiando qualit\u00e0 e provenienza locale: legno di larice, granito della Vallemaggia e vetro creano un ambiente caldo, elegante e accogliente. I letti e la biancheria di alta gamma assicurano un riposo profondo e rigenerante. Lasciatevi avvolgere dall\u2019atmosfera intima e rilassante di questo boutique hotel, dove ogni dettaglio \u00e8 pensato per il vostro benessere. Inclusa nella prenotazione, anche l\u2019<strong data-start=\"1011\" data-end=\"1048\">area SPA riservabile privatamente<\/strong>, dotata di sauna con solarium, due vasche da bagno, un\u2019ampia doccia e un rilassante letto a pendolo. <strong data-start=\"1153\" data-end=\"1175\">Colazione inclusa.<\/strong><\/p><p><span style=\"text-decoration: underline;\"><a href=\"https:\/\/www.fiordicampo.ch\/\" target=\"_blank\" rel=\"noopener\">www.fiordicampo.ch<\/a><\/span><\/p>\t\t\t\t\t\t\t\t<\/div>\n\t\t\t\t<\/div>\n\t\t\t\t\t<\/div>\n\t\t<\/div>\n\t\t\t\t\t<\/div>\n\t\t<\/section>\n\t\t\t\t<section class=\"elementor-section elementor-top-section elementor-element elementor-element-a1efa0e elementor-section-boxed elementor-section-height-default elementor-section-height-default\" data-id=\"a1efa0e\" data-element_type=\"section\">\n\t\t\t\t\t\t<div class=\"elementor-container elementor-column-gap-default\">\n\t\t\t\t\t<div class=\"elementor-column elementor-col-50 elementor-top-column elementor-element elementor-element-aa3e4c5\" data-id=\"aa3e4c5\" data-element_type=\"column\">\n\t\t\t<div class=\"elementor-widget-wrap elementor-element-populated\">\n\t\t\t\t\t\t<div class=\"elementor-element elementor-element-6e4f66c elementor-widget elementor-widget-image\" data-id=\"6e4f66c\" data-element_type=\"widget\" data-widget_type=\"image.default\">\n\t\t\t\t<div class=\"elementor-widget-container\">\n\t\t\t\t\t\t\t\t\t\t\t\t\t\t\t<img decoding=\"async\" width=\"300\" height=\"270\" src=\"https:\/\/gastroturismo.ch\/wp-content\/uploads\/2022\/09\/Gastrodreams-Luganese-300x270.png\" class=\"attachment-medium size-medium wp-image-8622\" alt=\"\" srcset=\"https:\/\/gastroturismo.ch\/wp-content\/uploads\/2022\/09\/Gastrodreams-Luganese-300x270.png 300w, https:\/\/gastroturismo.ch\/wp-content\/uploads\/2022\/09\/Gastrodreams-Luganese.png 558w\" sizes=\"(max-width: 300px) 100vw, 300px\" \/>\t\t\t\t\t\t\t\t\t\t\t\t\t\t\t<\/div>\n\t\t\t\t<\/div>\n\t\t\t\t\t<\/div>\n\t\t<\/div>\n\t\t\t\t<div class=\"elementor-column elementor-col-50 elementor-top-column elementor-element elementor-element-a2707b9\" data-id=\"a2707b9\" data-element_type=\"column\">\n\t\t\t<div class=\"elementor-widget-wrap elementor-element-populated\">\n\t\t\t\t\t\t<div class=\"elementor-element elementor-element-7e952bc elementor-widget elementor-widget-text-editor\" data-id=\"7e952bc\" data-element_type=\"widget\" data-widget_type=\"text-editor.default\">\n\t\t\t\t<div class=\"elementor-widget-container\">\n\t\t\t\t\t\t\t\t\t<h2>Luganese<\/h2><h3>Cantina con sommelier + Hotel Bigatt<\/h3><p data-start=\"163\" data-end=\"350\">Questa esperienza esclusiva \u00e8 guidata dalla sommelier professionista <strong data-start=\"232\" data-end=\"246\">Anna Valli<\/strong>, in possesso dell\u2019attestato federale, e vi porter\u00e0 alla scoperta di una cantina selezionata con cura. Durante la visita, avrete l\u2019opportunit\u00e0 di degustare il vino direttamente dalla botte, esplorare la gamma completa dei vini prodotti e concludere il percorso con un ricco spuntino a base di specialit\u00e0 locali, sapientemente abbinate ai vini. Il menu pu\u00f2 essere adattato secondo le preferenze del cliente, per offrire un\u2019esperienza ancora pi\u00f9 personalizzata. Il tutto si svolge in una splendida cornice naturale, arricchita dalla qualit\u00e0 dei prodotti e dal dialogo diretto con il produttore e la sommelier, per un viaggio autentico tra aromi, saperi e territorio.<\/p>\t\t\t\t\t\t\t\t<\/div>\n\t\t\t\t<\/div>\n\t\t\t\t\t<\/div>\n\t\t<\/div>\n\t\t\t\t\t<\/div>\n\t\t<\/section>\n\t\t\t\t<section class=\"elementor-section elementor-top-section elementor-element elementor-element-908d540 elementor-section-boxed elementor-section-height-default elementor-section-height-default\" data-id=\"908d540\" data-element_type=\"section\">\n\t\t\t\t\t\t<div class=\"elementor-container elementor-column-gap-default\">\n\t\t\t\t\t<div class=\"elementor-column elementor-col-100 elementor-top-column elementor-element elementor-element-9b94539\" data-id=\"9b94539\" data-element_type=\"column\">\n\t\t\t<div class=\"elementor-widget-wrap elementor-element-populated\">\n\t\t\t\t\t\t<div class=\"elementor-element elementor-element-ee0ca5c elementor-widget elementor-widget-text-editor\" data-id=\"ee0ca5c\" data-element_type=\"widget\" data-widget_type=\"text-editor.default\">\n\t\t\t\t<div class=\"elementor-widget-container\">\n\t\t\t\t\t\t\t\t\t<p>L\u2019hotel Bigatt sorge al centro di un magnifico polmone verde ai piedi del Monte San Salvatore, da cui si gode una vista spettacolare a 360 gradi sul lago Ceresio e sull\u2019intero Golfo di Lugano. 9000 mq di prati, bosco e giardini in cui passeggiare e rilassarsi nella natura. E dove attraversare 3000 mq di frutteti e orti biologici, coltivati secondo i principi dell\u2019Agricoltura Elementare, i cui prodotti (frutta, ortaggi, legumi, spezie, erbe e erbette) nate dal rispetto della terra, sono la base della cucina della Locanda del Bigatt. L\u2019hotel e\u0300 situato in una villa d\u2019epoca interamente ristrutturata, al centro di un magnifico parco nel Golfo di Lugano, la Ca\u0301 dal Bigatt propone 23 camere ognuna diversa dall\u2019altra, adatte a ogni esigenza.<\/p><p><span style=\"text-decoration: underline;\"><a href=\"https:\/\/hotelbigatt.com\/\" target=\"_blank\" rel=\"noopener\">www.hotelbigatt.com<\/a><\/span><\/p>\t\t\t\t\t\t\t\t<\/div>\n\t\t\t\t<\/div>\n\t\t\t\t\t<\/div>\n\t\t<\/div>\n\t\t\t\t\t<\/div>\n\t\t<\/section>\n\t\t\t\t<section class=\"elementor-section elementor-top-section elementor-element elementor-element-b779718 elementor-section-boxed elementor-section-height-default elementor-section-height-default\" data-id=\"b779718\" data-element_type=\"section\">\n\t\t\t\t\t\t<div class=\"elementor-container elementor-column-gap-default\">\n\t\t\t\t\t<div class=\"elementor-column elementor-col-50 elementor-top-column elementor-element elementor-element-cad2509\" data-id=\"cad2509\" data-element_type=\"column\">\n\t\t\t<div class=\"elementor-widget-wrap elementor-element-populated\">\n\t\t\t\t\t\t<div class=\"elementor-element elementor-element-8dd79be elementor-widget elementor-widget-image\" data-id=\"8dd79be\" data-element_type=\"widget\" data-widget_type=\"image.default\">\n\t\t\t\t<div class=\"elementor-widget-container\">\n\t\t\t\t\t\t\t\t\t\t\t\t\t\t\t<img decoding=\"async\" width=\"270\" height=\"300\" src=\"https:\/\/gastroturismo.ch\/wp-content\/uploads\/2022\/09\/Gastrodreams-Valle-di-Muggio-270x300.png\" class=\"attachment-medium size-medium wp-image-8626\" alt=\"\" srcset=\"https:\/\/gastroturismo.ch\/wp-content\/uploads\/2022\/09\/Gastrodreams-Valle-di-Muggio-270x300.png 270w, https:\/\/gastroturismo.ch\/wp-content\/uploads\/2022\/09\/Gastrodreams-Valle-di-Muggio-531x590.png 531w, https:\/\/gastroturismo.ch\/wp-content\/uploads\/2022\/09\/Gastrodreams-Valle-di-Muggio.png 573w\" sizes=\"(max-width: 270px) 100vw, 270px\" \/>\t\t\t\t\t\t\t\t\t\t\t\t\t\t\t<\/div>\n\t\t\t\t<\/div>\n\t\t\t\t\t<\/div>\n\t\t<\/div>\n\t\t\t\t<div class=\"elementor-column elementor-col-50 elementor-top-column elementor-element elementor-element-1d25f2b\" data-id=\"1d25f2b\" data-element_type=\"column\">\n\t\t\t<div class=\"elementor-widget-wrap elementor-element-populated\">\n\t\t\t\t\t\t<div class=\"elementor-element elementor-element-491f8bb elementor-widget elementor-widget-text-editor\" data-id=\"491f8bb\" data-element_type=\"widget\" data-widget_type=\"text-editor.default\">\n\t\t\t\t<div class=\"elementor-widget-container\">\n\t\t\t\t\t\t\t\t\t<h2>Valle di Muggio\/Mendrisiotto<\/h2><h3>Cantine Cavallini + Hotel Serpiano<\/h3><div class=\"page\" title=\"Page 4\"><div class=\"layoutArea\"><div class=\"column\"><p data-start=\"215\" data-end=\"402\">Nel suggestivo borgo di <strong data-start=\"239\" data-end=\"249\">Cabbio<\/strong>, nel cuore della <strong data-start=\"267\" data-end=\"286\">Valle di Muggio<\/strong>, la <strong data-start=\"291\" data-end=\"312\">Cantina Cavallini<\/strong> apre le porte ai visitatori per un\u2019esperienza autentica tra vigneti, sapori e passione. Grazia e Luciano, viti-vinicoltori da oltre trent\u2019anni, accolgono gli ospiti con calore e competenza, guidandoli nella visita alla cantina di vinificazione e in una degustazione approfondita dei loro vini. Durante l\u2019esperienza verr\u00e0 presentata un\u2019ampia selezione di etichette, tra cui <strong data-start=\"692\" data-end=\"773\">Merlot, Cabernet Sauvignon, Nebbiolo, Arinarnoa, Chambourcin, Sauvignon blanc<\/strong> e <strong data-start=\"776\" data-end=\"789\">Americana<\/strong>, oltre ai loro distillati come <strong data-start=\"821\" data-end=\"831\">grappa<\/strong> e <strong data-start=\"834\" data-end=\"844\">nocino<\/strong>. La visita si conclude con un <strong data-start=\"878\" data-end=\"923\">ricco aperitivo a base di prodotti locali<\/strong> della Valle di Muggio, da gustare in un ambiente unico, circondati dalla quiete e dalla bellezza del paesaggio. Un incontro genuino con la tradizione vinicola ticinese, in una cornice esclusiva.<\/p><\/div><\/div><\/div>\t\t\t\t\t\t\t\t<\/div>\n\t\t\t\t<\/div>\n\t\t\t\t\t<\/div>\n\t\t<\/div>\n\t\t\t\t\t<\/div>\n\t\t<\/section>\n\t\t\t\t<section class=\"elementor-section elementor-top-section elementor-element elementor-element-809fad4 elementor-section-boxed elementor-section-height-default elementor-section-height-default\" data-id=\"809fad4\" data-element_type=\"section\">\n\t\t\t\t\t\t<div class=\"elementor-container elementor-column-gap-default\">\n\t\t\t\t\t<div class=\"elementor-column elementor-col-100 elementor-top-column elementor-element elementor-element-68fe2d8\" data-id=\"68fe2d8\" data-element_type=\"column\">\n\t\t\t<div class=\"elementor-widget-wrap elementor-element-populated\">\n\t\t\t\t\t\t<div class=\"elementor-element elementor-element-8b1272c elementor-widget elementor-widget-text-editor\" data-id=\"8b1272c\" data-element_type=\"widget\" data-widget_type=\"text-editor.default\">\n\t\t\t\t<div class=\"elementor-widget-container\">\n\t\t\t\t\t\t\t\t\t<div class=\"page\" title=\"Page 4\"><div class=\"layoutArea\"><div class=\"column\"><p>Tra il Lago di Lugano e il Monte San Giorgio, l\u2019Hotel Serpiano \u00e8 il luogo ideale per una fuga romantica nella natura. L\u2019offerta include una suite con letto francese a baldacchino e vista rilassante sul paesaggio circostante. La SPA dell\u2019hotel, accessibile gratuitamente, offre piscina coperta riscaldata, vasca idromassaggio, sauna, bagno di vapore, sala relax, solarium esterno e palestra. Dalla camera o dal giardino si pu\u00f2 godere di una splendida vista sul lago e sulle montagne.<\/p><p><span style=\"text-decoration: underline;\"><a href=\"https:\/\/www.serpiano.ch\/\" target=\"_blank\" rel=\"noopener\">www.serpiano.ch<\/a><\/span><\/p><\/div><\/div><\/div>\t\t\t\t\t\t\t\t<\/div>\n\t\t\t\t<\/div>\n\t\t\t\t\t<\/div>\n\t\t<\/div>\n\t\t\t\t\t<\/div>\n\t\t<\/section>\n\t\t\t\t<section class=\"elementor-section elementor-top-section elementor-element elementor-element-ef57dff elementor-section-boxed elementor-section-height-default elementor-section-height-default\" data-id=\"ef57dff\" data-element_type=\"section\">\n\t\t\t\t\t\t<div class=\"elementor-container elementor-column-gap-default\">\n\t\t\t\t\t<div class=\"elementor-column elementor-col-100 elementor-top-column elementor-element elementor-element-9af91b5\" data-id=\"9af91b5\" data-element_type=\"column\">\n\t\t\t<div class=\"elementor-widget-wrap elementor-element-populated\">\n\t\t\t\t\t\t<div class=\"elementor-element elementor-element-666c4c8 elementor-widget elementor-widget-button\" data-id=\"666c4c8\" data-element_type=\"widget\" data-widget_type=\"button.default\">\n\t\t\t\t<div class=\"elementor-widget-container\">\n\t\t\t\t\t\t\t\t\t<div class=\"elementor-button-wrapper\">\n\t\t\t\t\t<a class=\"elementor-button elementor-button-link elementor-size-sm\" href=\"tel:+41798563439\">\n\t\t\t\t\t\t<span class=\"elementor-button-content-wrapper\">\n\t\t\t\t\t\t\t\t\t<span class=\"elementor-button-text\">Riserva il tuo sogno!<\/span>\n\t\t\t\t\t<\/span>\n\t\t\t\t\t<\/a>\n\t\t\t\t<\/div>\n\t\t\t\t\t\t\t\t<\/div>\n\t\t\t\t<\/div>\n\t\t\t\t\t<\/div>\n\t\t<\/div>\n\t\t\t\t\t<\/div>\n\t\t<\/section>\n\t\t\t\t<\/div>\n\t\t","protected":false},"excerpt":{"rendered":"<p>Realizza il tuo sogno con Gastro Dreams! Gastro DreamsEsperienze Gastronomiche da Sogno!Chiamaci! Esperienza gastronomica + una notte in hotel per due persone Per prenotare il pacchetto, contattare Gastroturismo al numero 079 856 34 39. I pacchetti non hanno una data prestabilita: il cliente pu\u00f2 proporre la data desiderata e Gastroturismo si occuper\u00e0 di organizzare la [&hellip;]<\/p>\n","protected":false},"author":5,"featured_media":0,"parent":0,"menu_order":0,"comment_status":"closed","ping_status":"closed","template":"elementor_header_footer","meta":{"footnotes":""},"class_list":["post-8600","page","type-page","status-publish","hentry"],"_links":{"self":[{"href":"https:\/\/gastroturismo.ch\/it\/wp-json\/wp\/v2\/pages\/8600","targetHints":{"allow":["GET"]}}],"collection":[{"href":"https:\/\/gastroturismo.ch\/it\/wp-json\/wp\/v2\/pages"}],"about":[{"href":"https:\/\/gastroturismo.ch\/it\/wp-json\/wp\/v2\/types\/page"}],"author":[{"embeddable":true,"href":"https:\/\/gastroturismo.ch\/it\/wp-json\/wp\/v2\/users\/5"}],"replies":[{"embeddable":true,"href":"https:\/\/gastroturismo.ch\/it\/wp-json\/wp\/v2\/comments?post=8600"}],"version-history":[{"count":3,"href":"https:\/\/gastroturismo.ch\/it\/wp-json\/wp\/v2\/pages\/8600\/revisions"}],"predecessor-version":[{"id":12183,"href":"https:\/\/gastroturismo.ch\/it\/wp-json\/wp\/v2\/pages\/8600\/revisions\/12183"}],"wp:attachment":[{"href":"https:\/\/gastroturismo.ch\/it\/wp-json\/wp\/v2\/media?parent=8600"}],"curies":[{"name":"wp","href":"https:\/\/api.w.org\/{rel}","templated":true}]}}