{"id":8220,"date":"2022-05-03T14:51:42","date_gmt":"2022-05-03T14:51:42","guid":{"rendered":"https:\/\/gastroturismo.ch\/chi-siamo\/"},"modified":"2022-12-09T17:47:06","modified_gmt":"2022-12-09T17:47:06","slug":"chi-siamo","status":"publish","type":"page","link":"https:\/\/gastroturismo.ch\/it\/chi-siamo\/","title":{"rendered":"Chi siamo"},"content":{"rendered":"\t\t<div data-elementor-type=\"wp-page\" data-elementor-id=\"8220\" class=\"elementor elementor-8220 elementor-3705\" data-elementor-post-type=\"page\">\n\t\t\t\t\t\t<section class=\"elementor-section elementor-top-section elementor-element elementor-element-6e7ff081 elementor-section-boxed elementor-section-height-default elementor-section-height-default\" data-id=\"6e7ff081\" data-element_type=\"section\">\n\t\t\t\t\t\t<div class=\"elementor-container elementor-column-gap-default\">\n\t\t\t\t\t<div class=\"elementor-column elementor-col-100 elementor-top-column elementor-element elementor-element-9fe570e\" data-id=\"9fe570e\" data-element_type=\"column\">\n\t\t\t<div class=\"elementor-widget-wrap elementor-element-populated\">\n\t\t\t\t\t\t<div class=\"elementor-element elementor-element-735f8a1 elementor-widget elementor-widget-heading\" data-id=\"735f8a1\" data-element_type=\"widget\" data-widget_type=\"heading.default\">\n\t\t\t\t<div class=\"elementor-widget-container\">\n\t\t\t\t\t<h2 class=\"elementor-heading-title elementor-size-default\">Chi siamo<\/h2>\t\t\t\t<\/div>\n\t\t\t\t<\/div>\n\t\t\t\t<div class=\"elementor-element elementor-element-edef482 elementor-widget elementor-widget-spacer\" data-id=\"edef482\" data-element_type=\"widget\" data-widget_type=\"spacer.default\">\n\t\t\t\t<div class=\"elementor-widget-container\">\n\t\t\t\t\t\t\t<div class=\"elementor-spacer\">\n\t\t\t<div class=\"elementor-spacer-inner\"><\/div>\n\t\t<\/div>\n\t\t\t\t\t\t<\/div>\n\t\t\t\t<\/div>\n\t\t\t\t<div class=\"elementor-element elementor-element-36da955b elementor-widget elementor-widget-text-editor\" data-id=\"36da955b\" data-element_type=\"widget\" data-widget_type=\"text-editor.default\">\n\t\t\t\t<div class=\"elementor-widget-container\">\n\t\t\t\t\t\t\t\t\t<p><span style=\"font-weight: 400;\">Questa iniziativa \u00e8 stata ideata e ideata da Ricard Ustrell e Riccardo Sabbioni, che rappresentano gli ideatori del progetto.<\/span><\/p>\n<p><span style=\"font-weight: 400;\">La passione per il nostro territorio, l&#8217;amicizia tra i due colleghi, la conoscenza del prodotto turistico e locale fino al desiderio di proporre un concept innovativo adatto agli amanti della gastronomia, sono state le sinergie necessarie per questo progetto. L&#8217;idea \u00e8 nata nell&#8217;estate del 2020 dove la pandemia e il tempo a disposizione hanno permesso di dedicarsi completamente alla prima fase della progettazione.<\/span><\/p>\n<p><span style=\"font-weight: 400;\">Passo dopo passo, tra visite conoscitive con i produttori, l&#8217;avvio di collaborazioni positive e la progettazione del portale web, Gastroturismo.ch continuato a svilupparsi e crescere fino a maggio 2021 pronto per essere lanciato.<\/span><\/p>\n<p><span style=\"font-weight: 400;\">In questo momento vogliamo contribuire a evidenziare il potenziale locale promuovendo e fungendo da collegamento tra gastroturismo e agenti locali che offrono le loro esperienze gastronomiche.<\/span><\/p>\n<p><span style=\"font-weight: 400;\">Un elemento fondamentale in comune \u00e8 la forte volont\u00e0 di trasmettere le potenzialit\u00e0 ticinesi e di valorizzare ci\u00f2 che viene prodotto nel nostro cantone, trasmettendo passione, originalit\u00e0 ed esclusivit\u00e0.<\/span><\/p>\n<p><\/p>\t\t\t\t\t\t\t\t<\/div>\n\t\t\t\t<\/div>\n\t\t\t\t<section class=\"elementor-section elementor-inner-section elementor-element elementor-element-c3609fe elementor-section-boxed elementor-section-height-default elementor-section-height-default\" data-id=\"c3609fe\" data-element_type=\"section\">\n\t\t\t\t\t\t<div class=\"elementor-container elementor-column-gap-default\">\n\t\t\t\t\t<div class=\"elementor-column elementor-col-33 elementor-inner-column elementor-element elementor-element-9b54807\" data-id=\"9b54807\" data-element_type=\"column\">\n\t\t\t<div class=\"elementor-widget-wrap elementor-element-populated\">\n\t\t\t\t\t\t<div class=\"elementor-element elementor-element-42d8d73d elementor-invisible elementor-widget elementor-widget-image\" data-id=\"42d8d73d\" data-element_type=\"widget\" data-settings=\"{&quot;_animation&quot;:&quot;fadeIn&quot;}\" data-widget_type=\"image.default\">\n\t\t\t\t<div class=\"elementor-widget-container\">\n\t\t\t\t\t\t\t\t\t\t\t\t\t\t\t<img fetchpriority=\"high\" decoding=\"async\" width=\"300\" height=\"300\" src=\"https:\/\/gastroturismo.ch\/wp-content\/uploads\/2021\/06\/RU.jpg\" class=\"attachment-large size-large wp-image-3994\" alt=\"\" srcset=\"https:\/\/gastroturismo.ch\/wp-content\/uploads\/2021\/06\/RU.jpg 300w, https:\/\/gastroturismo.ch\/wp-content\/uploads\/2021\/06\/RU-100x100.jpg 100w, https:\/\/gastroturismo.ch\/wp-content\/uploads\/2021\/06\/RU-150x150.jpg 150w, https:\/\/gastroturismo.ch\/wp-content\/uploads\/2021\/06\/RU-200x200.jpg 200w\" sizes=\"(max-width: 300px) 100vw, 300px\" \/>\t\t\t\t\t\t\t\t\t\t\t\t\t\t\t<\/div>\n\t\t\t\t<\/div>\n\t\t\t\t<div class=\"elementor-element elementor-element-8a87ff3 elementor-widget elementor-widget-text-editor\" data-id=\"8a87ff3\" data-element_type=\"widget\" data-widget_type=\"text-editor.default\">\n\t\t\t\t<div class=\"elementor-widget-container\">\n\t\t\t\t\t\t\t\t\t<p><b>Ricard Ustrell<\/b><\/p>\n\t\t\t\t\t\t\t\t<\/div>\n\t\t\t\t<\/div>\n\t\t\t\t<div class=\"elementor-element elementor-element-3dbf33d2 elementor-widget elementor-widget-text-editor\" data-id=\"3dbf33d2\" data-element_type=\"widget\" data-widget_type=\"text-editor.default\">\n\t\t\t\t<div class=\"elementor-widget-container\">\n\t\t\t\t\t\t\t\t\t<ul>\n<li>Appassionato di comunicazione aziendale con focus sul digital marketing e sul graphic design.\n<\/li>\n<li>Esperienza nel coordinamento di eventi con spiccate capacit\u00e0 imprenditoriali.\n<\/li>\n<li>Flessibile, empatico, pratico, creativo, socievole, positivo e deciso.<\/li>\n<\/ul>\n\t\t\t\t\t\t\t\t<\/div>\n\t\t\t\t<\/div>\n\t\t\t\t\t<\/div>\n\t\t<\/div>\n\t\t\t\t<div class=\"elementor-column elementor-col-33 elementor-inner-column elementor-element elementor-element-6359d7d1\" data-id=\"6359d7d1\" data-element_type=\"column\">\n\t\t\t<div class=\"elementor-widget-wrap elementor-element-populated\">\n\t\t\t\t\t\t<div class=\"elementor-element elementor-element-b580e7c elementor-invisible elementor-widget elementor-widget-image\" data-id=\"b580e7c\" data-element_type=\"widget\" data-settings=\"{&quot;_animation&quot;:&quot;fadeIn&quot;}\" data-widget_type=\"image.default\">\n\t\t\t\t<div class=\"elementor-widget-container\">\n\t\t\t\t\t\t\t\t\t\t\t\t\t\t\t<img decoding=\"async\" width=\"205\" height=\"205\" src=\"https:\/\/gastroturismo.ch\/wp-content\/uploads\/2021\/06\/Sabbioni-IMG_1047.jpg\" class=\"attachment-large size-large wp-image-4004\" alt=\"\" srcset=\"https:\/\/gastroturismo.ch\/wp-content\/uploads\/2021\/06\/Sabbioni-IMG_1047.jpg 205w, https:\/\/gastroturismo.ch\/wp-content\/uploads\/2021\/06\/Sabbioni-IMG_1047-100x100.jpg 100w, https:\/\/gastroturismo.ch\/wp-content\/uploads\/2021\/06\/Sabbioni-IMG_1047-150x150.jpg 150w, https:\/\/gastroturismo.ch\/wp-content\/uploads\/2021\/06\/Sabbioni-IMG_1047-200x200.jpg 200w\" sizes=\"(max-width: 205px) 100vw, 205px\" \/>\t\t\t\t\t\t\t\t\t\t\t\t\t\t\t<\/div>\n\t\t\t\t<\/div>\n\t\t\t\t<div class=\"elementor-element elementor-element-7a7bbc25 elementor-widget elementor-widget-text-editor\" data-id=\"7a7bbc25\" data-element_type=\"widget\" data-widget_type=\"text-editor.default\">\n\t\t\t\t<div class=\"elementor-widget-container\">\n\t\t\t\t\t\t\t\t\t<p><b>Riccardo Sabbioni<\/b><\/p>\n\t\t\t\t\t\t\t\t<\/div>\n\t\t\t\t<\/div>\n\t\t\t\t<div class=\"elementor-element elementor-element-4c3e6f30 elementor-widget elementor-widget-text-editor\" data-id=\"4c3e6f30\" data-element_type=\"widget\" data-widget_type=\"text-editor.default\">\n\t\t\t\t<div class=\"elementor-widget-container\">\n\t\t\t\t\t\t\t\t\t<ul>\n<li>Specializzato in Turismo e appassionato di marketing, pubbliche relazioni e mondo della ristorazione.\n<\/li>\n<li>Fresco di studi e di un lavoro nel campo dell&#8217;organizzazione e gestione di eventi.\n<\/li>\n<li>Un passato dedicato allo sport del nuoto, dove sono stati fondati valori come la determinazione e la forza di volont\u00e0.\n<\/li>\n<li>Empatico, sensibile, socievole, positivo, testardo, puntuale e volenteroso.<\/li>\n<\/ul>\n\t\t\t\t\t\t\t\t<\/div>\n\t\t\t\t<\/div>\n\t\t\t\t\t<\/div>\n\t\t<\/div>\n\t\t\t\t<div class=\"elementor-column elementor-col-33 elementor-inner-column elementor-element elementor-element-2a8ad7f1\" data-id=\"2a8ad7f1\" data-element_type=\"column\">\n\t\t\t<div class=\"elementor-widget-wrap\">\n\t\t\t\t\t\t\t<\/div>\n\t\t<\/div>\n\t\t\t\t\t<\/div>\n\t\t<\/section>\n\t\t\t\t\t<\/div>\n\t\t<\/div>\n\t\t\t\t\t<\/div>\n\t\t<\/section>\n\t\t\t\t<\/div>\n\t\t","protected":false},"excerpt":{"rendered":"<p>Chi siamo Questa iniziativa \u00e8 stata ideata e ideata da Ricard Ustrell e Riccardo Sabbioni, che rappresentano gli ideatori del progetto. La passione per il nostro territorio, l&#8217;amicizia tra i due colleghi, la conoscenza del prodotto turistico e locale fino al desiderio di proporre un concept innovativo adatto agli amanti della gastronomia, sono state le [&hellip;]<\/p>\n","protected":false},"author":5,"featured_media":0,"parent":0,"menu_order":1,"comment_status":"closed","ping_status":"closed","template":"elementor_header_footer","meta":{"footnotes":""},"class_list":["post-8220","page","type-page","status-publish","hentry"],"_links":{"self":[{"href":"https:\/\/gastroturismo.ch\/it\/wp-json\/wp\/v2\/pages\/8220","targetHints":{"allow":["GET"]}}],"collection":[{"href":"https:\/\/gastroturismo.ch\/it\/wp-json\/wp\/v2\/pages"}],"about":[{"href":"https:\/\/gastroturismo.ch\/it\/wp-json\/wp\/v2\/types\/page"}],"author":[{"embeddable":true,"href":"https:\/\/gastroturismo.ch\/it\/wp-json\/wp\/v2\/users\/5"}],"replies":[{"embeddable":true,"href":"https:\/\/gastroturismo.ch\/it\/wp-json\/wp\/v2\/comments?post=8220"}],"version-history":[{"count":0,"href":"https:\/\/gastroturismo.ch\/it\/wp-json\/wp\/v2\/pages\/8220\/revisions"}],"wp:attachment":[{"href":"https:\/\/gastroturismo.ch\/it\/wp-json\/wp\/v2\/media?parent=8220"}],"curies":[{"name":"wp","href":"https:\/\/api.w.org\/{rel}","templated":true}]}}