{"id":9181,"date":"2022-04-18T13:24:40","date_gmt":"2022-11-24T10:11:52","guid":{"rendered":"https:\/\/gastroturismo.ch\/product\/sac-thermique-gastronomique-avec-bouteille-de-vin\/"},"modified":"2022-11-24T10:30:42","modified_gmt":"2022-11-24T10:30:42","slug":"sac-thermique-avec-bouteille-de-vin","status":"publish","type":"product","link":"https:\/\/gastroturismo.ch\/fr\/produit\/sac-thermique-avec-bouteille-de-vin\/","title":{"rendered":"Sac thermique avec bouteille de vin"},"content":{"rendered":"<p>Le nouveau sac thermique de Gastroturismo est arriv\u00e9 !<\/p>\n<p>Le nouveau gadget utile pour toute \u00e9ventualit\u00e9 parvient \u00e0 garder le froid et le chaud pendant une longue p\u00e9riode, assurant la stabilit\u00e9 du produit et sa temp\u00e9rature. Le sac peut contenir une bouteille de vin, des bi\u00e8res, d\u2019autres boissons ou des produits alimentaires.<\/p>\n<p>Pour cette premi\u00e8re \u00e9dition, nous le recommandons avec une bouteille de NONE 2021- Azienda Agricola Bianchi. 100% Solaris, raisins vinifi\u00e9s \u00e0 100% en barrique, fermentation \u00e0 basse temp\u00e9rature et \u00e9levage pendant 7 mois en barrique.<\/p>\n<p>&nbsp;<\/p>\n<p>\ud83d\udca1Disponible en version <a href=\"https:\/\/gastroturismo.ch\/product\/borsa-termica-gastroturismo\/\">single<\/a>.<\/p>\n<p>\ud83d\ude9a Livraison incluse uniquement en Suisse<\/p>\n<p>\u23f0 D\u00e9lai de livraison de 1 \u00e0 3 jours &#8211; Ne pas exp\u00e9dier le vendredi<\/p>\n","protected":false},"excerpt":{"rendered":"<p>Le nouveau sac thermique de Gastroturismo est arriv\u00e9 ! Le nouveau gadget utile pour toute \u00e9ventualit\u00e9 parvient \u00e0 garder le froid et le chaud pendant une longue p\u00e9riode, assurant la stabilit\u00e9 du produit et sa temp\u00e9rature. Le sac peut contenir une bouteille de vin, des bi\u00e8res, d\u2019autres boissons ou des produits alimentaires. Pour cette premi\u00e8re [&hellip;]<\/p>\n","protected":false},"featured_media":9159,"comment_status":"closed","ping_status":"closed","template":"","meta":[],"product_brand":[],"product_cat":[176],"product_tag":[],"class_list":{"0":"post-9181","1":"product","2":"type-product","3":"status-publish","4":"has-post-thumbnail","6":"product_cat-boutique","8":"first","9":"instock","10":"taxable","11":"shipping-taxable","12":"purchasable","13":"product-type-simple"},"_links":{"self":[{"href":"https:\/\/gastroturismo.ch\/fr\/wp-json\/wp\/v2\/product\/9181","targetHints":{"allow":["GET"]}}],"collection":[{"href":"https:\/\/gastroturismo.ch\/fr\/wp-json\/wp\/v2\/product"}],"about":[{"href":"https:\/\/gastroturismo.ch\/fr\/wp-json\/wp\/v2\/types\/product"}],"replies":[{"embeddable":true,"href":"https:\/\/gastroturismo.ch\/fr\/wp-json\/wp\/v2\/comments?post=9181"}],"version-history":[{"count":0,"href":"https:\/\/gastroturismo.ch\/fr\/wp-json\/wp\/v2\/product\/9181\/revisions"}],"wp:featuredmedia":[{"embeddable":true,"href":"https:\/\/gastroturismo.ch\/fr\/wp-json\/wp\/v2\/media\/9159"}],"wp:attachment":[{"href":"https:\/\/gastroturismo.ch\/fr\/wp-json\/wp\/v2\/media?parent=9181"}],"wp:term":[{"taxonomy":"product_brand","embeddable":true,"href":"https:\/\/gastroturismo.ch\/fr\/wp-json\/wp\/v2\/product_brand?post=9181"},{"taxonomy":"product_cat","embeddable":true,"href":"https:\/\/gastroturismo.ch\/fr\/wp-json\/wp\/v2\/product_cat?post=9181"},{"taxonomy":"product_tag","embeddable":true,"href":"https:\/\/gastroturismo.ch\/fr\/wp-json\/wp\/v2\/product_tag?post=9181"}],"curies":[{"name":"wp","href":"https:\/\/api.w.org\/{rel}","templated":true}]}}