{"id":10924,"date":"2024-10-18T07:59:19","date_gmt":"2024-10-18T07:59:19","guid":{"rendered":"https:\/\/gastroturismo.ch\/product\/stemless-wine-glass\/"},"modified":"2024-12-31T03:13:40","modified_gmt":"2024-12-31T03:13:40","slug":"stemless-wine-glass","status":"publish","type":"product","link":"https:\/\/gastroturismo.ch\/fr\/produit\/stemless-wine-glass\/","title":{"rendered":"Verre \u00e0 vin sans pied"},"content":{"rendered":"<p>Qu\u2019il s\u2019agisse d\u2019enterrements de vie de gar\u00e7on ou de jeune fille, de mariage, de f\u00eates pr\u00e9natales ou de d\u00eeners intimes, ce verre rehausse sans effort toutes les occasions. Laissez-vous tenter par l\u2019\u00e9quilibre parfait entre style et fonctionnalit\u00e9, levez votre verre \u00e0 des moments inoubliables et c\u00e9l\u00e9brez les moments de la vie.<\/p>\n<p> \u2022 Mat\u00e9riau en verre<br \/> \u2022 Design simple et \u00e9pur\u00e9<br \/> \u2022 Contenance : 15 oz (443 ml)<br \/> \u2022 Ne va pas au lave-vaisselle ou au micro-ondes<br \/> \u2022 Produit vierge provenant des \u00c9tats-Unis <\/p>\n","protected":false},"excerpt":{"rendered":"<p>Qu\u2019il s\u2019agisse d\u2019enterrements de vie de gar\u00e7on ou de jeune fille, de mariage, de f\u00eates pr\u00e9natales ou de d\u00eeners intimes, ce verre rehausse sans effort toutes les occasions. Laissez-vous tenter par l\u2019\u00e9quilibre parfait entre style et fonctionnalit\u00e9, levez votre verre \u00e0 des moments inoubliables et c\u00e9l\u00e9brez les moments de la vie. \u2022 Mat\u00e9riau en verre [&hellip;]<\/p>\n","protected":false},"featured_media":10732,"comment_status":"open","ping_status":"closed","template":"","meta":[],"product_brand":[],"product_cat":[176],"product_tag":[],"class_list":{"0":"post-10924","1":"product","2":"type-product","3":"status-publish","4":"has-post-thumbnail","6":"product_cat-boutique","8":"first","9":"instock","10":"taxable","11":"shipping-taxable","12":"purchasable","13":"product-type-simple"},"_links":{"self":[{"href":"https:\/\/gastroturismo.ch\/fr\/wp-json\/wp\/v2\/product\/10924","targetHints":{"allow":["GET"]}}],"collection":[{"href":"https:\/\/gastroturismo.ch\/fr\/wp-json\/wp\/v2\/product"}],"about":[{"href":"https:\/\/gastroturismo.ch\/fr\/wp-json\/wp\/v2\/types\/product"}],"replies":[{"embeddable":true,"href":"https:\/\/gastroturismo.ch\/fr\/wp-json\/wp\/v2\/comments?post=10924"}],"version-history":[{"count":0,"href":"https:\/\/gastroturismo.ch\/fr\/wp-json\/wp\/v2\/product\/10924\/revisions"}],"wp:featuredmedia":[{"embeddable":true,"href":"https:\/\/gastroturismo.ch\/fr\/wp-json\/wp\/v2\/media\/10732"}],"wp:attachment":[{"href":"https:\/\/gastroturismo.ch\/fr\/wp-json\/wp\/v2\/media?parent=10924"}],"wp:term":[{"taxonomy":"product_brand","embeddable":true,"href":"https:\/\/gastroturismo.ch\/fr\/wp-json\/wp\/v2\/product_brand?post=10924"},{"taxonomy":"product_cat","embeddable":true,"href":"https:\/\/gastroturismo.ch\/fr\/wp-json\/wp\/v2\/product_cat?post=10924"},{"taxonomy":"product_tag","embeddable":true,"href":"https:\/\/gastroturismo.ch\/fr\/wp-json\/wp\/v2\/product_tag?post=10924"}],"curies":[{"name":"wp","href":"https:\/\/api.w.org\/{rel}","templated":true}]}}