{"id":10921,"date":"2024-10-18T08:05:21","date_gmt":"2024-10-18T08:05:21","guid":{"rendered":"https:\/\/gastroturismo.ch\/product\/insulated-tumbler-with-a-straw\/"},"modified":"2024-12-31T03:13:39","modified_gmt":"2024-12-31T03:13:39","slug":"insulated-tumbler-with-a-straw","status":"publish","type":"product","link":"https:\/\/gastroturismo.ch\/fr\/produit\/insulated-tumbler-with-a-straw\/","title":{"rendered":"Gobelet isotherme avec une paille"},"content":{"rendered":"<p>Am\u00e9liorez votre jeu de verres et ajoutez une touche de couleur \u00e0 votre journ\u00e9e avec ce gobelet isotherme. Vive le style et la fonctionnalit\u00e9 \u00e0 chaque gorg\u00e9e !<\/p>\n<p> \u2022 Gobelet en acier inoxydable de haute qualit\u00e9<br \/> \u2022 20 oz (600 ml)<br \/> \u2022 Taille du gobelet : 4 po \u00d7 7,2 po (10,1 cm \u00d7 18,2 cm)<br \/> \u2022 Comprend une paille et un couvercle<br \/> \u2022 Produit vierge provenant de Chine et imprim\u00e9 aux \u00c9tats-Unis<\/p>\n<p> D\u00e9menti: <br \/> \u2022 Ne va pas au lave-vaisselle ou au micro-ondes. Lavage \u00e0 la main uniquement.   <br \/>  \u2022 Non \u00e9tanche. Pour \u00e9viter les fuites potentielles, nous vous recommandons de garder le gobelet debout \u00e0 tout moment. <\/p>\n","protected":false},"excerpt":{"rendered":"<p>Am\u00e9liorez votre jeu de verres et ajoutez une touche de couleur \u00e0 votre journ\u00e9e avec ce gobelet isotherme. Vive le style et la fonctionnalit\u00e9 \u00e0 chaque gorg\u00e9e ! \u2022 Gobelet en acier inoxydable de haute qualit\u00e9 \u2022 20 oz (600 ml) \u2022 Taille du gobelet : 4 po \u00d7 7,2 po (10,1 cm \u00d7 18,2 [&hellip;]<\/p>\n","protected":false},"featured_media":10754,"comment_status":"open","ping_status":"closed","template":"","meta":[],"product_brand":[],"product_cat":[176],"product_tag":[],"class_list":{"0":"post-10921","1":"product","2":"type-product","3":"status-publish","4":"has-post-thumbnail","6":"product_cat-boutique","8":"first","9":"instock","10":"taxable","11":"shipping-taxable","12":"purchasable","13":"product-type-simple"},"_links":{"self":[{"href":"https:\/\/gastroturismo.ch\/fr\/wp-json\/wp\/v2\/product\/10921","targetHints":{"allow":["GET"]}}],"collection":[{"href":"https:\/\/gastroturismo.ch\/fr\/wp-json\/wp\/v2\/product"}],"about":[{"href":"https:\/\/gastroturismo.ch\/fr\/wp-json\/wp\/v2\/types\/product"}],"replies":[{"embeddable":true,"href":"https:\/\/gastroturismo.ch\/fr\/wp-json\/wp\/v2\/comments?post=10921"}],"version-history":[{"count":0,"href":"https:\/\/gastroturismo.ch\/fr\/wp-json\/wp\/v2\/product\/10921\/revisions"}],"wp:featuredmedia":[{"embeddable":true,"href":"https:\/\/gastroturismo.ch\/fr\/wp-json\/wp\/v2\/media\/10754"}],"wp:attachment":[{"href":"https:\/\/gastroturismo.ch\/fr\/wp-json\/wp\/v2\/media?parent=10921"}],"wp:term":[{"taxonomy":"product_brand","embeddable":true,"href":"https:\/\/gastroturismo.ch\/fr\/wp-json\/wp\/v2\/product_brand?post=10921"},{"taxonomy":"product_cat","embeddable":true,"href":"https:\/\/gastroturismo.ch\/fr\/wp-json\/wp\/v2\/product_cat?post=10921"},{"taxonomy":"product_tag","embeddable":true,"href":"https:\/\/gastroturismo.ch\/fr\/wp-json\/wp\/v2\/product_tag?post=10921"}],"curies":[{"name":"wp","href":"https:\/\/api.w.org\/{rel}","templated":true}]}}