{"id":10918,"date":"2024-10-18T08:06:38","date_gmt":"2024-10-18T08:06:38","guid":{"rendered":"https:\/\/gastroturismo.ch\/product\/wine-tumbler\/"},"modified":"2024-12-31T03:13:41","modified_gmt":"2024-12-31T03:13:41","slug":"wine-tumbler","status":"publish","type":"product","link":"https:\/\/gastroturismo.ch\/fr\/produit\/wine-tumbler\/","title":{"rendered":"Gobelet \u00e0 vin"},"content":{"rendered":"<p>Qu\u2019est-ce qu\u2019une f\u00eate en plein air sans gobelet \u00e0 vin pour garder une boisson fra\u00eeche et \u00e0 la bonne temp\u00e9rature ? Oubliez les verres cassables &#8211; donnez une chance \u00e0 ce gobelet \u00e0 vin de forme unique et amusez-vous avec des amis sans souci.<\/p>\n<p> \u2022 12 oz (355 ml)<br \/> \u2022 Taille du gobelet : 4,7 po \u00d7 3,5 po (12 cm \u00d7 9 cm)<br \/> \u2022 Acier inoxydable de haute qualit\u00e9 <br \/> \u2022 Scellage sous vide \u00e0 double paroi<br \/> \u2022 Forme incurv\u00e9e et unique <\/p>\n","protected":false},"excerpt":{"rendered":"<p>Qu\u2019est-ce qu\u2019une f\u00eate en plein air sans gobelet \u00e0 vin pour garder une boisson fra\u00eeche et \u00e0 la bonne temp\u00e9rature ? Oubliez les verres cassables &#8211; donnez une chance \u00e0 ce gobelet \u00e0 vin de forme unique et amusez-vous avec des amis sans souci. \u2022 12 oz (355 ml) \u2022 Taille du gobelet : 4,7 [&hellip;]<\/p>\n","protected":false},"featured_media":10772,"comment_status":"open","ping_status":"closed","template":"","meta":[],"product_brand":[],"product_cat":[176],"product_tag":[],"class_list":{"0":"post-10918","1":"product","2":"type-product","3":"status-publish","4":"has-post-thumbnail","6":"product_cat-boutique","8":"first","9":"instock","10":"taxable","11":"shipping-taxable","12":"purchasable","13":"product-type-simple"},"_links":{"self":[{"href":"https:\/\/gastroturismo.ch\/fr\/wp-json\/wp\/v2\/product\/10918","targetHints":{"allow":["GET"]}}],"collection":[{"href":"https:\/\/gastroturismo.ch\/fr\/wp-json\/wp\/v2\/product"}],"about":[{"href":"https:\/\/gastroturismo.ch\/fr\/wp-json\/wp\/v2\/types\/product"}],"replies":[{"embeddable":true,"href":"https:\/\/gastroturismo.ch\/fr\/wp-json\/wp\/v2\/comments?post=10918"}],"version-history":[{"count":0,"href":"https:\/\/gastroturismo.ch\/fr\/wp-json\/wp\/v2\/product\/10918\/revisions"}],"wp:featuredmedia":[{"embeddable":true,"href":"https:\/\/gastroturismo.ch\/fr\/wp-json\/wp\/v2\/media\/10772"}],"wp:attachment":[{"href":"https:\/\/gastroturismo.ch\/fr\/wp-json\/wp\/v2\/media?parent=10918"}],"wp:term":[{"taxonomy":"product_brand","embeddable":true,"href":"https:\/\/gastroturismo.ch\/fr\/wp-json\/wp\/v2\/product_brand?post=10918"},{"taxonomy":"product_cat","embeddable":true,"href":"https:\/\/gastroturismo.ch\/fr\/wp-json\/wp\/v2\/product_cat?post=10918"},{"taxonomy":"product_tag","embeddable":true,"href":"https:\/\/gastroturismo.ch\/fr\/wp-json\/wp\/v2\/product_tag?post=10918"}],"curies":[{"name":"wp","href":"https:\/\/api.w.org\/{rel}","templated":true}]}}