{"id":10915,"date":"2024-10-18T08:07:25","date_gmt":"2024-10-18T08:07:25","guid":{"rendered":"https:\/\/gastroturismo.ch\/product\/cork-back-coaster\/"},"modified":"2024-12-31T03:13:46","modified_gmt":"2024-12-31T03:13:46","slug":"cork-back-coaster","status":"publish","type":"product","link":"https:\/\/gastroturismo.ch\/fr\/produit\/cork-back-coaster\/","title":{"rendered":"Sous-verre en li\u00e8ge"},"content":{"rendered":"<p>Ce sous-verre \u00e0 dos en li\u00e8ge s\u2019accorde parfaitement avec votre tasse pr\u00e9f\u00e9r\u00e9e ! Cr\u00e9ez une atmosph\u00e8re chaleureuse tout en prot\u00e9geant votre table basse ou votre table de chevet des taches de tasse et de l\u2019humidit\u00e9. Le sous-verre est imperm\u00e9able et r\u00e9sistant \u00e0 la chaleur, con\u00e7u pour durer longtemps. Achetez-le pour vous-m\u00eame ou comme cadeau pour vos amis et votre famille.<\/p>\n<p> \u2022 Panneau dur MDF 0,12&Prime; (3 mm)<br \/> \u2022 Li\u00e8ge 0,04&Prime; (1 mm)<br \/> \u2022 Rev\u00eatement brillant sur le dessus<br \/> \u2022 Taille&nbsp;: 3,74&nbsp;\u00bb \u00d7 3,74&nbsp;\u00bb \u00d7 0,16&nbsp;\u00bb (95 \u00d7 95 \u00d7 4 mm)<br \/> \u2022 Coins arrondis<br \/> \u2022 Hydrofuge, r\u00e9sistant \u00e0 la chaleur et antid\u00e9rapant<br \/> \u2022 Facile \u00e0 nettoyer<\/p>\n<p> Le prix affich\u00e9 est pour un seul article.   <\/p>\n","protected":false},"excerpt":{"rendered":"<p>Ce sous-verre \u00e0 dos en li\u00e8ge s\u2019accorde parfaitement avec votre tasse pr\u00e9f\u00e9r\u00e9e ! Cr\u00e9ez une atmosph\u00e8re chaleureuse tout en prot\u00e9geant votre table basse ou votre table de chevet des taches de tasse et de l\u2019humidit\u00e9. Le sous-verre est imperm\u00e9able et r\u00e9sistant \u00e0 la chaleur, con\u00e7u pour durer longtemps. Achetez-le pour vous-m\u00eame ou comme cadeau pour [&hellip;]<\/p>\n","protected":false},"featured_media":10790,"comment_status":"open","ping_status":"closed","template":"","meta":[],"product_brand":[],"product_cat":[176],"product_tag":[],"class_list":{"0":"post-10915","1":"product","2":"type-product","3":"status-publish","4":"has-post-thumbnail","6":"product_cat-boutique","8":"first","9":"instock","10":"taxable","11":"shipping-taxable","12":"purchasable","13":"product-type-simple"},"_links":{"self":[{"href":"https:\/\/gastroturismo.ch\/fr\/wp-json\/wp\/v2\/product\/10915","targetHints":{"allow":["GET"]}}],"collection":[{"href":"https:\/\/gastroturismo.ch\/fr\/wp-json\/wp\/v2\/product"}],"about":[{"href":"https:\/\/gastroturismo.ch\/fr\/wp-json\/wp\/v2\/types\/product"}],"replies":[{"embeddable":true,"href":"https:\/\/gastroturismo.ch\/fr\/wp-json\/wp\/v2\/comments?post=10915"}],"version-history":[{"count":0,"href":"https:\/\/gastroturismo.ch\/fr\/wp-json\/wp\/v2\/product\/10915\/revisions"}],"wp:featuredmedia":[{"embeddable":true,"href":"https:\/\/gastroturismo.ch\/fr\/wp-json\/wp\/v2\/media\/10790"}],"wp:attachment":[{"href":"https:\/\/gastroturismo.ch\/fr\/wp-json\/wp\/v2\/media?parent=10915"}],"wp:term":[{"taxonomy":"product_brand","embeddable":true,"href":"https:\/\/gastroturismo.ch\/fr\/wp-json\/wp\/v2\/product_brand?post=10915"},{"taxonomy":"product_cat","embeddable":true,"href":"https:\/\/gastroturismo.ch\/fr\/wp-json\/wp\/v2\/product_cat?post=10915"},{"taxonomy":"product_tag","embeddable":true,"href":"https:\/\/gastroturismo.ch\/fr\/wp-json\/wp\/v2\/product_tag?post=10915"}],"curies":[{"name":"wp","href":"https:\/\/api.w.org\/{rel}","templated":true}]}}