{"id":10906,"date":"2024-10-18T08:09:54","date_gmt":"2024-10-18T08:09:54","guid":{"rendered":"https:\/\/gastroturismo.ch\/product\/can-cooler\/"},"modified":"2024-12-31T03:13:47","modified_gmt":"2024-12-31T03:13:47","slug":"can-cooler","status":"publish","type":"product","link":"https:\/\/gastroturismo.ch\/fr\/produit\/can-cooler\/","title":{"rendered":"Glaci\u00e8re de canettes"},"content":{"rendered":"<p>Ajoutez une touche personnelle \u00e0 vos s\u00e9ances de d\u00e9gustation ! Cette glaci\u00e8re \u00e0 canettes double face est disponible en deux tailles pour s\u2019adapter \u00e0 vos canettes r\u00e9guli\u00e8res et minces. Fabriqu\u00e9 \u00e0 partir de caoutchouc synth\u00e9tique de haute qualit\u00e9, il garde vos boissons au frais et vos mains au chaud. <\/p>\n<p> \u2022 Fabriqu\u00e9 en n\u00e9opr\u00e8ne <br \/> \u2022Imperm\u00e9able<br \/> \u2022 Personnalisation bi-taille<br \/> \u2022 Coutures c\u00f4tel\u00e9es<br \/> \u2022 R\u00e9gulier 5&nbsp;\u00bb \u00d7 4&nbsp;\u00bb (12 \u00d7 10 cm), ou mince 6,5&nbsp;\u00bb \u00d7 3,2&nbsp;\u00bb (17 \u00d7 8 cm)<br \/> \u2022 Nettoyez les taches au besoin<br \/> \u2022 Produit vierge provenant de Chine et imprim\u00e9 aux \u00c9tats-Unis<\/p>\n<p> Ce produit est fabriqu\u00e9 sur demande. Aucun minimum.   <\/p>\n","protected":false},"excerpt":{"rendered":"<p>Ajoutez une touche personnelle \u00e0 vos s\u00e9ances de d\u00e9gustation ! Cette glaci\u00e8re \u00e0 canettes double face est disponible en deux tailles pour s\u2019adapter \u00e0 vos canettes r\u00e9guli\u00e8res et minces. Fabriqu\u00e9 \u00e0 partir de caoutchouc synth\u00e9tique de haute qualit\u00e9, il garde vos boissons au frais et vos mains au chaud. \u2022 Fabriqu\u00e9 en n\u00e9opr\u00e8ne \u2022Imperm\u00e9able \u2022 [&hellip;]<\/p>\n","protected":false},"featured_media":10798,"comment_status":"open","ping_status":"closed","template":"","meta":[],"product_brand":[],"product_cat":[220],"product_tag":[],"class_list":{"0":"post-10906","1":"product","2":"type-product","3":"status-publish","4":"has-post-thumbnail","6":"product_cat-accessories-fr","8":"first","9":"instock","10":"taxable","11":"shipping-taxable","12":"purchasable","13":"product-type-variable"},"_links":{"self":[{"href":"https:\/\/gastroturismo.ch\/fr\/wp-json\/wp\/v2\/product\/10906","targetHints":{"allow":["GET"]}}],"collection":[{"href":"https:\/\/gastroturismo.ch\/fr\/wp-json\/wp\/v2\/product"}],"about":[{"href":"https:\/\/gastroturismo.ch\/fr\/wp-json\/wp\/v2\/types\/product"}],"replies":[{"embeddable":true,"href":"https:\/\/gastroturismo.ch\/fr\/wp-json\/wp\/v2\/comments?post=10906"}],"version-history":[{"count":0,"href":"https:\/\/gastroturismo.ch\/fr\/wp-json\/wp\/v2\/product\/10906\/revisions"}],"wp:featuredmedia":[{"embeddable":true,"href":"https:\/\/gastroturismo.ch\/fr\/wp-json\/wp\/v2\/media\/10798"}],"wp:attachment":[{"href":"https:\/\/gastroturismo.ch\/fr\/wp-json\/wp\/v2\/media?parent=10906"}],"wp:term":[{"taxonomy":"product_brand","embeddable":true,"href":"https:\/\/gastroturismo.ch\/fr\/wp-json\/wp\/v2\/product_brand?post=10906"},{"taxonomy":"product_cat","embeddable":true,"href":"https:\/\/gastroturismo.ch\/fr\/wp-json\/wp\/v2\/product_cat?post=10906"},{"taxonomy":"product_tag","embeddable":true,"href":"https:\/\/gastroturismo.ch\/fr\/wp-json\/wp\/v2\/product_tag?post=10906"}],"curies":[{"name":"wp","href":"https:\/\/api.w.org\/{rel}","templated":true}]}}