{"id":10903,"date":"2024-10-18T08:10:35","date_gmt":"2024-10-18T08:10:35","guid":{"rendered":"https:\/\/gastroturismo.ch\/product\/stainless-steel-water-bottle\/"},"modified":"2024-12-31T03:13:47","modified_gmt":"2024-12-31T03:13:47","slug":"stainless-steel-water-bottle","status":"publish","type":"product","link":"https:\/\/gastroturismo.ch\/fr\/produit\/stainless-steel-water-bottle\/","title":{"rendered":"Bouteille d\u2019eau en acier inoxydable"},"content":{"rendered":"<p>Cette bouteille d\u2019eau en acier inoxydable \u00e0 double paroi de 17 onces est parfaite pour vos sorties quotidiennes. Il gardera la boisson de votre choix chaude ou froide pendant des heures. Il dispose \u00e9galement d\u2019un capuchon \u00e9tanche aux odeurs et aux fuites. Jetez-le dans le porte-gobelet de votre voiture sur le chemin du travail, emportez-le avec vous lors de vos randonn\u00e9es ou jetez-le dans votre sac chaque fois que vous avez soif.   <\/p>\n<p>  \u2022 Acier inoxydable de haute qualit\u00e9<br \/>  \u2022 17 oz (500 ml)<br \/>  \u2022 Dimensions : 10,5 po \u00d7 2,85 po (27 \u00d7 7 cm)<br \/>  \u2022 Bouteille isotherme<br \/>  \u2022 Construction \u00e0 double paroi<br \/>  \u2022 Forme de quille de bowling<br \/>  \u2022 Finition brillante<br \/>  \u2022 Bouchon inodore et \u00e9tanche<br \/>  \u2022 Isol\u00e9 pour les liquides chauds et froids (maintient le liquide chaud ou froid pendant 6 h)<br \/>  \u2022 Rev\u00eatement ORCA brevet\u00e9 pour des couleurs vives<br \/> \u2022 Lavage \u00e0 la main uniquement<br \/> \u2022 Produit vierge provenant de Chine<\/p>\n<p> Avertissement : Garder l\u2019eau dans la bouteille pendant plus de 24 heures n\u2019est pas hygi\u00e9nique et peut entra\u00eener une odeur d\u00e9sagr\u00e9able.<\/p>\n","protected":false},"excerpt":{"rendered":"<p>Cette bouteille d\u2019eau en acier inoxydable \u00e0 double paroi de 17 onces est parfaite pour vos sorties quotidiennes. Il gardera la boisson de votre choix chaude ou froide pendant des heures. Il dispose \u00e9galement d\u2019un capuchon \u00e9tanche aux odeurs et aux fuites. Jetez-le dans le porte-gobelet de votre voiture sur le chemin du travail, emportez-le [&hellip;]<\/p>\n","protected":false},"featured_media":10808,"comment_status":"open","ping_status":"closed","template":"","meta":[],"product_brand":[],"product_cat":[176],"product_tag":[],"class_list":{"0":"post-10903","1":"product","2":"type-product","3":"status-publish","4":"has-post-thumbnail","6":"product_cat-boutique","8":"first","9":"instock","10":"taxable","11":"shipping-taxable","12":"purchasable","13":"product-type-simple"},"_links":{"self":[{"href":"https:\/\/gastroturismo.ch\/fr\/wp-json\/wp\/v2\/product\/10903","targetHints":{"allow":["GET"]}}],"collection":[{"href":"https:\/\/gastroturismo.ch\/fr\/wp-json\/wp\/v2\/product"}],"about":[{"href":"https:\/\/gastroturismo.ch\/fr\/wp-json\/wp\/v2\/types\/product"}],"replies":[{"embeddable":true,"href":"https:\/\/gastroturismo.ch\/fr\/wp-json\/wp\/v2\/comments?post=10903"}],"version-history":[{"count":0,"href":"https:\/\/gastroturismo.ch\/fr\/wp-json\/wp\/v2\/product\/10903\/revisions"}],"wp:featuredmedia":[{"embeddable":true,"href":"https:\/\/gastroturismo.ch\/fr\/wp-json\/wp\/v2\/media\/10808"}],"wp:attachment":[{"href":"https:\/\/gastroturismo.ch\/fr\/wp-json\/wp\/v2\/media?parent=10903"}],"wp:term":[{"taxonomy":"product_brand","embeddable":true,"href":"https:\/\/gastroturismo.ch\/fr\/wp-json\/wp\/v2\/product_brand?post=10903"},{"taxonomy":"product_cat","embeddable":true,"href":"https:\/\/gastroturismo.ch\/fr\/wp-json\/wp\/v2\/product_cat?post=10903"},{"taxonomy":"product_tag","embeddable":true,"href":"https:\/\/gastroturismo.ch\/fr\/wp-json\/wp\/v2\/product_tag?post=10903"}],"curies":[{"name":"wp","href":"https:\/\/api.w.org\/{rel}","templated":true}]}}