{"id":10900,"date":"2024-10-18T08:11:16","date_gmt":"2024-10-18T08:11:16","guid":{"rendered":"https:\/\/gastroturismo.ch\/product\/rocks-glass\/"},"modified":"2024-12-31T03:13:52","modified_gmt":"2024-12-31T03:13:52","slug":"rocks-glass","status":"publish","type":"product","link":"https:\/\/gastroturismo.ch\/fr\/produit\/rocks-glass\/","title":{"rendered":"Verre de roches"},"content":{"rendered":"<p>Gardez la classe avec cet \u00e9l\u00e9gant verre \u00e0 whisky. Id\u00e9al pour les amateurs de whisky et de cocktails, il pr\u00e9sente un style classique et est fabriqu\u00e9 \u00e0 partir de verre robuste et de qualit\u00e9. <\/p>\n<p> \u2022 Mat\u00e9riau en verre<br \/> \u2022 Contenance : 10,5 oz (311 ml)<br \/> \u2022 Hauteur : 3,4 po (8,64 cm)<br \/> \u2022 Diam\u00e8tre : 3,2&Prime; (8,13 cm)<br \/> \u2022 Produit vierge provenant des \u00c9tats-Unis<\/p>\n<p> Avis de non-responsabilit\u00e9 : Ne va pas au lave-vaisselle ou au micro-ondes. Lavage \u00e0 la main uniquement.   <\/p>\n","protected":false},"excerpt":{"rendered":"<p>Gardez la classe avec cet \u00e9l\u00e9gant verre \u00e0 whisky. Id\u00e9al pour les amateurs de whisky et de cocktails, il pr\u00e9sente un style classique et est fabriqu\u00e9 \u00e0 partir de verre robuste et de qualit\u00e9. \u2022 Mat\u00e9riau en verre \u2022 Contenance : 10,5 oz (311 ml) \u2022 Hauteur : 3,4 po (8,64 cm) \u2022 Diam\u00e8tre : [&hellip;]<\/p>\n","protected":false},"featured_media":10826,"comment_status":"open","ping_status":"closed","template":"","meta":[],"product_brand":[],"product_cat":[176],"product_tag":[],"class_list":{"0":"post-10900","1":"product","2":"type-product","3":"status-publish","4":"has-post-thumbnail","6":"product_cat-boutique","8":"first","9":"instock","10":"taxable","11":"shipping-taxable","12":"purchasable","13":"product-type-simple"},"_links":{"self":[{"href":"https:\/\/gastroturismo.ch\/fr\/wp-json\/wp\/v2\/product\/10900","targetHints":{"allow":["GET"]}}],"collection":[{"href":"https:\/\/gastroturismo.ch\/fr\/wp-json\/wp\/v2\/product"}],"about":[{"href":"https:\/\/gastroturismo.ch\/fr\/wp-json\/wp\/v2\/types\/product"}],"replies":[{"embeddable":true,"href":"https:\/\/gastroturismo.ch\/fr\/wp-json\/wp\/v2\/comments?post=10900"}],"version-history":[{"count":0,"href":"https:\/\/gastroturismo.ch\/fr\/wp-json\/wp\/v2\/product\/10900\/revisions"}],"wp:featuredmedia":[{"embeddable":true,"href":"https:\/\/gastroturismo.ch\/fr\/wp-json\/wp\/v2\/media\/10826"}],"wp:attachment":[{"href":"https:\/\/gastroturismo.ch\/fr\/wp-json\/wp\/v2\/media?parent=10900"}],"wp:term":[{"taxonomy":"product_brand","embeddable":true,"href":"https:\/\/gastroturismo.ch\/fr\/wp-json\/wp\/v2\/product_brand?post=10900"},{"taxonomy":"product_cat","embeddable":true,"href":"https:\/\/gastroturismo.ch\/fr\/wp-json\/wp\/v2\/product_cat?post=10900"},{"taxonomy":"product_tag","embeddable":true,"href":"https:\/\/gastroturismo.ch\/fr\/wp-json\/wp\/v2\/product_tag?post=10900"}],"curies":[{"name":"wp","href":"https:\/\/api.w.org\/{rel}","templated":true}]}}