{"id":10897,"date":"2024-10-18T08:12:04","date_gmt":"2024-10-18T08:12:04","guid":{"rendered":"https:\/\/gastroturismo.ch\/product\/tote-bag\/"},"modified":"2024-12-31T03:13:54","modified_gmt":"2024-12-31T03:13:54","slug":"tote-bag","status":"publish","type":"product","link":"https:\/\/gastroturismo.ch\/fr\/produit\/tote-bag\/","title":{"rendered":"Sac fourre-tout"},"content":{"rendered":"<p>Un sac fourre-tout spacieux et tendance pour vous aider \u00e0 transporter tout ce qui compte.<\/p>\n<p>  \u2022 100% polyester<br \/>  \u2022 Taille du sac : 15 po \u00d7 15 po (38,1 \u00d7 38,1 cm)<br \/>  \u2022 Capacit\u00e9 : 10 l (2,6 gal US)<br \/>  \u2022 Limite de poids maximale : 44 lb (20 kg)<br \/>  \u2022 Deux poign\u00e9es en denim de taureau 100% coton naturel<br \/>  \u2022 Longueur de la poign\u00e9e 11,8&nbsp;\u00bb (30 cm), largeur 1&nbsp;\u00bb (2,5 cm)<br \/> \u2022 Les poign\u00e9es peuvent l\u00e9g\u00e8rement diff\u00e9rer en fonction du lieu d\u2019ex\u00e9cution<br \/> \u2022 Composants de produits vierges provenant d\u2019Isra\u00ebl<\/p>\n<p> Ce produit est fait sp\u00e9cialement pour vous d\u00e8s que vous passez une commande, c\u2019est pourquoi il nous faut un peu plus de temps pour vous le livrer. Fabriquer des produits \u00e0 la demande plut\u00f4t qu\u2019en vrac permet de r\u00e9duire la surproduction, alors merci de prendre des d\u00e9cisions d\u2019achat r\u00e9fl\u00e9chies ! <\/p>\n","protected":false},"excerpt":{"rendered":"<p>Un sac fourre-tout spacieux et tendance pour vous aider \u00e0 transporter tout ce qui compte. \u2022 100% polyester \u2022 Taille du sac : 15 po \u00d7 15 po (38,1 \u00d7 38,1 cm) \u2022 Capacit\u00e9 : 10 l (2,6 gal US) \u2022 Limite de poids maximale : 44 lb (20 kg) \u2022 Deux poign\u00e9es en denim [&hellip;]<\/p>\n","protected":false},"featured_media":10844,"comment_status":"open","ping_status":"closed","template":"","meta":[],"product_brand":[],"product_cat":[176],"product_tag":[],"class_list":{"0":"post-10897","1":"product","2":"type-product","3":"status-publish","4":"has-post-thumbnail","6":"product_cat-boutique","8":"first","9":"instock","10":"taxable","11":"shipping-taxable","12":"purchasable","13":"product-type-simple"},"_links":{"self":[{"href":"https:\/\/gastroturismo.ch\/fr\/wp-json\/wp\/v2\/product\/10897","targetHints":{"allow":["GET"]}}],"collection":[{"href":"https:\/\/gastroturismo.ch\/fr\/wp-json\/wp\/v2\/product"}],"about":[{"href":"https:\/\/gastroturismo.ch\/fr\/wp-json\/wp\/v2\/types\/product"}],"replies":[{"embeddable":true,"href":"https:\/\/gastroturismo.ch\/fr\/wp-json\/wp\/v2\/comments?post=10897"}],"version-history":[{"count":0,"href":"https:\/\/gastroturismo.ch\/fr\/wp-json\/wp\/v2\/product\/10897\/revisions"}],"wp:featuredmedia":[{"embeddable":true,"href":"https:\/\/gastroturismo.ch\/fr\/wp-json\/wp\/v2\/media\/10844"}],"wp:attachment":[{"href":"https:\/\/gastroturismo.ch\/fr\/wp-json\/wp\/v2\/media?parent=10897"}],"wp:term":[{"taxonomy":"product_brand","embeddable":true,"href":"https:\/\/gastroturismo.ch\/fr\/wp-json\/wp\/v2\/product_brand?post=10897"},{"taxonomy":"product_cat","embeddable":true,"href":"https:\/\/gastroturismo.ch\/fr\/wp-json\/wp\/v2\/product_cat?post=10897"},{"taxonomy":"product_tag","embeddable":true,"href":"https:\/\/gastroturismo.ch\/fr\/wp-json\/wp\/v2\/product_tag?post=10897"}],"curies":[{"name":"wp","href":"https:\/\/api.w.org\/{rel}","templated":true}]}}