{"id":10888,"date":"2024-10-18T08:13:47","date_gmt":"2024-10-18T08:13:47","guid":{"rendered":"https:\/\/gastroturismo.ch\/product\/set-of-pin-buttons\/"},"modified":"2024-12-31T03:13:53","modified_gmt":"2024-12-31T03:13:53","slug":"set-of-pin-buttons","status":"publish","type":"product","link":"https:\/\/gastroturismo.ch\/fr\/produit\/set-of-pin-buttons\/","title":{"rendered":"Ensemble de boutons \u00e0 \u00e9pingle"},"content":{"rendered":"<p>Exprimez-vous de mani\u00e8re significative avec des boutons \u00e0 \u00e9pingle de qualit\u00e9 sup\u00e9rieure. Ils sont l\u00e9gers, robustes et faciles \u00e0 enfiler. Avec un rev\u00eatement r\u00e9sistant aux rayures et aux UV et une finition brillante, ces boutons \u00e9pingles sont faits pour durer. Montrez les choses qui vous tiennent \u00e0 c\u0153ur et ajoutez une touche de personnalit\u00e9 \u00e0 vos v\u00eatements ou accessoires avec des boutons \u00e9pingles vibrants. <\/p>\n<p> \u2022 Ils sont livr\u00e9s dans un ensemble de 5 <br \/> \u2022 Fabriqu\u00e9 en fer blanc<br \/> \u2022 Rev\u00eatement mylar r\u00e9sistant aux rayures et aux UV<br \/> \u2022 Finition brillante<br \/> \u2022 Facile \u00e0 enfiler   <\/p>\n","protected":false},"excerpt":{"rendered":"<p>Exprimez-vous de mani\u00e8re significative avec des boutons \u00e0 \u00e9pingle de qualit\u00e9 sup\u00e9rieure. Ils sont l\u00e9gers, robustes et faciles \u00e0 enfiler. Avec un rev\u00eatement r\u00e9sistant aux rayures et aux UV et une finition brillante, ces boutons \u00e9pingles sont faits pour durer. Montrez les choses qui vous tiennent \u00e0 c\u0153ur et ajoutez une touche de personnalit\u00e9 \u00e0 [&hellip;]<\/p>\n","protected":false},"featured_media":10852,"comment_status":"open","ping_status":"closed","template":"","meta":[],"product_brand":[],"product_cat":[176],"product_tag":[],"class_list":{"0":"post-10888","1":"product","2":"type-product","3":"status-publish","4":"has-post-thumbnail","6":"product_cat-boutique","8":"first","9":"instock","10":"taxable","11":"shipping-taxable","12":"purchasable","13":"product-type-variable"},"_links":{"self":[{"href":"https:\/\/gastroturismo.ch\/fr\/wp-json\/wp\/v2\/product\/10888","targetHints":{"allow":["GET"]}}],"collection":[{"href":"https:\/\/gastroturismo.ch\/fr\/wp-json\/wp\/v2\/product"}],"about":[{"href":"https:\/\/gastroturismo.ch\/fr\/wp-json\/wp\/v2\/types\/product"}],"replies":[{"embeddable":true,"href":"https:\/\/gastroturismo.ch\/fr\/wp-json\/wp\/v2\/comments?post=10888"}],"version-history":[{"count":0,"href":"https:\/\/gastroturismo.ch\/fr\/wp-json\/wp\/v2\/product\/10888\/revisions"}],"wp:featuredmedia":[{"embeddable":true,"href":"https:\/\/gastroturismo.ch\/fr\/wp-json\/wp\/v2\/media\/10852"}],"wp:attachment":[{"href":"https:\/\/gastroturismo.ch\/fr\/wp-json\/wp\/v2\/media?parent=10888"}],"wp:term":[{"taxonomy":"product_brand","embeddable":true,"href":"https:\/\/gastroturismo.ch\/fr\/wp-json\/wp\/v2\/product_brand?post=10888"},{"taxonomy":"product_cat","embeddable":true,"href":"https:\/\/gastroturismo.ch\/fr\/wp-json\/wp\/v2\/product_cat?post=10888"},{"taxonomy":"product_tag","embeddable":true,"href":"https:\/\/gastroturismo.ch\/fr\/wp-json\/wp\/v2\/product_tag?post=10888"}],"curies":[{"name":"wp","href":"https:\/\/api.w.org\/{rel}","templated":true}]}}