{"id":2766,"date":"2021-04-17T07:36:21","date_gmt":"2021-04-17T07:36:21","guid":{"rendered":"https:\/\/gastroturismo.ch\/formaggiusto-2\/"},"modified":"2021-12-11T17:56:19","modified_gmt":"2021-12-11T17:56:19","slug":"formaggiustofromage","status":"publish","type":"page","link":"https:\/\/gastroturismo.ch\/fr\/formaggiustofromage\/","title":{"rendered":"Formaggiusto"},"content":{"rendered":"<p>[vc_row][vc_column][vc_separator color=\u00a0\u00bbwhite\u00a0\u00bb][vc_single_image image=\u00a0\u00bb2496&Prime; img_size=\u00a0\u00bbmedium\u00a0\u00bb][\/vc_column][\/vc_row][vc_row][vc_column][vc_column_text]Apr\u00e8s des ann\u00e9es d\u2019activit\u00e9 dans le secteur laitier, Marco et Hans ont franchi en 2010 leur chemin professionnel et ont lanc\u00e9 un nouveau d\u00e9fi en ouvrant \u00abFormaggiusto\u00bb pour mettre \u00e0 la disposition de leurs clients l\u2019exp\u00e9rience acquise, le professionnalisme et la passion.[\/vc_column_text][vc_tta_tabs style=\u00a0\u00bbmodern\u00a0\u00bb active_section=\u00a0\u00bb1&Prime;][vc_tta_section title=\u00a0\u00bbVue d\u2019ensemble\u00a0\u00bb tab_id=\u00a0\u00bb1475569789470-4a7e00b7-936f\u00a0\u00bb][vc_separator color=\u00a0\u00bbcustom\u00a0\u00bb accent_color=\u00a0\u00bb#f8f8f8&Prime;][vc_column_text css=\u00a0\u00bb.vc_custom_1625127199377{margin-right: 20px !important;margin-left: 20px !important;}\u00a0\u00bb]Formaggiusto n\u2019est en effet pas une simple boutique mais une v\u00e9ritable \u00ab Fromagerie \u00bb o\u00f9 l\u2019on peut conna\u00eetre, d\u00e9guster et acheter une tr\u00e8s riche s\u00e9lection de produits, avec une attention particuli\u00e8re aux fromages d\u2019alpage Ticinesi AOP, v\u00e9ritable excellence de notre territoire.<\/p>\n<p>Marco et Hans vous attendent du mardi au vendredi de 9h \u00e0 18h et le samedi de 9h \u00e0 16h. \u00c0 La Riseria di Taverne, 6807 Taverne.<\/p>\n<p>Les clients ou les touristes qui veulent se rendre en formation les jours de pluie pour organiser une d\u00e9gustation de fromages sur mesure sont toujours les bienvenus! N\u2019h\u00e9sitez pas \u00e0 nous contacter pour organiser votre d\u00e9gustation![\/vc_column_text][vc_single_image image=\u00a0\u00bb2500&Prime; img_size=\u00a0\u00bbfull\u00a0\u00bb alignment=\u00a0\u00bbcenter\u00a0\u00bb][\/vc_tta_section][vc_tta_section title=\u00a0\u00bbFromage\u00a0\u00bb tab_id=\u00a0\u00bb1474979016000-b7d82cbb-ff6d\u00a0\u00bb][vc_separator color=\u00a0\u00bbcustom\u00a0\u00bb accent_color=\u00a0\u00bb#f8f8f8&Prime;][vc_column_text css=\u00a0\u00bb.vc_custom_1639244913454{margin-right: 20px !important;margin-left: 20px !important;}\u00a0\u00bb]Nous vous proposons, outre l\u2019offre classique, un choix unique au Tessin! Fromages de sp\u00e9cialit\u00e9 fran\u00e7aise \u00e0 base de lait de vache, de lait de ch\u00e8vre et d\u2019ovin. Ne manquez pas cette d\u00e9licieuse proposition du mois de juin \u00e0 Formaggiusto! Nous vous attendons \u00e0 Taverne dans notre boutique, pour vous proposer ce que vous aimez le plus et vous rend gourmand.[\/vc_column_text][vc_gallery interval=\u00a0\u00bb3&Prime; images=\u00a0\u00bb4611,4615,4619,4623,4631,4635&Prime; img_size=\u00a0\u00bbfull\u00a0\u00bb][\/vc_tta_section][vc_tta_section title=\u00a0\u00bbContact\u00a0\u00bb tab_id=\u00a0\u00bb1616689925925-cbceb0a6-0246&Prime;][vc_separator color=\u00a0\u00bbcustom\u00a0\u00bb accent_color=\u00a0\u00bb#f8f8f8&Prime;][vc_column_text css=\u00a0\u00bb.vc_custom_1625127230021{margin-right: 20px !important;margin-left: 20px !important;}\u00a0\u00bb]FORMAGGIUSTO<br \/>\n\u00c0 La Riseria di Taverne, 6807 Taverne.<br \/>\nMarco Carmignola &#8211; T\u00e9l. +41 78 839 21 79<br \/>\nHans van der Linden &#8211; T\u00e9l. +41 78 945 55 72<br \/>\n<a href=\"http:\/\/www.formaggiusto.ch\" target=\"_blank\" rel=\"noopener\">www.formaggiusto.ch<\/a> &#8211; Courriel info@formaggiusto.ch[\/vc_column_text][vc_separator color=\u00a0\u00bbcustom\u00a0\u00bb accent_color=\u00a0\u00bb#f8f8f8&Prime;][\/vc_tta_section][vc_tta_section title=\u00a0\u00bbExtras\u00a0\u00bb tab_id=\u00a0\u00bb1622311595487-0777daa0-efcc\u00a0\u00bb][vc_separator color=\u00a0\u00bbcustom\u00a0\u00bb accent_color=\u00a0\u00bb#f8f8f8&Prime;][vc_btn title=\u00a0\u00bbT\u00e9l\u00e9chargez la promotion de ce mois-ci!\u00a0\u00bb align=\u00a0\u00bbcenter\u00a0\u00bb i_icon_fontawesome=\u00a0\u00bbfas fa-file-pdf\u00a0\u00bb add_icon=\u00a0\u00bbtrue\u00a0\u00bb link=\u00a0\u00bburl:https%3A%2F%2Fgastroturismo.ch%2Fwp-content%2Fuploads%2F2021%2F11%2Fformaggiusto-raclette-dec-01-merged.pdf|target:_blank\u00a0\u00bb][vc_separator color=\u00a0\u00bbcustom\u00a0\u00bb accent_color=\u00a0\u00bb#f8f8f8&Prime;][\/vc_tta_section][\/vc_tta_tabs][\/vc_column][\/vc_row]<\/p>\n","protected":false},"excerpt":{"rendered":"<p>[vc_row][vc_column][vc_separator color=\u00a0\u00bbwhite\u00a0\u00bb][vc_single_image image=\u00a0\u00bb2496&Prime; img_size=\u00a0\u00bbmedium\u00a0\u00bb][\/vc_column][\/vc_row][vc_row][vc_column][vc_column_text]Apr\u00e8s des ann\u00e9es d\u2019activit\u00e9 dans le secteur laitier, Marco et Hans ont franchi en 2010 leur chemin professionnel et ont lanc\u00e9 un nouveau d\u00e9fi en ouvrant \u00abFormaggiusto\u00bb pour mettre \u00e0 la disposition de leurs clients l\u2019exp\u00e9rience acquise, le professionnalisme et la passion.[\/vc_column_text][vc_tta_tabs style=\u00a0\u00bbmodern\u00a0\u00bb active_section=\u00a0\u00bb1&Prime;][vc_tta_section title=\u00a0\u00bbVue d\u2019ensemble\u00a0\u00bb tab_id=\u00a0\u00bb1475569789470-4a7e00b7-936f\u00a0\u00bb][vc_separator color=\u00a0\u00bbcustom\u00a0\u00bb accent_color=\u00a0\u00bb#f8f8f8&Prime;][vc_column_text css=\u00a0\u00bb.vc_custom_1625127199377{margin-right: 20px !important;margin-left: [&hellip;]<\/p>\n","protected":false},"author":3,"featured_media":0,"parent":0,"menu_order":36,"comment_status":"closed","ping_status":"closed","template":"","meta":{"footnotes":""},"class_list":["post-2766","page","type-page","status-publish","hentry"],"_links":{"self":[{"href":"https:\/\/gastroturismo.ch\/fr\/wp-json\/wp\/v2\/pages\/2766","targetHints":{"allow":["GET"]}}],"collection":[{"href":"https:\/\/gastroturismo.ch\/fr\/wp-json\/wp\/v2\/pages"}],"about":[{"href":"https:\/\/gastroturismo.ch\/fr\/wp-json\/wp\/v2\/types\/page"}],"author":[{"embeddable":true,"href":"https:\/\/gastroturismo.ch\/fr\/wp-json\/wp\/v2\/users\/3"}],"replies":[{"embeddable":true,"href":"https:\/\/gastroturismo.ch\/fr\/wp-json\/wp\/v2\/comments?post=2766"}],"version-history":[{"count":0,"href":"https:\/\/gastroturismo.ch\/fr\/wp-json\/wp\/v2\/pages\/2766\/revisions"}],"wp:attachment":[{"href":"https:\/\/gastroturismo.ch\/fr\/wp-json\/wp\/v2\/media?parent=2766"}],"curies":[{"name":"wp","href":"https:\/\/api.w.org\/{rel}","templated":true}]}}