{"id":2028,"date":"2018-11-02T10:41:38","date_gmt":"2018-11-02T10:41:38","guid":{"rendered":"https:\/\/gastroturismo.ch\/bookings\/"},"modified":"2021-02-11T08:58:53","modified_gmt":"2021-02-11T08:58:53","slug":"bookings","status":"publish","type":"page","link":"https:\/\/gastroturismo.ch\/fr\/bookings\/","title":{"rendered":"R\u00e9servations"},"content":{"rendered":"<div class=\"row\">\n\t<!-- Listings -->\n\t<div class=\"col-lg-12 col-md-12\">\n\t\t<div class=\"dashboard-list-box  margin-top-0\">\n\t\t\t<div class=\"headline-with-filters list-view\">\n\n\n\t\t\t\t<!-- Booking Requests Filters  -->\n\t\t\t\t<div class=\"booking-requests-filter\">\n\t\t\t\t\t\t\t\t\t\t\t<input type=\"hidden\" id=\"dashboard_type\" name=\"dashboard_type\" value=\"owner\">\n\t\t\t\t\t\t<!-- <input type=\"text\" name=\"booking_author\" id=\"dashboard-booking-author-search\"> -->\n\t\t\t\t\t\t<div class=\"sort-by-booking-author\">\n\t\t\t\t\t\t\t<div class=\"sort-by-select\">\n\t\t\t\t\t\t\t\t<select data-placeholder=\"All Users\" class=\"select2-bookings-author\" id=\"booking_author\">\n\t\t\t\t\t\t\t\t\t<option value=\"show_all\">All Users<\/option>\n\t\t\t\t\t\t\t\t\t\t\t\t\t\t\t\t\t<\/select>\n\t\t\t\t\t\t\t<\/div>\n\t\t\t\t\t\t<\/div>\n\t\t\t\t\t\t\t\t\t\t\t\t\t\t\t\t<!-- Sort by -->\n\t\t\t\t\t\t<div class=\"sort-by-status\">\n\t\t\t\t\t\t\t<div class=\"sort-by-select\">\n\t\t\t\t\t\t\t\t<select data-placeholder=\"Default order\" class=\"select2-bookings-status\" id=\"listing_status\">\n\t\t\t\t\t\t\t\t\t<option value=\"approved\">Tous les statuts<\/option>\n\t\t\t\t\t\t\t\t\t<option value=\"confirmed\">Non Pay\u00e9<\/option>\n\t\t\t\t\t\t\t\t\t<option value=\"paid\">Paid<\/option>\n\t\t\t\t\t\t\t\t<\/select>\n\t\t\t\t\t\t\t<\/div>\n\t\t\t\t\t\t<\/div>\n\t\t\t\t\t\n\t\t\t\t\t\t\t\t\t\t\t<input type=\"hidden\" id=\"listing_status\" value=\"approved\">\n\t\t\t\t\t\t\t\t\t\t\t\t\t\t\t\t<!-- Sort by -->\n\t\t\t\t\t\t<div class=\"sort-by\">\n\t\t\t\t\t\t\t<div class=\"sort-by-select\">\n\t\t\t\t\t\t\t\t<select data-placeholder=\"Default order\" class=\"select2-bookings\" id=\"listing_id\">\n\t\t\t\t\t\t\t\t\t<option value=\"show_all\">Toutes les Exp\u00e9riences<\/option>\n\t\t\t\t\t\t\t\t\t\t\t\t\t\t\t\t\t\t\t<option value=\"12242\">Settemaggio Unplugged : une exp\u00e9rience Guitar &amp; Wine<\/option>\n\t\t\t\t\t\t\t\t\t\t\t\t\t\t\t\t\t\t\t<option value=\"12161\">Un voyage \u00e0 la d\u00e9couverte des principaux types de sak\u00e9 japonais<\/option>\n\t\t\t\t\t\t\t\t\t\t\t\t\t\t\t\t\t\t\t<option value=\"10629\">D\u00e9gustation avec cr\u00e9ation d\u2019un m\u00e9lange personnalis\u00e9<\/option>\n\t\t\t\t\t\t\t\t\t\t\t\t\t\t\t\t\t\t\t<option value=\"10550\">Petit-d\u00e9jeuner \u00e0 la torr\u00e9faction<\/option>\n\t\t\t\t\t\t\t\t\t\t\t\t\t\t\t\t\t\t\t<option value=\"10233\">Voyages d\u2019apprentissage dans le monde du cacao et du chocolat avec DUDUUM<\/option>\n\t\t\t\t\t\t\t\t\t\t\t\t\t\t\t\t\t\t\t<option value=\"9727\">Proposition de d\u00e9gustation Samb\u00ec dans le g\u00eete<\/option>\n\t\t\t\t\t\t\t\t\t\t\t\t\t\t\t\t\t\t\t<option value=\"8499\">Le vignoble le plus septentrional du Tessin<\/option>\n\t\t\t\t\t\t\t\t\t\t\t\t\t\t\t\t\t\t\t<option value=\"4709\">D\u00e9gustation de liqueurs Acqua d\u2019Alva!<\/option>\n\t\t\t\t\t\t\t\t\t\t\t\t\t\t\t\t\t\t\t<option value=\"4592\">D\u00e9gustation de fromage en fromagerie!<\/option>\n\t\t\t\t\t\t\t\t\t\t\t\t\t\t\t\t\t\t\t<option value=\"4541\">Fondue Chinoise ou Bourguignonne \u00e0 la Grotte San Salvatore<\/option>\n\t\t\t\t\t\t\t\t\t\t\t\t\t\t\t\t\t\t\t<option value=\"4391\">Excursions en bateau sur le lac<\/option>\n\t\t\t\t\t\t\t\t\t\t\t\t\t\t\t\t\t\t\t<option value=\"4249\">D\u00e9gustation en vignoble!<\/option>\n\t\t\t\t\t\t\t\t\t\t\t\t\t\t\t\t\t\t\t<option value=\"3799\">Exp\u00e9rience gastronomique au Moulin de Bruzella<\/option>\n\t\t\t\t\t\t\t\t\t\t\t\t\t\t\t\t\t\t\t<option value=\"3122\">Pour ceux qui aiment la bi\u00e8re, la d\u00e9gustation et la visite de la brasserie! (forfait passionn\u00e9)<\/option>\n\t\t\t\t\t\t\t\t\t\t\t\t\t\t\t\t\t\t\t<option value=\"2009\">Visite et d\u00e9gustation de la bi\u00e8re No Land<\/option>\n\t\t\t\t\t\t\t\t\t\t\t\t\t\t\t\t\t\t\t<option value=\"3377\">Le vignoble au-dessus du lac et sa beaut\u00e9<\/option>\n\t\t\t\t\t\t\t\t\t\t\t\t\t\t\t\t\t\t\t<option value=\"2426\">D\u00e9gustation de vins avec un Somm\u00e9lier professionnel<\/option>\n\t\t\t\t\t\t\t\t\t\t\t\t\t\t\t\t\t\t\t<option value=\"2996\">Visite de l\u2019apr\u00e8s-midi parmi les beaut\u00e9s de la Ferme (4h)<\/option>\n\t\t\t\t\t\t\t\t\t\t\t\t\t\t\t\t\t\t\t<option value=\"1997\">L\u2019exp\u00e9rience parmi les saveurs de la laiterie<\/option>\n\t\t\t\t\t\t\t\t\t\t\t\t\t\t\t\t\t\t\t<option value=\"1967\">Les saveurs de la vall\u00e9e de Verzasca \u00e0 travers la bi\u00e8re<\/option>\n\t\t\t\t\t\t\t\t\t\t\t\t\t\t\t\t\t\t\t<option value=\"1979\">Les saveurs de la brasserie Monte Lema<\/option>\n\t\t\t\t\t\t\t\t\t\t\t\t\t\t\t\t\t\t\t<option value=\"1961\">Exp\u00e9rience entre raquettes et produits agricoles<\/option>\n\t\t\t\t\t\t\t\t\t\t\t\t\t\t\t\t\t\t\t<option value=\"3627\">Birra Mater \u2013 d\u00e9gustation avec La Colombera<\/option>\n\t\t\t\t\t\t\t\t\t\t\t\t\t\t\t\t\t\t\t<option value=\"2011\">Vendanges \u00e0 Pedrinate<\/option>\n\t\t\t\t\t\t\t\t\t\t\t\t\t\t\t\t\t\t\t<option value=\"1963\">D\u00e9gustation de vin dans une cave de style 1600<\/option>\n\t\t\t\t\t\t\t\t\t\t\t\t\t\t\t\t\t\t\t<option value=\"2332\">Farine de la vall\u00e9e d\u2019Onsernone<\/option>\n\t\t\t\t\t\t\t\t\t\t\t\t\t\t\t\t\t\t\t<option value=\"3608\">D\u00e9gustation gastronomique dans le vignoble<\/option>\n\t\t\t\t\t\t\t\t\t\t\t\t\t\t\t\t\t\t\t<option value=\"3602\">D\u00e9tente et \u00e9motions dans le Jardin Bacco<\/option>\n\t\t\t\t\t\t\t\t\t\t\t\t\t\t\t\t\t\t\t<option value=\"2439\">Sommeli\u00e8re directement \u00e0 votre domicile!<\/option>\n\t\t\t\t\t\t\t\t\t\t\t\t\t\t\t\t\t\t\t<option value=\"3026\">D\u00e9gustation de vin Azienda Agricola Bianchi<\/option>\n\t\t\t\t\t\t\t\t\t\t\t\t\t\t\t\t\t\t\t<option value=\"3018\">L\u2019exp\u00e9rience avec les abeilles! (1h30)<\/option>\n\t\t\t\t\t\t\t\t\t\t\t\t\t\t\t\t\t\t\t<option value=\"1965\">D\u00e9lices culinaires \u00e0 Fattoria del Faggio<\/option>\n\t\t\t\t\t\t\t\t\t\t\t\t\t\t\t\t\t\t\t<option value=\"3130\">Pour ceux qui aiment la bi\u00e8re, la d\u00e9gustation et la visite de la brasserie! (forfait de base)<\/option>\n\t\t\t\t\t\t\t\t\t\t\t\t\t\t\t\t\t\t\t<option value=\"3053\">Ap\u00e9ritif Colombera<\/option>\n\t\t\t\t\t\t\t\t\t\t\t\t\t\t\t\t\t\t\t<option value=\"3070\">Casse-cro\u00fbte dans le jardin dans la vall\u00e9e de Muggio<\/option>\n\t\t\t\t\t\t\t\t\t\t\t\t\t\t\t\t\t\t\t<option value=\"3032\">Panier de pique-nique dans la nature<\/option>\n\t\t\t\t\t\t\t\t\t\t\t\t\t\t\t\t\t\t\t<option value=\"3047\">Traite \u00e0 la ferme pour les plus petits<\/option>\n\t\t\t\t\t\t\t\t\t\t\t\t\t\t\t\t\t\t\t<option value=\"2474\">Vignobles dans les collines, une cave sp\u00e9ciale et l\u2019histoire des vins<\/option>\n\t\t\t\t\t\t\t\t\t\t\t\t\t\t\t\t\t\t\t<option value=\"1955\">D\u00e9gustation locale en charcuterie<\/option>\n\t\t\t\t\t\t\t\t\t\t\t\t\t\t\t\t\t\t\t<option value=\"1959\">Visitez les vignobles et les vignobles avec d\u00e9gustation<\/option>\n\t\t\t\t\t\t\t\t\t\t\t\t\t\t\t\t\t\t\t<option value=\"3040\">Petit d\u00e9jeuner \u00e0 la ferme!<\/option>\n\t\t\t\t\t\t\t\t\t\t\t\t\t\t\t\t\t\t\t<option value=\"1969\">Une nuit dans le vignoble: dans le Roccolo, dans une tente ou dans un camping-car.<\/option>\n\t\t\t\t\t\t\t\t\t\t\t\t\t\t\t\t\t\t\t<option value=\"3184\">Visite guid\u00e9e d\u2019une cave avec d\u00e9gustations<\/option>\n\t\t\t\t\t\t\t\t\t\t\t\t\t\t\t\t\t\t\t<option value=\"1977\">Bi\u00e8re \u00e0 travers des notes musicales dans un endroit sp\u00e9cial<\/option>\n\t\t\t\t\t\t\t\t\t\t\t\t\t\t\t\t\t\t\t<option value=\"1981\">La ferme qui produit au milieu de la tranquillit\u00e9<\/option>\n\t\t\t\t\t\t\t\t\t\t\t\t\t\t\t\t\t\t\t<option value=\"1989\">L\u2019art de faire du vin dans un cadre unique<\/option>\n\t\t\t\t\t\t\t\t\t\t\t\t\t\t\t\t\t\t\t<option value=\"1991\">Les secrets du nectar des dieux<\/option>\n\t\t\t\t\t\t\t\t\t\t\t\t\t\t\t\t\t\t\t<option value=\"1993\">La petite brasserie dans la r\u00e9gion du sud du Tessin<\/option>\n\t\t\t\t\t\t\t\t\t\t\t\t\t\t\t\t\t\t\t<option value=\"1995\">Les d\u00e9licieuses et locales \u00ab Liqueurs du Paradis \u00bb<\/option>\n\t\t\t\t\t\t\t\t\t\t\t\t\t\t\t\t\t\t\t<option value=\"1999\">Paradis v\u00e9g\u00e9tal au milieu des champs<\/option>\n\t\t\t\t\t\t\t\t\t\t\t\t\t\t\t\t\t\t\t<option value=\"3062\">D\u00e9couvrir tradition, passion et douceur<\/option>\n\t\t\t\t\t\t\t\t\t\t\t\t\t\t\t\t\t<\/select>\n\t\t\t\t\t\t\t<\/div>\n\t\t\t\t\t\t<\/div>\n\t\t\t\t\t\n\n\t\t\t\t\t<!-- Date Range -->\n\t\t\t\t\t<div id=\"booking-date-range-enabler\">\n\t\t\t\t\t\t<span>Choisir une date<\/span>\n\t\t\t\t\t<\/div>\n\n\t\t\t\t\t<div id=\"booking-date-range\" style=\"display: none;\">\n\t\t\t\t\t\t<span><\/span>\n\t\t\t\t\t<\/div>\n\n\n\t\t\t\t<\/div>\n\n\t\t\t\t<!-- Reply to review popup -->\n\n\n\t\t\t\t<h4>Demandes de r\u00e9servation <i class=\"fa fa-circle-o-notch fa-spin booking-loading-icon\"><\/i> <\/h4>\n\t\t\t<\/div>\n\n\t\t\t<ul id=\"no-bookings-information\" style=\"display: none\">\n\t\t\t\tWe haven&#039;t found any bookings for that criteria\t\t\t<\/ul>\n\t\t\t\t\t\t\t<ul id=\"no-bookings-information\">\n\t\t\t\t\tVous n&#039;avez encore aucune r\u00e9servation\t\t\t\t<\/ul>\n\t\t\t\n\t\t<\/div>\n\t\t<div class=\"pagination-container \">\n\t\t\t\t\t<\/div>\n\t\t<div id=\"small-dialog\" class=\"zoom-anim-dialog mfp-hide\">\n\t\t\t<div class=\"small-dialog-header\">\n\t\t\t\t<h3>Envoyer un message<\/h3>\n\t\t\t<\/div>\n\t\t\t<div class=\"message-reply margin-top-0\">\n\t\t\t\t<form action=\"\" id=\"send-message-from-widget\" data-booking_id=\"\">\n\t\t\t\t\t<textarea data-recipient=\"\" data-referral=\"\" required cols=\"40\" id=\"contact-message\" name=\"message\" rows=\"3\" placeholder=\"Your message\"><\/textarea>\n\t\t\t\t\t<button class=\"button\">\n\t\t\t\t\t\t<i class=\"fa fa-circle-o-notch fa-spin\" aria-hidden=\"true\"><\/i>Envoyer un message<\/button>\n\t\t\t\t\t<div class=\"notification closeable success margin-top-20\"><\/div>\n\n\t\t\t\t<\/form>\n\n\t\t\t<\/div>\n\t\t<\/div>\n\t\t<a style=\"display:none;\" href=\"#small-dialog\" class=\"send-message-to-owner button popup-with-zoom-anim\"><i class=\"sl sl-icon-envelope-open\"><\/i> Envoyer un message<\/a>\n\t<\/div>\n<\/div>\n","protected":false},"excerpt":{"rendered":"","protected":false},"author":2,"featured_media":0,"parent":0,"menu_order":94,"comment_status":"closed","ping_status":"closed","template":"template-dashboard.php","meta":{"footnotes":""},"class_list":["post-2028","page","type-page","status-publish","hentry"],"_links":{"self":[{"href":"https:\/\/gastroturismo.ch\/fr\/wp-json\/wp\/v2\/pages\/2028","targetHints":{"allow":["GET"]}}],"collection":[{"href":"https:\/\/gastroturismo.ch\/fr\/wp-json\/wp\/v2\/pages"}],"about":[{"href":"https:\/\/gastroturismo.ch\/fr\/wp-json\/wp\/v2\/types\/page"}],"author":[{"embeddable":true,"href":"https:\/\/gastroturismo.ch\/fr\/wp-json\/wp\/v2\/users\/2"}],"replies":[{"embeddable":true,"href":"https:\/\/gastroturismo.ch\/fr\/wp-json\/wp\/v2\/comments?post=2028"}],"version-history":[{"count":0,"href":"https:\/\/gastroturismo.ch\/fr\/wp-json\/wp\/v2\/pages\/2028\/revisions"}],"wp:attachment":[{"href":"https:\/\/gastroturismo.ch\/fr\/wp-json\/wp\/v2\/media?parent=2028"}],"curies":[{"name":"wp","href":"https:\/\/api.w.org\/{rel}","templated":true}]}}