{"id":1937,"date":"2021-01-29T15:07:57","date_gmt":"2021-01-29T15:07:57","guid":{"rendered":"https:\/\/gastroturismo.ch\/privacy\/"},"modified":"2021-05-02T14:02:38","modified_gmt":"2021-05-02T14:02:38","slug":"privacy","status":"publish","type":"page","link":"https:\/\/gastroturismo.ch\/fr\/privacy\/","title":{"rendered":"Privacy"},"content":{"rendered":"\n<p class=\"has-black-color has-text-color\"><strong>\u00c0 propos de nous<\/strong><br>L&rsquo;adresse de notre site Web est: https:\/\/www.gastroturismo.ch<\/p>\n\n\n\n<p>Le site Web https:\/\/www.gastroturismo.ch (le \u00abService\u00bb) est d\u00e9sormais op\u00e9rationnel (\u00abnotre\u00bb).<\/p>\n\n\n\n<p class=\"has-black-color has-text-color\"><strong>Quelles donn\u00e9es personnelles nous collectons et pourquoi nous les collectons:<\/strong><\/p>\n\n\n\n<p class=\"has-black-color has-text-color\"><strong>M\u00e9dias<\/strong><br>Si vous t\u00e9l\u00e9chargez des images sur le site Web, vous devez \u00e9viter de t\u00e9l\u00e9charger des images avec des donn\u00e9es de position int\u00e9gr\u00e9es (EXIF GPS) incluses. Les visiteurs du site Web peuvent t\u00e9l\u00e9charger et extraire toutes les donn\u00e9es de localisation des images sur le site Web.<\/p>\n\n\n\n<p class=\"has-black-color has-text-color\"><strong>Formulaires de contact<\/strong><br>Lors de l&rsquo;utilisation de notre Service, nous vous demandons de nous fournir certaines informations personnellement identifiables qui peuvent \u00eatre utilis\u00e9es pour vous contacter ou vous identifier (\u00abDonn\u00e9es personnelles\u00bb). Les informations personnellement identifiables peuvent inclure:<\/p>\n\n\n\n<p>-Adresse e-mail<br>-Nom et pr\u00e9nom du client<br>-URL des connexions<br>-Num\u00e9ro de t\u00e9l\u00e9phone<br>-Cookie et donn\u00e9es d&rsquo;utilisation<\/p>\n\n\n\n<p>Nous d\u00e9clinons toute responsabilit\u00e9 quant au contenu des liens.<\/p>\n\n\n\n<p class=\"has-black-color has-text-color\"><strong>Cookie<\/strong><br>Les cookies sont des fichiers contenant une petite quantit\u00e9 de donn\u00e9es pouvant inclure un identifiant unique et anonyme. Les cookies sont envoy\u00e9s \u00e0 votre navigateur \u00e0 partir d&rsquo;un site Web et stock\u00e9s sur votre appareil. Les technologies de suivi sont \u00e9galement utilis\u00e9es comme marqueurs, balises et scripts pour collecter et suivre des informations et pour am\u00e9liorer et analyser notre service.<\/p>\n\n\n\n<p>Vous pouvez demander \u00e0 votre navigateur de refuser tous les cookies ou d&rsquo;indiquer quand un cookie est envoy\u00e9. Cependant, si vous n&rsquo;acceptez pas les cookies, vous ne pourrez peut-\u00eatre pas utiliser certaines parties de notre Service.<\/p>\n\n\n\n<p>Si vous avez un compte et que vous vous connectez \u00e0 ce site, nous installerons un cookie temporaire pour d\u00e9terminer si votre navigateur accepte les cookies. Ce cookie ne contient aucune donn\u00e9e personnelle et est \u00e9limin\u00e9 lorsque vous fermez votre navigateur.<\/p>\n\n\n\n<p>Lorsque vous vous connectez, nous d\u00e9finirons \u00e9galement plusieurs cookies pour enregistrer vos informations de connexion et vos choix d&rsquo;affichage \u00e0 l&rsquo;\u00e9cran. Les cookies de connexion durent deux jours et les cookies d&rsquo;options d&rsquo;affichage \u00e0 l&rsquo;\u00e9cran durent un an. Si vous s\u00e9lectionnez \u00abSe souvenir de moi\u00bb, votre connexion durera deux semaines. Si vous vous d\u00e9connectez de votre compte, les cookies de connexion seront supprim\u00e9s.<\/p>\n\n\n\n<p>Si vous modifiez ou publiez un article, un cookie suppl\u00e9mentaire sera enregistr\u00e9 dans votre navigateur. Ce cookie n&rsquo;inclut aucune donn\u00e9e personnelle et indique simplement l&rsquo;ID de la publication de l&rsquo;article que vous venez de modifier. Il expire apr\u00e8s 1 jour.<\/p>\n\n\n\n<p class=\"has-black-color has-text-color\"><strong>Contenu int\u00e9gr\u00e9 par d&rsquo;autres sites Web<\/strong><br>Les articles de ce site peuvent inclure du contenu int\u00e9gr\u00e9 (par exemple des vid\u00e9os, des images, des articles, etc.). Le contenu int\u00e9gr\u00e9 d&rsquo;autres sites Web se comporte exactement comme si le visiteur avait visit\u00e9 l&rsquo;autre site Web.<\/p>\n\n\n\n<p>Ces sites Web peuvent collecter des donn\u00e9es \u00e0 votre sujet, utiliser des cookies, int\u00e9grer un suivi tiers suppl\u00e9mentaire et suivre votre interaction avec ce contenu int\u00e9gr\u00e9, y compris le suivi de votre interaction avec le contenu int\u00e9gr\u00e9 si vous avez un compte et \u00eates li\u00e9 \u00e0 ce site Web.<\/p>\n\n\n\n<p class=\"has-black-color has-text-color\"><strong>Analytique<\/strong><br>Nous pouvons \u00e9galement collecter des informations sur la mani\u00e8re dont vous acc\u00e9dez et utilisez le Service (\u00abDonn\u00e9es d&rsquo;utilisation\u00bb). Ces donn\u00e9es d&rsquo;utilisation peuvent inclure des informations telles que l&rsquo;adresse de protocole Internet de votre ordinateur (telle que votre adresse IP), le type de navigateur, la version du navigateur, les pages de notre service que vous visitez, l&rsquo;heure et la date de votre visite, le temps pass\u00e9 sur ces pages, unique identificateurs d&rsquo;appareils et autres donn\u00e9es de diagnostic.<\/p>\n\n\n\n<p class=\"has-black-color has-text-color\"><strong>Google Analytics<\/strong><br>Google Analytics est un service d&rsquo;analyse Web propos\u00e9 par Google qui suit et signale le trafic du site Web. Google utilise les donn\u00e9es collect\u00e9es pour surveiller l&rsquo;utilisation de notre service. Ces donn\u00e9es sont partag\u00e9es avec d&rsquo;autres services Google. Google peut utiliser les donn\u00e9es collect\u00e9es pour contextualiser et personnaliser les publicit\u00e9s de son r\u00e9seau publicitaire.<\/p>\n\n\n\n<p>Vous pouvez refuser de rendre votre activit\u00e9 sur le Service accessible \u00e0 Google Analytics en installant le module compl\u00e9mentaire de navigateur Google Analytics. Le module compl\u00e9mentaire emp\u00eache Google Analytics JavaScript (ga.js, analytics.js et dc.js) de partager des informations sur votre activit\u00e9 de visite avec Google Analytics.<\/p>\n\n\n\n<p>Pour plus d&rsquo;informations sur les pratiques de confidentialit\u00e9 de Google, veuillez visiter la page Web relative \u00e0 la confidentialit\u00e9 et aux conditions d&rsquo;utilisation de Google: https:\/\/policies.google.com\/privacy?hl=fr<\/p>\n\n\n\n<p class=\"has-black-color has-text-color\"><strong>Hotjar<\/strong><br>Nous utilisons Hotjar pour mieux comprendre les besoins de nos utilisateurs et pour optimiser ce service et cette exp\u00e9rience. Hotjar est un service technologique qui nous aide \u00e0 mieux comprendre l&rsquo;exp\u00e9rience de nos utilisateurs (par exemple, combien de temps ils passent sur quelles pages, sur quels liens ils choisissent de cliquer, ce qu&rsquo;ils font et ce que les utilisateurs n&rsquo;aiment pas, etc.) et cela nous permet de cr\u00e9er et de maintenir notre service avec les commentaires des utilisateurs. Hotjar utilise des cookies et d&rsquo;autres technologies pour collecter des donn\u00e9es sur le comportement de nos utilisateurs et de leurs appareils (en particulier l&rsquo;adresse IP de l&rsquo;appareil (captur\u00e9e et stock\u00e9e uniquement de mani\u00e8re anonyme), la taille de l&rsquo;\u00e9cran de l&rsquo;appareil, le type d&rsquo;appareil (identifiants d&rsquo;appareil uniques) , informations sur le navigateur, emplacement g\u00e9ographique (pays uniquement), langue pr\u00e9f\u00e9r\u00e9e utilis\u00e9e pour consulter notre site Web). Hotjar stocke ces informations dans un profil utilisateur d&rsquo;alias. Ni Hotjar ni nous n&rsquo;utiliserons jamais ces informations pour identifier des utilisateurs individuels ou pour les combiner avec d&rsquo;autres donn\u00e9es sur un utilisateur individuel. Pour plus de d\u00e9tails, veuillez consulter la politique de confidentialit\u00e9 de Hotjar en cliquant sur ce lien.<\/p>\n\n\n\n<p class=\"has-black-color has-text-color\"><strong>Facebook<\/strong><br>Le suivi des conversions aide les entreprises \u00e0 mesurer le retour sur investissement de leurs publicit\u00e9s Facebook en rapportant les actions entreprises apr\u00e8s avoir vu ces publicit\u00e9s. Les annonceurs peuvent cr\u00e9er des pixels qui suivent les conversions, les ajouter aux pages de leur site Web o\u00f9 les conversions auront lieu, puis suivre ces conversions jusqu&rsquo;aux publicit\u00e9s qu&rsquo;ils publient sur Facebook. Le suivi des conversions aide \u00e9galement les entreprises \u00e0 tirer parti du co\u00fbt par impression optimis\u00e9 (oCPM) pour diffuser des annonces aupr\u00e8s des personnes les plus susceptibles de convertir depuis Facebook.<\/p>\n\n\n\n<p class=\"has-black-color has-text-color\"><strong>Combien de temps conservons-nous vos donn\u00e9es<\/strong><br>Pour les utilisateurs qui s&rsquo;inscrivent sur notre site Web (le cas \u00e9ch\u00e9ant), nous stockons \u00e9galement les informations personnelles qu&rsquo;ils fournissent dans leur profil d&rsquo;utilisateur. Tous les utilisateurs peuvent afficher, modifier ou supprimer leurs informations personnelles \u00e0 tout moment (sauf qu&rsquo;ils ne peuvent pas changer leur nom d&rsquo;utilisateur). Les administrateurs du site Web peuvent \u00e9galement voir et modifier ces informations.<\/p>\n\n\n\n<p class=\"has-black-color has-text-color\"><strong>Quels droits avez-vous sur vos donn\u00e9es<\/strong><br>Si vous avez un compte sur ce site ou avez laiss\u00e9 des commentaires, vous pouvez demander \u00e0 recevoir un fichier export\u00e9 d&rsquo;informations personnelles que nous d\u00e9tenons \u00e0 votre sujet, y compris les informations que vous nous avez fournies. Vous pouvez \u00e9galement demander la suppression de toutes les donn\u00e9es personnelles que nous d\u00e9tenons \u00e0 votre sujet. Cela n&rsquo;inclut pas les donn\u00e9es que nous sommes tenus de conserver \u00e0 des fins administratives, juridiques ou de s\u00e9curit\u00e9.<\/p>\n\n\n\n<p class=\"has-black-color has-text-color\"><strong>S\u00e9curit\u00e9<\/strong><br>La s\u00e9curit\u00e9 de vos donn\u00e9es est importante pour nous, mais rappelez-vous qu&rsquo;aucune m\u00e9thode de transmission sur Internet ou m\u00e9thode de stockage \u00e9lectronique n&rsquo;est s\u00e9curis\u00e9e \u00e0 100%. Bien que nous nous efforcions d&rsquo;utiliser des moyens commercialement acceptables pour prot\u00e9ger vos donn\u00e9es personnelles, nous ne pouvons garantir leur s\u00e9curit\u00e9 absolue.<\/p>\n\n\n\n<p class=\"has-black-color has-text-color\"><strong>Modifications de cette politique de confidentialit\u00e9<\/strong><br>Nous pouvons mettre \u00e0 jour notre politique de confidentialit\u00e9 de temps \u00e0 autre. Nous vous informerons de tout changement en publiant la nouvelle politique de confidentialit\u00e9 sur cette page.<\/p>\n\n\n\n<p>Nous vous informerons par e-mail et \/ ou par un avis visible sur notre Service avant que le changement ne devienne effectif et nous mettrons \u00e0 jour la \u00abdate d&rsquo;entr\u00e9e en vigueur\u00bb en haut de cette politique de confidentialit\u00e9.<\/p>\n\n\n\n<p>Nous vous recommandons de consulter p\u00e9riodiquement cette politique de confidentialit\u00e9 pour tout changement. Les modifications apport\u00e9es \u00e0 cette politique de confidentialit\u00e9 sont effectives lorsqu&rsquo;elles sont publi\u00e9es sur cette page.<\/p>\n\n\n\n<p class=\"has-black-color has-text-color\"><strong>Liste de diffusion<\/strong><br>Lorsque vous cr\u00e9ez une page de destination \u00e0 l&rsquo;aide de notre service, vous nous autorisez \u00e0 vous envoyer des informations de version et d&rsquo;autres communications sur les mises \u00e0 jour du service.<\/p>\n\n\n\n<p class=\"has-black-color has-text-color\"><strong>Coordonn\u00e9es<\/strong><br>Si vous avez des questions concernant cette politique de confidentialit\u00e9 ou d&rsquo;autres questions, veuillez nous contacter \u00e0:<\/p>\n\n\n\n<p>info@gastroturismo.ch<\/p>\n","protected":false},"excerpt":{"rendered":"<p>\u00c0 propos de nousL&rsquo;adresse de notre site Web est: https:\/\/www.gastroturismo.ch Le site Web https:\/\/www.gastroturismo.ch (le \u00abService\u00bb) est d\u00e9sormais op\u00e9rationnel (\u00abnotre\u00bb). Quelles donn\u00e9es personnelles nous collectons et pourquoi nous les collectons: M\u00e9diasSi vous t\u00e9l\u00e9chargez des images sur le site Web, vous devez \u00e9viter de t\u00e9l\u00e9charger des images avec des donn\u00e9es de position int\u00e9gr\u00e9es (EXIF GPS) incluses. [&hellip;]<\/p>\n","protected":false},"author":5,"featured_media":0,"parent":0,"menu_order":90,"comment_status":"closed","ping_status":"closed","template":"","meta":{"footnotes":""},"class_list":["post-1937","page","type-page","status-publish","hentry"],"_links":{"self":[{"href":"https:\/\/gastroturismo.ch\/fr\/wp-json\/wp\/v2\/pages\/1937","targetHints":{"allow":["GET"]}}],"collection":[{"href":"https:\/\/gastroturismo.ch\/fr\/wp-json\/wp\/v2\/pages"}],"about":[{"href":"https:\/\/gastroturismo.ch\/fr\/wp-json\/wp\/v2\/types\/page"}],"author":[{"embeddable":true,"href":"https:\/\/gastroturismo.ch\/fr\/wp-json\/wp\/v2\/users\/5"}],"replies":[{"embeddable":true,"href":"https:\/\/gastroturismo.ch\/fr\/wp-json\/wp\/v2\/comments?post=1937"}],"version-history":[{"count":0,"href":"https:\/\/gastroturismo.ch\/fr\/wp-json\/wp\/v2\/pages\/1937\/revisions"}],"wp:attachment":[{"href":"https:\/\/gastroturismo.ch\/fr\/wp-json\/wp\/v2\/media?parent=1937"}],"curies":[{"name":"wp","href":"https:\/\/api.w.org\/{rel}","templated":true}]}}