{"id":9179,"date":"2022-04-18T13:24:40","date_gmt":"2022-11-24T10:10:47","guid":{"rendered":"https:\/\/gastroturismo.ch\/product\/gastrotourismus-thermobeutel-mit-einer-flasche-wein\/"},"modified":"2022-11-24T10:30:00","modified_gmt":"2022-11-24T10:30:00","slug":"thermobeutel-mit-weinflasche","status":"publish","type":"product","link":"https:\/\/gastroturismo.ch\/de\/produkt\/thermobeutel-mit-weinflasche\/","title":{"rendered":"Thermobeutel mit einer Flasche Wein"},"content":{"rendered":"<p>Der neue Gastroturismo Thermobeutel ist da!<\/p>\n<p>Das neue Ger\u00e4t, das f\u00fcr alle Eventualit\u00e4ten n\u00fctzlich ist, schafft es, die K\u00e4lte und W\u00e4rme f\u00fcr eine lange Zeit zu halten und die Stabilit\u00e4t des Produkts und seiner Temperatur zu gew\u00e4hrleisten. Der Beutel kann eine Flasche Wein, Bier, andere Getr\u00e4nke oder Lebensmittel enthalten.<\/p>\n<p>F\u00fcr diese erste Ausgabe empfehlen wir es zusammen mit einer Flasche NONE 2021- Azienda Agricola Bianchi. 100% Solaris, Trauben vinifiziert 100% in Barrique, G\u00e4rung bei niedrigen Temperaturen und Ausbau f\u00fcr 7 Monate in Barrique.<\/p>\n<p>&nbsp;<\/p>\n<p>\ud83d\udca1Erh\u00e4ltlich in <a href=\"https:\/\/gastroturismo.ch\/product\/borsa-termica-gastroturismo\/\">Einzelversion<\/a>.<\/p>\n<p>\ud83d\ude9a Versand nur in der Schweiz inbegriffen<\/p>\n<p>\u23f0 Lieferzeit von 1 bis 3 Tagen &#8211; Versand nicht am Freitag<\/p>\n","protected":false},"excerpt":{"rendered":"<p>Der neue Gastroturismo Thermobeutel ist da! Das neue Ger\u00e4t, das f\u00fcr alle Eventualit\u00e4ten n\u00fctzlich ist, schafft es, die K\u00e4lte und W\u00e4rme f\u00fcr eine lange Zeit zu halten und die Stabilit\u00e4t des Produkts und seiner Temperatur zu gew\u00e4hrleisten. Der Beutel kann eine Flasche Wein, Bier, andere Getr\u00e4nke oder Lebensmittel enthalten. F\u00fcr diese erste Ausgabe empfehlen wir [&hellip;]<\/p>\n","protected":false},"featured_media":9160,"comment_status":"closed","ping_status":"closed","template":"","meta":[],"product_brand":[],"product_cat":[177],"product_tag":[],"class_list":{"0":"post-9179","1":"product","2":"type-product","3":"status-publish","4":"has-post-thumbnail","6":"product_cat-laden","8":"first","9":"instock","10":"taxable","11":"shipping-taxable","12":"purchasable","13":"product-type-simple"},"_links":{"self":[{"href":"https:\/\/gastroturismo.ch\/de\/wp-json\/wp\/v2\/product\/9179","targetHints":{"allow":["GET"]}}],"collection":[{"href":"https:\/\/gastroturismo.ch\/de\/wp-json\/wp\/v2\/product"}],"about":[{"href":"https:\/\/gastroturismo.ch\/de\/wp-json\/wp\/v2\/types\/product"}],"replies":[{"embeddable":true,"href":"https:\/\/gastroturismo.ch\/de\/wp-json\/wp\/v2\/comments?post=9179"}],"version-history":[{"count":0,"href":"https:\/\/gastroturismo.ch\/de\/wp-json\/wp\/v2\/product\/9179\/revisions"}],"wp:featuredmedia":[{"embeddable":true,"href":"https:\/\/gastroturismo.ch\/de\/wp-json\/wp\/v2\/media\/9160"}],"wp:attachment":[{"href":"https:\/\/gastroturismo.ch\/de\/wp-json\/wp\/v2\/media?parent=9179"}],"wp:term":[{"taxonomy":"product_brand","embeddable":true,"href":"https:\/\/gastroturismo.ch\/de\/wp-json\/wp\/v2\/product_brand?post=9179"},{"taxonomy":"product_cat","embeddable":true,"href":"https:\/\/gastroturismo.ch\/de\/wp-json\/wp\/v2\/product_cat?post=9179"},{"taxonomy":"product_tag","embeddable":true,"href":"https:\/\/gastroturismo.ch\/de\/wp-json\/wp\/v2\/product_tag?post=9179"}],"curies":[{"name":"wp","href":"https:\/\/api.w.org\/{rel}","templated":true}]}}