{"id":10925,"date":"2024-10-18T07:59:19","date_gmt":"2024-10-18T07:59:19","guid":{"rendered":"https:\/\/gastroturismo.ch\/product\/stemless-wine-glass\/"},"modified":"2024-12-31T03:13:40","modified_gmt":"2024-12-31T03:13:40","slug":"stemless-wine-glass","status":"publish","type":"product","link":"https:\/\/gastroturismo.ch\/de\/produkt\/stemless-wine-glass\/","title":{"rendered":"Weinglas ohne Stiel"},"content":{"rendered":"<p>Von Junggesellen- und Junggesellinnenabschieden bis hin zu Hochzeiten, Babypartys und intimen Dinnerpartys wertet dieses Glas jeden Anlass m\u00fchelos auf. G\u00f6nnen Sie sich die perfekte Balance aus Stil und Funktionalit\u00e4t, sto\u00dfen Sie auf unvergessliche Momente an und feiern Sie die Momente des Lebens.<\/p>\n<p> \u2022 Glasmaterial<br \/> \u2022 Einfaches und schlankes Design<br \/> \u2022 Volumen: 15 oz (443 ml)<br \/> \u2022 Nicht sp\u00fclmaschinen- oder mikrowellengeeignet<br \/> \u2022 Blankoprodukt aus den USA <\/p>\n","protected":false},"excerpt":{"rendered":"<p>Von Junggesellen- und Junggesellinnenabschieden bis hin zu Hochzeiten, Babypartys und intimen Dinnerpartys wertet dieses Glas jeden Anlass m\u00fchelos auf. G\u00f6nnen Sie sich die perfekte Balance aus Stil und Funktionalit\u00e4t, sto\u00dfen Sie auf unvergessliche Momente an und feiern Sie die Momente des Lebens. \u2022 Glasmaterial \u2022 Einfaches und schlankes Design \u2022 Volumen: 15 oz (443 ml) [&hellip;]<\/p>\n","protected":false},"featured_media":10733,"comment_status":"open","ping_status":"closed","template":"","meta":[],"product_brand":[],"product_cat":[177],"product_tag":[],"class_list":{"0":"post-10925","1":"product","2":"type-product","3":"status-publish","4":"has-post-thumbnail","6":"product_cat-laden","8":"first","9":"instock","10":"taxable","11":"shipping-taxable","12":"purchasable","13":"product-type-simple"},"_links":{"self":[{"href":"https:\/\/gastroturismo.ch\/de\/wp-json\/wp\/v2\/product\/10925","targetHints":{"allow":["GET"]}}],"collection":[{"href":"https:\/\/gastroturismo.ch\/de\/wp-json\/wp\/v2\/product"}],"about":[{"href":"https:\/\/gastroturismo.ch\/de\/wp-json\/wp\/v2\/types\/product"}],"replies":[{"embeddable":true,"href":"https:\/\/gastroturismo.ch\/de\/wp-json\/wp\/v2\/comments?post=10925"}],"version-history":[{"count":0,"href":"https:\/\/gastroturismo.ch\/de\/wp-json\/wp\/v2\/product\/10925\/revisions"}],"wp:featuredmedia":[{"embeddable":true,"href":"https:\/\/gastroturismo.ch\/de\/wp-json\/wp\/v2\/media\/10733"}],"wp:attachment":[{"href":"https:\/\/gastroturismo.ch\/de\/wp-json\/wp\/v2\/media?parent=10925"}],"wp:term":[{"taxonomy":"product_brand","embeddable":true,"href":"https:\/\/gastroturismo.ch\/de\/wp-json\/wp\/v2\/product_brand?post=10925"},{"taxonomy":"product_cat","embeddable":true,"href":"https:\/\/gastroturismo.ch\/de\/wp-json\/wp\/v2\/product_cat?post=10925"},{"taxonomy":"product_tag","embeddable":true,"href":"https:\/\/gastroturismo.ch\/de\/wp-json\/wp\/v2\/product_tag?post=10925"}],"curies":[{"name":"wp","href":"https:\/\/api.w.org\/{rel}","templated":true}]}}