{"id":10922,"date":"2024-10-18T08:05:21","date_gmt":"2024-10-18T08:05:21","guid":{"rendered":"https:\/\/gastroturismo.ch\/product\/insulated-tumbler-with-a-straw\/"},"modified":"2024-12-31T03:13:41","modified_gmt":"2024-12-31T03:13:41","slug":"insulated-tumbler-with-a-straw","status":"publish","type":"product","link":"https:\/\/gastroturismo.ch\/de\/produkt\/insulated-tumbler-with-a-straw\/","title":{"rendered":"Isolierter Tumbler mit Strohhalm"},"content":{"rendered":"<p>Werten Sie Ihr Trinkgeschirrspiel auf und bringen Sie mit diesem isolierten Becher einen Farbtupfer in Ihren Tag. Ein Hoch auf Stil und Funktionalit\u00e4t bei jedem Schluck!<\/p>\n<p> \u2022 Becher aus hochwertigem Edelstahl<br \/> \u2022 20 Unzen (600 ml)<br \/> \u2022 Gr\u00f6\u00dfe des Zuhaltungs: 10,1 cm \u00d7 18,2 cm (4&#8243; \u00d7 7,2&#8243;<br \/> \u2022 Inklusive Strohhalm und Deckel<br \/> \u2022 Blanko-Produkt, das aus China stammt und in den USA gedruckt wird<\/p>\n<p> Verzichtserkl\u00e4rung: <br \/> \u2022 Nicht sp\u00fclmaschinen- oder mikrowellengeeignet. Nur Handw\u00e4sche.   <br \/>  \u2022 Nicht auslaufsicher. Um m\u00f6gliche Undichtigkeiten zu vermeiden, empfehlen wir, den Zuhaltung immer aufrecht zu halten. <\/p>\n","protected":false},"excerpt":{"rendered":"<p>Werten Sie Ihr Trinkgeschirrspiel auf und bringen Sie mit diesem isolierten Becher einen Farbtupfer in Ihren Tag. Ein Hoch auf Stil und Funktionalit\u00e4t bei jedem Schluck! \u2022 Becher aus hochwertigem Edelstahl \u2022 20 Unzen (600 ml) \u2022 Gr\u00f6\u00dfe des Zuhaltungs: 10,1 cm \u00d7 18,2 cm (4&#8243; \u00d7 7,2&#8243; \u2022 Inklusive Strohhalm und Deckel \u2022 Blanko-Produkt, [&hellip;]<\/p>\n","protected":false},"featured_media":10755,"comment_status":"open","ping_status":"closed","template":"","meta":[],"product_brand":[],"product_cat":[177],"product_tag":[],"class_list":{"0":"post-10922","1":"product","2":"type-product","3":"status-publish","4":"has-post-thumbnail","6":"product_cat-laden","8":"first","9":"instock","10":"taxable","11":"shipping-taxable","12":"purchasable","13":"product-type-simple"},"_links":{"self":[{"href":"https:\/\/gastroturismo.ch\/de\/wp-json\/wp\/v2\/product\/10922","targetHints":{"allow":["GET"]}}],"collection":[{"href":"https:\/\/gastroturismo.ch\/de\/wp-json\/wp\/v2\/product"}],"about":[{"href":"https:\/\/gastroturismo.ch\/de\/wp-json\/wp\/v2\/types\/product"}],"replies":[{"embeddable":true,"href":"https:\/\/gastroturismo.ch\/de\/wp-json\/wp\/v2\/comments?post=10922"}],"version-history":[{"count":0,"href":"https:\/\/gastroturismo.ch\/de\/wp-json\/wp\/v2\/product\/10922\/revisions"}],"wp:featuredmedia":[{"embeddable":true,"href":"https:\/\/gastroturismo.ch\/de\/wp-json\/wp\/v2\/media\/10755"}],"wp:attachment":[{"href":"https:\/\/gastroturismo.ch\/de\/wp-json\/wp\/v2\/media?parent=10922"}],"wp:term":[{"taxonomy":"product_brand","embeddable":true,"href":"https:\/\/gastroturismo.ch\/de\/wp-json\/wp\/v2\/product_brand?post=10922"},{"taxonomy":"product_cat","embeddable":true,"href":"https:\/\/gastroturismo.ch\/de\/wp-json\/wp\/v2\/product_cat?post=10922"},{"taxonomy":"product_tag","embeddable":true,"href":"https:\/\/gastroturismo.ch\/de\/wp-json\/wp\/v2\/product_tag?post=10922"}],"curies":[{"name":"wp","href":"https:\/\/api.w.org\/{rel}","templated":true}]}}