{"id":10919,"date":"2024-10-18T08:06:38","date_gmt":"2024-10-18T08:06:38","guid":{"rendered":"https:\/\/gastroturismo.ch\/product\/wine-tumbler\/"},"modified":"2024-12-31T03:13:40","modified_gmt":"2024-12-31T03:13:40","slug":"wine-tumbler","status":"publish","type":"product","link":"https:\/\/gastroturismo.ch\/de\/produkt\/wine-tumbler\/","title":{"rendered":"Weinbecher"},"content":{"rendered":"<p>Was w\u00e4re eine Party im Freien ohne einen Weinbecher, um ein Getr\u00e4nk frisch und auf der richtigen Temperatur zu halten? Vergessen Sie zerbrechliche Gl\u00e4ser \u2013 geben Sie diesem einzigartig geformten Weinbecher eine Chance und haben Sie unbesorgt Spa\u00df mit Freunden.<\/p>\n<p> \u2022 12 Unzen (355 ml)<br \/> \u2022 Bechergr\u00f6\u00dfe: 12 cm \u00d7 9 cm (4,7&#8243; \u00d7 3,5&#8243;<br \/> \u2022 Hochwertiger Edelstahl <br \/> \u2022 Doppelwandige Vakuumdichtung<br \/> \u2022 Geschwungene, einzigartige Form <\/p>\n","protected":false},"excerpt":{"rendered":"<p>Was w\u00e4re eine Party im Freien ohne einen Weinbecher, um ein Getr\u00e4nk frisch und auf der richtigen Temperatur zu halten? Vergessen Sie zerbrechliche Gl\u00e4ser \u2013 geben Sie diesem einzigartig geformten Weinbecher eine Chance und haben Sie unbesorgt Spa\u00df mit Freunden. \u2022 12 Unzen (355 ml) \u2022 Bechergr\u00f6\u00dfe: 12 cm \u00d7 9 cm (4,7&#8243; \u00d7 3,5&#8243; [&hellip;]<\/p>\n","protected":false},"featured_media":10773,"comment_status":"open","ping_status":"closed","template":"","meta":[],"product_brand":[],"product_cat":[177],"product_tag":[],"class_list":{"0":"post-10919","1":"product","2":"type-product","3":"status-publish","4":"has-post-thumbnail","6":"product_cat-laden","8":"first","9":"instock","10":"taxable","11":"shipping-taxable","12":"purchasable","13":"product-type-simple"},"_links":{"self":[{"href":"https:\/\/gastroturismo.ch\/de\/wp-json\/wp\/v2\/product\/10919","targetHints":{"allow":["GET"]}}],"collection":[{"href":"https:\/\/gastroturismo.ch\/de\/wp-json\/wp\/v2\/product"}],"about":[{"href":"https:\/\/gastroturismo.ch\/de\/wp-json\/wp\/v2\/types\/product"}],"replies":[{"embeddable":true,"href":"https:\/\/gastroturismo.ch\/de\/wp-json\/wp\/v2\/comments?post=10919"}],"version-history":[{"count":0,"href":"https:\/\/gastroturismo.ch\/de\/wp-json\/wp\/v2\/product\/10919\/revisions"}],"wp:featuredmedia":[{"embeddable":true,"href":"https:\/\/gastroturismo.ch\/de\/wp-json\/wp\/v2\/media\/10773"}],"wp:attachment":[{"href":"https:\/\/gastroturismo.ch\/de\/wp-json\/wp\/v2\/media?parent=10919"}],"wp:term":[{"taxonomy":"product_brand","embeddable":true,"href":"https:\/\/gastroturismo.ch\/de\/wp-json\/wp\/v2\/product_brand?post=10919"},{"taxonomy":"product_cat","embeddable":true,"href":"https:\/\/gastroturismo.ch\/de\/wp-json\/wp\/v2\/product_cat?post=10919"},{"taxonomy":"product_tag","embeddable":true,"href":"https:\/\/gastroturismo.ch\/de\/wp-json\/wp\/v2\/product_tag?post=10919"}],"curies":[{"name":"wp","href":"https:\/\/api.w.org\/{rel}","templated":true}]}}