{"id":10916,"date":"2024-10-18T08:07:25","date_gmt":"2024-10-18T08:07:25","guid":{"rendered":"https:\/\/gastroturismo.ch\/product\/cork-back-coaster\/"},"modified":"2024-12-31T03:13:46","modified_gmt":"2024-12-31T03:13:46","slug":"cork-back-coaster","status":"publish","type":"product","link":"https:\/\/gastroturismo.ch\/de\/produkt\/cork-back-coaster\/","title":{"rendered":"Untersetzer mit Korkr\u00fccken"},"content":{"rendered":"<p>Dieser Untersetzer mit Korkr\u00fccken passt perfekt zu Ihrem Lieblingsbecher! Schaffen Sie ein heimeliges Gef\u00fchl und sch\u00fctzen Sie Ihren Couchtisch oder Nachttisch vor Tassenflecken und Feuchtigkeit. Der Untersetzer ist wasserdicht und hitzebest\u00e4ndig und f\u00fcr eine lange Lebensdauer ausgelegt. Kaufen Sie es f\u00fcr sich selbst oder als sch\u00f6nes Geschenk f\u00fcr Ihre Freunde und Familie.<\/p>\n<p> \u2022 Hartfaserplatte MDF 0,12&#8243; (3 mm)<br \/> \u2022 Kork 0,04&#8243; (1 mm)<br \/> \u2022 Hochglanzbeschichtung auf der Oberseite<br \/> \u2022 Gr\u00f6\u00dfe: 3,74&#8243; \u00d7 3,74&#8243; \u00d7 0,16&#8243; (95 \u00d7 95 \u00d7 4 mm)<br \/> \u2022 Abgerundete Ecken<br \/> \u2022 Wasserabweisend, hitzebest\u00e4ndig und rutschfest<br \/> \u2022 Leicht zu reinigen<\/p>\n<p> Der angezeigte Preis gilt f\u00fcr einen einzelnen Artikel.   <\/p>\n","protected":false},"excerpt":{"rendered":"<p>Dieser Untersetzer mit Korkr\u00fccken passt perfekt zu Ihrem Lieblingsbecher! Schaffen Sie ein heimeliges Gef\u00fchl und sch\u00fctzen Sie Ihren Couchtisch oder Nachttisch vor Tassenflecken und Feuchtigkeit. Der Untersetzer ist wasserdicht und hitzebest\u00e4ndig und f\u00fcr eine lange Lebensdauer ausgelegt. Kaufen Sie es f\u00fcr sich selbst oder als sch\u00f6nes Geschenk f\u00fcr Ihre Freunde und Familie. \u2022 Hartfaserplatte MDF [&hellip;]<\/p>\n","protected":false},"featured_media":10791,"comment_status":"open","ping_status":"closed","template":"","meta":[],"product_brand":[],"product_cat":[177],"product_tag":[],"class_list":{"0":"post-10916","1":"product","2":"type-product","3":"status-publish","4":"has-post-thumbnail","6":"product_cat-laden","8":"first","9":"instock","10":"taxable","11":"shipping-taxable","12":"purchasable","13":"product-type-simple"},"_links":{"self":[{"href":"https:\/\/gastroturismo.ch\/de\/wp-json\/wp\/v2\/product\/10916","targetHints":{"allow":["GET"]}}],"collection":[{"href":"https:\/\/gastroturismo.ch\/de\/wp-json\/wp\/v2\/product"}],"about":[{"href":"https:\/\/gastroturismo.ch\/de\/wp-json\/wp\/v2\/types\/product"}],"replies":[{"embeddable":true,"href":"https:\/\/gastroturismo.ch\/de\/wp-json\/wp\/v2\/comments?post=10916"}],"version-history":[{"count":0,"href":"https:\/\/gastroturismo.ch\/de\/wp-json\/wp\/v2\/product\/10916\/revisions"}],"wp:featuredmedia":[{"embeddable":true,"href":"https:\/\/gastroturismo.ch\/de\/wp-json\/wp\/v2\/media\/10791"}],"wp:attachment":[{"href":"https:\/\/gastroturismo.ch\/de\/wp-json\/wp\/v2\/media?parent=10916"}],"wp:term":[{"taxonomy":"product_brand","embeddable":true,"href":"https:\/\/gastroturismo.ch\/de\/wp-json\/wp\/v2\/product_brand?post=10916"},{"taxonomy":"product_cat","embeddable":true,"href":"https:\/\/gastroturismo.ch\/de\/wp-json\/wp\/v2\/product_cat?post=10916"},{"taxonomy":"product_tag","embeddable":true,"href":"https:\/\/gastroturismo.ch\/de\/wp-json\/wp\/v2\/product_tag?post=10916"}],"curies":[{"name":"wp","href":"https:\/\/api.w.org\/{rel}","templated":true}]}}