{"id":10909,"date":"2024-10-18T08:09:54","date_gmt":"2024-10-18T08:09:54","guid":{"rendered":"https:\/\/gastroturismo.ch\/product\/can-cooler\/"},"modified":"2024-12-31T03:13:47","modified_gmt":"2024-12-31T03:13:47","slug":"can-cooler","status":"publish","type":"product","link":"https:\/\/gastroturismo.ch\/de\/produkt\/can-cooler\/","title":{"rendered":"Dosenk\u00fchler"},"content":{"rendered":"<p>Verleihen Sie Ihren Schl\u00fcrfsitzungen eine pers\u00f6nliche Note! Dieser doppelseitige Dosenk\u00fchler ist in zwei Gr\u00f6\u00dfen erh\u00e4ltlich, die f\u00fcr Ihre normalen und schlanken Dosen geeignet sind. Gefertigt aus hochwertigem synthetischem Gummi, h\u00e4lt er Ihre Getr\u00e4nke k\u00fchl und Ihre H\u00e4nde warm. <\/p>\n<p> \u2022 Hergestellt aus Neopren <br \/> \u2022Wasserdicht<br \/> \u2022 Anpassung in zwei Gr\u00f6\u00dfen<br \/> \u2022 Gerippte N\u00e4hte<br \/> \u2022 Regul\u00e4res 5&#8243; \u00d7 4&#8243; (12 \u00d7 10 cm) oder schlankes 6,5&#8243; \u00d7 3,2&#8243; (17 \u00d7 8 cm)<br \/> \u2022 Fleckenreinigung nach Bedarf<br \/> \u2022 Blanko-Produkt, das aus China stammt und in den USA gedruckt wird<\/p>\n<p> Dieses Produkt wird auf Anfrage hergestellt. Keine Mindestbestellmengen.   <\/p>\n","protected":false},"excerpt":{"rendered":"<p>Verleihen Sie Ihren Schl\u00fcrfsitzungen eine pers\u00f6nliche Note! Dieser doppelseitige Dosenk\u00fchler ist in zwei Gr\u00f6\u00dfen erh\u00e4ltlich, die f\u00fcr Ihre normalen und schlanken Dosen geeignet sind. Gefertigt aus hochwertigem synthetischem Gummi, h\u00e4lt er Ihre Getr\u00e4nke k\u00fchl und Ihre H\u00e4nde warm. \u2022 Hergestellt aus Neopren \u2022Wasserdicht \u2022 Anpassung in zwei Gr\u00f6\u00dfen \u2022 Gerippte N\u00e4hte \u2022 Regul\u00e4res 5&#8243; \u00d7 [&hellip;]<\/p>\n","protected":false},"featured_media":10799,"comment_status":"open","ping_status":"closed","template":"","meta":[],"product_brand":[],"product_cat":[223],"product_tag":[],"class_list":{"0":"post-10909","1":"product","2":"type-product","3":"status-publish","4":"has-post-thumbnail","6":"product_cat-accessories-de","8":"first","9":"instock","10":"taxable","11":"shipping-taxable","12":"purchasable","13":"product-type-variable"},"_links":{"self":[{"href":"https:\/\/gastroturismo.ch\/de\/wp-json\/wp\/v2\/product\/10909","targetHints":{"allow":["GET"]}}],"collection":[{"href":"https:\/\/gastroturismo.ch\/de\/wp-json\/wp\/v2\/product"}],"about":[{"href":"https:\/\/gastroturismo.ch\/de\/wp-json\/wp\/v2\/types\/product"}],"replies":[{"embeddable":true,"href":"https:\/\/gastroturismo.ch\/de\/wp-json\/wp\/v2\/comments?post=10909"}],"version-history":[{"count":0,"href":"https:\/\/gastroturismo.ch\/de\/wp-json\/wp\/v2\/product\/10909\/revisions"}],"wp:featuredmedia":[{"embeddable":true,"href":"https:\/\/gastroturismo.ch\/de\/wp-json\/wp\/v2\/media\/10799"}],"wp:attachment":[{"href":"https:\/\/gastroturismo.ch\/de\/wp-json\/wp\/v2\/media?parent=10909"}],"wp:term":[{"taxonomy":"product_brand","embeddable":true,"href":"https:\/\/gastroturismo.ch\/de\/wp-json\/wp\/v2\/product_brand?post=10909"},{"taxonomy":"product_cat","embeddable":true,"href":"https:\/\/gastroturismo.ch\/de\/wp-json\/wp\/v2\/product_cat?post=10909"},{"taxonomy":"product_tag","embeddable":true,"href":"https:\/\/gastroturismo.ch\/de\/wp-json\/wp\/v2\/product_tag?post=10909"}],"curies":[{"name":"wp","href":"https:\/\/api.w.org\/{rel}","templated":true}]}}