{"id":10898,"date":"2024-10-18T08:12:04","date_gmt":"2024-10-18T08:12:04","guid":{"rendered":"https:\/\/gastroturismo.ch\/product\/tote-bag\/"},"modified":"2024-12-31T03:13:53","modified_gmt":"2024-12-31T03:13:53","slug":"tote-bag","status":"publish","type":"product","link":"https:\/\/gastroturismo.ch\/de\/produkt\/tote-bag\/","title":{"rendered":"Tragetasche"},"content":{"rendered":"<p>Eine ger\u00e4umige und trendige Tragetasche, mit der Sie alles Wesentliche mit sich herumtragen k\u00f6nnen.<\/p>\n<p>  \u2022 100% Polyester<br \/>  \u2022 Taschengr\u00f6\u00dfe: 15&#8243; \u00d7 15&#8243; (38,1 \u00d7 38,1 cm)<br \/>  \u2022 Fassungsverm\u00f6gen: 10 l (2,6 US-Gallonen)<br \/>  \u2022 Maximale Gewichtsgrenze: 44lbs (20 kg)<br \/>  \u2022 Doppelte Henkel aus 100% nat\u00fcrlicher Baumwolle Bull Denim<br \/>  \u2022 Griffl\u00e4nge 11,8&#8243; (30 cm), Breite 1&#8243; (2,5 cm)<br \/> \u2022 Die Griffe k\u00f6nnen je nach Fulfillment-Ort leicht variieren<br \/> \u2022 Blanko-Produktkomponenten aus Israel<\/p>\n<p> Dieses Produkt wird speziell f\u00fcr Sie hergestellt, sobald Sie eine Bestellung aufgeben, weshalb wir etwas l\u00e4nger brauchen, um es an Sie zu liefern. Die Herstellung von Produkten auf Abruf statt in gro\u00dfen Mengen tr\u00e4gt dazu bei, \u00dcberproduktion zu reduzieren, also vielen Dank, dass Sie durchdachte Kaufentscheidungen getroffen haben! <\/p>\n","protected":false},"excerpt":{"rendered":"<p>Eine ger\u00e4umige und trendige Tragetasche, mit der Sie alles Wesentliche mit sich herumtragen k\u00f6nnen. \u2022 100% Polyester \u2022 Taschengr\u00f6\u00dfe: 15&#8243; \u00d7 15&#8243; (38,1 \u00d7 38,1 cm) \u2022 Fassungsverm\u00f6gen: 10 l (2,6 US-Gallonen) \u2022 Maximale Gewichtsgrenze: 44lbs (20 kg) \u2022 Doppelte Henkel aus 100% nat\u00fcrlicher Baumwolle Bull Denim \u2022 Griffl\u00e4nge 11,8&#8243; (30 cm), Breite 1&#8243; (2,5 [&hellip;]<\/p>\n","protected":false},"featured_media":10845,"comment_status":"open","ping_status":"closed","template":"","meta":[],"product_brand":[],"product_cat":[177],"product_tag":[],"class_list":{"0":"post-10898","1":"product","2":"type-product","3":"status-publish","4":"has-post-thumbnail","6":"product_cat-laden","8":"first","9":"instock","10":"taxable","11":"shipping-taxable","12":"purchasable","13":"product-type-simple"},"_links":{"self":[{"href":"https:\/\/gastroturismo.ch\/de\/wp-json\/wp\/v2\/product\/10898","targetHints":{"allow":["GET"]}}],"collection":[{"href":"https:\/\/gastroturismo.ch\/de\/wp-json\/wp\/v2\/product"}],"about":[{"href":"https:\/\/gastroturismo.ch\/de\/wp-json\/wp\/v2\/types\/product"}],"replies":[{"embeddable":true,"href":"https:\/\/gastroturismo.ch\/de\/wp-json\/wp\/v2\/comments?post=10898"}],"version-history":[{"count":0,"href":"https:\/\/gastroturismo.ch\/de\/wp-json\/wp\/v2\/product\/10898\/revisions"}],"wp:featuredmedia":[{"embeddable":true,"href":"https:\/\/gastroturismo.ch\/de\/wp-json\/wp\/v2\/media\/10845"}],"wp:attachment":[{"href":"https:\/\/gastroturismo.ch\/de\/wp-json\/wp\/v2\/media?parent=10898"}],"wp:term":[{"taxonomy":"product_brand","embeddable":true,"href":"https:\/\/gastroturismo.ch\/de\/wp-json\/wp\/v2\/product_brand?post=10898"},{"taxonomy":"product_cat","embeddable":true,"href":"https:\/\/gastroturismo.ch\/de\/wp-json\/wp\/v2\/product_cat?post=10898"},{"taxonomy":"product_tag","embeddable":true,"href":"https:\/\/gastroturismo.ch\/de\/wp-json\/wp\/v2\/product_tag?post=10898"}],"curies":[{"name":"wp","href":"https:\/\/api.w.org\/{rel}","templated":true}]}}