{"id":10891,"date":"2024-10-18T08:13:47","date_gmt":"2024-10-18T08:13:47","guid":{"rendered":"https:\/\/gastroturismo.ch\/product\/set-of-pin-buttons\/"},"modified":"2024-12-31T03:13:52","modified_gmt":"2024-12-31T03:13:52","slug":"set-of-pin-buttons","status":"publish","type":"product","link":"https:\/\/gastroturismo.ch\/de\/produkt\/set-of-pin-buttons\/","title":{"rendered":"Satz Pin-Buttons"},"content":{"rendered":"<p>Dr\u00fccken Sie sich mit hochwertigen Pin-Buttons auf sinnvolle Weise aus. Sie sind leicht, robust und einfach anzuziehen. Mit einer kratz- und UV-best\u00e4ndigen Beschichtung und einer gl\u00e4nzenden Oberfl\u00e4che sind diese PIN-Kn\u00f6pfe f\u00fcr eine lange Lebensdauer ausgelegt. Zeigen Sie die Dinge, die Ihnen wichtig sind, und verleihen Sie Ihrer Kleidung oder Ihren Accessoires mit leuchtenden Anstecknadeln einen Hauch von Pers\u00f6nlichkeit. <\/p>\n<p> \u2022 Sie werden im 5er-Set geliefert <br \/> \u2022 Hergestellt aus Wei\u00dfblech<br \/> \u2022 Kratz- und UV-best\u00e4ndige Mylar-Beschichtung<br \/> \u2022 Gl\u00e4nzende Oberfl\u00e4che<br \/> \u2022 Leicht anzuziehen   <\/p>\n","protected":false},"excerpt":{"rendered":"<p>Dr\u00fccken Sie sich mit hochwertigen Pin-Buttons auf sinnvolle Weise aus. Sie sind leicht, robust und einfach anzuziehen. Mit einer kratz- und UV-best\u00e4ndigen Beschichtung und einer gl\u00e4nzenden Oberfl\u00e4che sind diese PIN-Kn\u00f6pfe f\u00fcr eine lange Lebensdauer ausgelegt. Zeigen Sie die Dinge, die Ihnen wichtig sind, und verleihen Sie Ihrer Kleidung oder Ihren Accessoires mit leuchtenden Anstecknadeln einen [&hellip;]<\/p>\n","protected":false},"featured_media":10853,"comment_status":"open","ping_status":"closed","template":"","meta":[],"product_brand":[],"product_cat":[177],"product_tag":[],"class_list":{"0":"post-10891","1":"product","2":"type-product","3":"status-publish","4":"has-post-thumbnail","6":"product_cat-laden","8":"first","9":"instock","10":"taxable","11":"shipping-taxable","12":"purchasable","13":"product-type-variable"},"_links":{"self":[{"href":"https:\/\/gastroturismo.ch\/de\/wp-json\/wp\/v2\/product\/10891","targetHints":{"allow":["GET"]}}],"collection":[{"href":"https:\/\/gastroturismo.ch\/de\/wp-json\/wp\/v2\/product"}],"about":[{"href":"https:\/\/gastroturismo.ch\/de\/wp-json\/wp\/v2\/types\/product"}],"replies":[{"embeddable":true,"href":"https:\/\/gastroturismo.ch\/de\/wp-json\/wp\/v2\/comments?post=10891"}],"version-history":[{"count":0,"href":"https:\/\/gastroturismo.ch\/de\/wp-json\/wp\/v2\/product\/10891\/revisions"}],"wp:featuredmedia":[{"embeddable":true,"href":"https:\/\/gastroturismo.ch\/de\/wp-json\/wp\/v2\/media\/10853"}],"wp:attachment":[{"href":"https:\/\/gastroturismo.ch\/de\/wp-json\/wp\/v2\/media?parent=10891"}],"wp:term":[{"taxonomy":"product_brand","embeddable":true,"href":"https:\/\/gastroturismo.ch\/de\/wp-json\/wp\/v2\/product_brand?post=10891"},{"taxonomy":"product_cat","embeddable":true,"href":"https:\/\/gastroturismo.ch\/de\/wp-json\/wp\/v2\/product_cat?post=10891"},{"taxonomy":"product_tag","embeddable":true,"href":"https:\/\/gastroturismo.ch\/de\/wp-json\/wp\/v2\/product_tag?post=10891"}],"curies":[{"name":"wp","href":"https:\/\/api.w.org\/{rel}","templated":true}]}}