{"id":8715,"date":"2022-09-14T15:28:29","date_gmt":"2022-09-14T15:28:29","guid":{"rendered":"https:\/\/gastroturismo.ch\/gastro-traeume\/"},"modified":"2025-08-05T12:06:40","modified_gmt":"2025-08-05T12:06:40","slug":"gastro-traeume","status":"publish","type":"page","link":"https:\/\/gastroturismo.ch\/de\/gastro-traeume\/","title":{"rendered":"Gastro Tr\u00e4ume"},"content":{"rendered":"\t\t<div data-elementor-type=\"wp-page\" data-elementor-id=\"8715\" class=\"elementor elementor-8715 elementor-8600\" data-elementor-post-type=\"page\">\n\t\t\t\t\t\t<section class=\"elementor-section elementor-top-section elementor-element elementor-element-5179a64 elementor-section-boxed elementor-section-height-default elementor-section-height-default\" data-id=\"5179a64\" data-element_type=\"section\">\n\t\t\t\t\t\t<div class=\"elementor-container elementor-column-gap-default\">\n\t\t\t\t\t<div class=\"elementor-column elementor-col-100 elementor-top-column elementor-element elementor-element-985623b\" data-id=\"985623b\" data-element_type=\"column\">\n\t\t\t<div class=\"elementor-widget-wrap elementor-element-populated\">\n\t\t\t\t\t\t<div class=\"elementor-element elementor-element-e813d29 elementor-widget elementor-widget-heading\" data-id=\"e813d29\" data-element_type=\"widget\" data-widget_type=\"heading.default\">\n\t\t\t\t<div class=\"elementor-widget-container\">\n\t\t\t\t\t<h2 class=\"elementor-heading-title elementor-size-default\">Verwirklichen Sie Ihren Traum mit Gastro Dreams!<\/h2>\t\t\t\t<\/div>\n\t\t\t\t<\/div>\n\t\t\t\t\t<\/div>\n\t\t<\/div>\n\t\t\t\t\t<\/div>\n\t\t<\/section>\n\t\t\t\t<section class=\"elementor-section elementor-top-section elementor-element elementor-element-d06983c elementor-section-boxed elementor-section-height-default elementor-section-height-default\" data-id=\"d06983c\" data-element_type=\"section\">\n\t\t\t\t\t\t<div class=\"elementor-container elementor-column-gap-default\">\n\t\t\t\t\t<div class=\"elementor-column elementor-col-100 elementor-top-column elementor-element elementor-element-6c5c0be\" data-id=\"6c5c0be\" data-element_type=\"column\">\n\t\t\t<div class=\"elementor-widget-wrap elementor-element-populated\">\n\t\t\t\t\t\t<div class=\"elementor-element elementor-element-bbc2a00 elementor--h-position-center elementor--v-position-middle elementor-arrows-position-inside elementor-pagination-position-inside elementor-widget elementor-widget-slides\" data-id=\"bbc2a00\" data-element_type=\"widget\" data-settings=\"{&quot;navigation&quot;:&quot;both&quot;,&quot;autoplay&quot;:&quot;yes&quot;,&quot;pause_on_hover&quot;:&quot;yes&quot;,&quot;pause_on_interaction&quot;:&quot;yes&quot;,&quot;autoplay_speed&quot;:5000,&quot;infinite&quot;:&quot;yes&quot;,&quot;transition&quot;:&quot;slide&quot;,&quot;transition_speed&quot;:500}\" data-widget_type=\"slides.default\">\n\t\t\t\t<div class=\"elementor-widget-container\">\n\t\t\t\t\t\t\t\t\t<div class=\"elementor-swiper\">\n\t\t\t\t\t<div class=\"elementor-slides-wrapper elementor-main-swiper swiper\" role=\"region\" aria-roledescription=\"carousel\" aria-label=\"Slides\" dir=\"ltr\" data-animation=\"fadeInUp\">\n\t\t\t\t<div class=\"swiper-wrapper elementor-slides\">\n\t\t\t\t\t\t\t\t\t\t<div class=\"elementor-repeater-item-d8059e2 swiper-slide\" role=\"group\" aria-roledescription=\"slide\"><div class=\"swiper-slide-bg\" role=\"img\"><\/div><div class=\"elementor-background-overlay\"><\/div><a class=\"swiper-slide-inner\" href=\"tel:+41798563439\"><div class=\"swiper-slide-contents\"><div class=\"elementor-slide-heading\">Gastro Tr\u00e4ume<\/div><div class=\"elementor-slide-description\"><p>Kulinarische Traumerlebnisse!<\/p>\n<\/div><div  class=\"elementor-button elementor-slide-button elementor-size-sm\">Rufen!<\/div><\/div><\/a><\/div>\t\t\t\t<\/div>\n\t\t\t\t\t\t\t<\/div>\n\t\t\t\t<\/div>\n\t\t\t\t\t\t\t\t<\/div>\n\t\t\t\t<\/div>\n\t\t\t\t\t<\/div>\n\t\t<\/div>\n\t\t\t\t\t<\/div>\n\t\t<\/section>\n\t\t\t\t<section class=\"elementor-section elementor-top-section elementor-element elementor-element-0147677 elementor-section-boxed elementor-section-height-default elementor-section-height-default\" data-id=\"0147677\" data-element_type=\"section\">\n\t\t\t\t\t\t<div class=\"elementor-container elementor-column-gap-default\">\n\t\t\t\t\t<div class=\"elementor-column elementor-col-16 elementor-top-column elementor-element elementor-element-06edfdc\" data-id=\"06edfdc\" data-element_type=\"column\">\n\t\t\t<div class=\"elementor-widget-wrap\">\n\t\t\t\t\t\t\t<\/div>\n\t\t<\/div>\n\t\t\t\t<div class=\"elementor-column elementor-col-66 elementor-top-column elementor-element elementor-element-c7e8198\" data-id=\"c7e8198\" data-element_type=\"column\">\n\t\t\t<div class=\"elementor-widget-wrap elementor-element-populated\">\n\t\t\t\t\t\t<div class=\"elementor-element elementor-element-95d3e71 elementor-widget elementor-widget-text-editor\" data-id=\"95d3e71\" data-element_type=\"widget\" data-widget_type=\"text-editor.default\">\n\t\t\t\t<div class=\"elementor-widget-container\">\n\t\t\t\t\t\t\t\t\t<h3 style=\"text-align: left;\"><span style=\"color: #ffffff;\">Essenserlebnis + eine \u00dcbernachtung im Hotel f\u00fcr zwei Personen<\/span><\/h3><p style=\"text-align: left;\">Um das Paket zu reservieren, rufen Sie Gastroturismo unter <span style=\"text-decoration: underline;\"><br \/><a href=\"tel:+41798563439\">079 856 34 39<\/a><\/span> an<span style=\"text-decoration: underline;\"><br \/><\/span>.<\/p><p style=\"text-align: left;\">Die Pakete haben kein festes Datum, der Kunde kann das gew\u00fcnschte Datum vorschlagen und Gastroturismo organisiert die Reservierung.<\/p><p style=\"text-align: left;\">Es wird gebeten, wenn m\u00f6glich, gute Benachrichtigung angesichts der vielen Buchungen in diesem Jahr in der Hotelbranche. Je fr\u00fcher Sie buchen, desto einfacher wird es sein, freie Termine zu finden.<\/p><p style=\"text-align: left;\">Viel Spass!<\/p>\t\t\t\t\t\t\t\t<\/div>\n\t\t\t\t<\/div>\n\t\t\t\t\t<\/div>\n\t\t<\/div>\n\t\t\t\t<div class=\"elementor-column elementor-col-16 elementor-top-column elementor-element elementor-element-10308ba\" data-id=\"10308ba\" data-element_type=\"column\">\n\t\t\t<div class=\"elementor-widget-wrap\">\n\t\t\t\t\t\t\t<\/div>\n\t\t<\/div>\n\t\t\t\t\t<\/div>\n\t\t<\/section>\n\t\t\t\t<section class=\"elementor-section elementor-top-section elementor-element elementor-element-2c8bf18 elementor-section-boxed elementor-section-height-default elementor-section-height-default\" data-id=\"2c8bf18\" data-element_type=\"section\">\n\t\t\t\t\t\t<div class=\"elementor-container elementor-column-gap-default\">\n\t\t\t\t\t<div class=\"elementor-column elementor-col-50 elementor-top-column elementor-element elementor-element-4690d77\" data-id=\"4690d77\" data-element_type=\"column\">\n\t\t\t<div class=\"elementor-widget-wrap elementor-element-populated\">\n\t\t\t\t\t\t<div class=\"elementor-element elementor-element-ec45d23 elementor-widget elementor-widget-image\" data-id=\"ec45d23\" data-element_type=\"widget\" data-widget_type=\"image.default\">\n\t\t\t\t<div class=\"elementor-widget-container\">\n\t\t\t\t\t\t\t\t\t\t\t\t\t\t\t<img fetchpriority=\"high\" decoding=\"async\" width=\"278\" height=\"300\" src=\"https:\/\/gastroturismo.ch\/wp-content\/uploads\/2022\/09\/Gastrodreams-Sopraceneri-278x300.png\" class=\"attachment-medium size-medium wp-image-8616\" alt=\"\" srcset=\"https:\/\/gastroturismo.ch\/wp-content\/uploads\/2022\/09\/Gastrodreams-Sopraceneri-278x300.png 278w, https:\/\/gastroturismo.ch\/wp-content\/uploads\/2022\/09\/Gastrodreams-Sopraceneri-546x590.png 546w, https:\/\/gastroturismo.ch\/wp-content\/uploads\/2022\/09\/Gastrodreams-Sopraceneri-577x624.png 577w, https:\/\/gastroturismo.ch\/wp-content\/uploads\/2022\/09\/Gastrodreams-Sopraceneri.png 593w\" sizes=\"(max-width: 278px) 100vw, 278px\" \/>\t\t\t\t\t\t\t\t\t\t\t\t\t\t\t<\/div>\n\t\t\t\t<\/div>\n\t\t\t\t\t<\/div>\n\t\t<\/div>\n\t\t\t\t<div class=\"elementor-column elementor-col-50 elementor-top-column elementor-element elementor-element-98d723e\" data-id=\"98d723e\" data-element_type=\"column\">\n\t\t\t<div class=\"elementor-widget-wrap elementor-element-populated\">\n\t\t\t\t\t\t<div class=\"elementor-element elementor-element-0c0046a elementor-widget elementor-widget-text-editor\" data-id=\"0c0046a\" data-element_type=\"widget\" data-widget_type=\"text-editor.default\">\n\t\t\t\t<div class=\"elementor-widget-container\">\n\t\t\t\t\t\t\t\t\t<h2>Sopraceneri<\/h2>\n<h3>Cantina il Cavaliere + Hotel Fior di Campo<\/h3>\n<p>Cantina il Cavaliere bietet eine Erfahrung, die der Welt des Weins gewidmet ist, dank viel Erfahrung, Leidenschaft und Professionalit\u00e4t in der Branche. Das Weingut ist ein besonderer und sehr einladender Ort, um nicht nur Produkte zu kaufen, sondern auch in Verkostungen einzutauchen, um die Weine, Geschichten und Aromen zu entdecken. Die F\u00fchrung bietet dann eine Tour, um mehr \u00fcber die Produkte zu erfahren, dank eines Blicks auf das Land, den Keller und eine Verkostung zusammen mit den Produzenten mit Weinen kombiniert mit einem reichhaltigen Aperitif, der aus gastronomischen Produkten der Region besteht.<\/p>\t\t\t\t\t\t\t\t<\/div>\n\t\t\t\t<\/div>\n\t\t\t\t\t<\/div>\n\t\t<\/div>\n\t\t\t\t\t<\/div>\n\t\t<\/section>\n\t\t\t\t<section class=\"elementor-section elementor-top-section elementor-element elementor-element-53be1e5 elementor-section-boxed elementor-section-height-default elementor-section-height-default\" data-id=\"53be1e5\" data-element_type=\"section\">\n\t\t\t\t\t\t<div class=\"elementor-container elementor-column-gap-default\">\n\t\t\t\t\t<div class=\"elementor-column elementor-col-100 elementor-top-column elementor-element elementor-element-192d33d\" data-id=\"192d33d\" data-element_type=\"column\">\n\t\t\t<div class=\"elementor-widget-wrap elementor-element-populated\">\n\t\t\t\t\t\t<div class=\"elementor-element elementor-element-eac4f52 elementor-widget elementor-widget-text-editor\" data-id=\"eac4f52\" data-element_type=\"widget\" data-widget_type=\"text-editor.default\">\n\t\t\t\t<div class=\"elementor-widget-container\">\n\t\t\t\t\t\t\t\t\t<p>Das Hotel Campo di Fiore befindet sich an einem einzigartigen Ort und erm\u00f6glicht es Ihnen, in eine entspannende Realit\u00e4t au\u00dferhalb der Vororte einzutauchen, vom Alltagsstress in einer wundersch\u00f6nen Umgebung in Vallemaggia (Campo). Die Zimmer bieten alles, was Sie f\u00fcr einen angenehmen und erholsamen Aufenthalt und erholsame N\u00e4chte ben\u00f6tigen. Bei der Wahl der Materialien stehen hohe Qualit\u00e4t und lokale Herkunft im Vordergrund \u2013 L\u00e4rchenholz, Granit aus dem Maggiatal und Glas garantieren angenehme Stunden in attraktiver Umgebung.<br \/>Betten und Bettw\u00e4sche garantieren eine hohe Qualit\u00e4t der Erholung. Die Zimmer sind ger\u00e4umig, einige mit Terrassen oder Balkonen mit direktem Blick auf das Tal.<br \/>Lassen Sie sich von der entspannten Atmosph\u00e4re dieses Boutique-Hotels umh\u00fcllen.<br \/>In der Reservierung ist auch das privat reservierte SPA enthalten.<br \/>Im Wellnessbereich finden Sie eine Sauna (mit Solarium), 2 Badewannen, eine gro\u00dfe Dusche und ein Pendelbett. Fr\u00fchst\u00fcck inklusive.<\/p>\n<p><span style=\"text-decoration: underline;\"><a href=\"https:\/\/www.fiordicampo.ch\/\" target=\"_blank\" rel=\"noopener\">www.fiordicampo.ch<\/a><\/span><\/p>\n\t\t\t\t\t\t\t\t<\/div>\n\t\t\t\t<\/div>\n\t\t\t\t\t<\/div>\n\t\t<\/div>\n\t\t\t\t\t<\/div>\n\t\t<\/section>\n\t\t\t\t<section class=\"elementor-section elementor-top-section elementor-element elementor-element-a1efa0e elementor-section-boxed elementor-section-height-default elementor-section-height-default\" data-id=\"a1efa0e\" data-element_type=\"section\">\n\t\t\t\t\t\t<div class=\"elementor-container elementor-column-gap-default\">\n\t\t\t\t\t<div class=\"elementor-column elementor-col-50 elementor-top-column elementor-element elementor-element-aa3e4c5\" data-id=\"aa3e4c5\" data-element_type=\"column\">\n\t\t\t<div class=\"elementor-widget-wrap elementor-element-populated\">\n\t\t\t\t\t\t<div class=\"elementor-element elementor-element-6e4f66c elementor-widget elementor-widget-image\" data-id=\"6e4f66c\" data-element_type=\"widget\" data-widget_type=\"image.default\">\n\t\t\t\t<div class=\"elementor-widget-container\">\n\t\t\t\t\t\t\t\t\t\t\t\t\t\t\t<img decoding=\"async\" width=\"300\" height=\"270\" src=\"https:\/\/gastroturismo.ch\/wp-content\/uploads\/2022\/09\/Gastrodreams-Luganese-300x270.png\" class=\"attachment-medium size-medium wp-image-8625\" alt=\"\" srcset=\"https:\/\/gastroturismo.ch\/wp-content\/uploads\/2022\/09\/Gastrodreams-Luganese-300x270.png 300w, https:\/\/gastroturismo.ch\/wp-content\/uploads\/2022\/09\/Gastrodreams-Luganese.png 558w\" sizes=\"(max-width: 300px) 100vw, 300px\" \/>\t\t\t\t\t\t\t\t\t\t\t\t\t\t\t<\/div>\n\t\t\t\t<\/div>\n\t\t\t\t\t<\/div>\n\t\t<\/div>\n\t\t\t\t<div class=\"elementor-column elementor-col-50 elementor-top-column elementor-element elementor-element-a2707b9\" data-id=\"a2707b9\" data-element_type=\"column\">\n\t\t\t<div class=\"elementor-widget-wrap elementor-element-populated\">\n\t\t\t\t\t\t<div class=\"elementor-element elementor-element-7e952bc elementor-widget elementor-widget-text-editor\" data-id=\"7e952bc\" data-element_type=\"widget\" data-widget_type=\"text-editor.default\">\n\t\t\t\t<div class=\"elementor-widget-container\">\n\t\t\t\t\t\t\t\t\t<h2>Luganese<\/h2><h3>Keller mit Sommelier + Hotel Bigatt<\/h3><p>Diese Erfahrung beinhaltet eine F\u00fchrung durch ein Weingut, das von der professionellen Sommelier Anna Valli mit einem Bundeszertifikat vorgeschlagen wird. Bei diesem Besuch in einem Weinkeller wird eine Verkostung aus dem Fass, eine komplette Verkostung der produzierten Weine und ein reichhaltiger Abschlusssnack mit lokalen Gerichten in Kombination mit Weinen angeboten. Die Wahl des Men\u00fcs kann auch je nach den W\u00fcnschen des Kunden ge\u00e4ndert werden. Eine perfekte Umgebung, die durch eine sch\u00f6ne Lage, qualitativ hochwertige Produkte und den Wissensaustausch zwischen dem Haupthersteller und dem Fachmann bereichert wird.<\/p>\t\t\t\t\t\t\t\t<\/div>\n\t\t\t\t<\/div>\n\t\t\t\t\t<\/div>\n\t\t<\/div>\n\t\t\t\t\t<\/div>\n\t\t<\/section>\n\t\t\t\t<section class=\"elementor-section elementor-top-section elementor-element elementor-element-908d540 elementor-section-boxed elementor-section-height-default elementor-section-height-default\" data-id=\"908d540\" data-element_type=\"section\">\n\t\t\t\t\t\t<div class=\"elementor-container elementor-column-gap-default\">\n\t\t\t\t\t<div class=\"elementor-column elementor-col-100 elementor-top-column elementor-element elementor-element-9b94539\" data-id=\"9b94539\" data-element_type=\"column\">\n\t\t\t<div class=\"elementor-widget-wrap elementor-element-populated\">\n\t\t\t\t\t\t<div class=\"elementor-element elementor-element-ee0ca5c elementor-widget elementor-widget-text-editor\" data-id=\"ee0ca5c\" data-element_type=\"widget\" data-widget_type=\"text-editor.default\">\n\t\t\t\t<div class=\"elementor-widget-container\">\n\t\t\t\t\t\t\t\t\t<p>Das Bigatt Hotel liegt inmitten einer herrlichen gr\u00fcnen Lunge am Fu\u00dfe des Monte San Salvatore, von der aus Sie einen spektakul\u00e4ren 360-Grad-Blick auf den Ceresiosee und den gesamten Golf von Lugano genie\u00dfen k\u00f6nnen. 9000 qm Wiesen, W\u00e4lder und G\u00e4rten zum Spazierengehen und Entspannen in der Natur. Und wo man 3000 Quadratmeter Obstg\u00e4rten und Bio-G\u00e4rten durchqueren kann, die nach den Prinzipien der elementaren Landwirtschaft kultiviert werden, deren Produkte (Obst, Gem\u00fcse, H\u00fclsenfr\u00fcchte, Gew\u00fcrze, Kr\u00e4uter und Kr\u00e4uter), die aus dem Respekt vor dem Land geboren wurden, die Grundlage der K\u00fcche der Locanda del Bigatt sind. Das Hotel befindet sich in einer komplett renovierten historischen Villa, inmitten eines herrlichen Parks im Golf von Lugano, das C\u00e1 dal Bigatt bietet 23 Zimmer, die sich voneinander unterscheiden und f\u00fcr jeden Bedarf geeignet sind.<\/p>\n<p><span style=\"text-decoration: underline;\"><a href=\"https:\/\/hotelbigatt.com\/\" target=\"_blank\" rel=\"noopener\">www.hotelbigatt.com<\/a><\/span><\/p>\n\t\t\t\t\t\t\t\t<\/div>\n\t\t\t\t<\/div>\n\t\t\t\t\t<\/div>\n\t\t<\/div>\n\t\t\t\t\t<\/div>\n\t\t<\/section>\n\t\t\t\t<section class=\"elementor-section elementor-top-section elementor-element elementor-element-b779718 elementor-section-boxed elementor-section-height-default elementor-section-height-default\" data-id=\"b779718\" data-element_type=\"section\">\n\t\t\t\t\t\t<div class=\"elementor-container elementor-column-gap-default\">\n\t\t\t\t\t<div class=\"elementor-column elementor-col-50 elementor-top-column elementor-element elementor-element-cad2509\" data-id=\"cad2509\" data-element_type=\"column\">\n\t\t\t<div class=\"elementor-widget-wrap elementor-element-populated\">\n\t\t\t\t\t\t<div class=\"elementor-element elementor-element-8dd79be elementor-widget elementor-widget-image\" data-id=\"8dd79be\" data-element_type=\"widget\" data-widget_type=\"image.default\">\n\t\t\t\t<div class=\"elementor-widget-container\">\n\t\t\t\t\t\t\t\t\t\t\t\t\t\t\t<img decoding=\"async\" width=\"270\" height=\"300\" src=\"https:\/\/gastroturismo.ch\/wp-content\/uploads\/2022\/09\/Gastrodreams-Valle-di-Muggio-270x300.png\" class=\"attachment-medium size-medium wp-image-8629\" alt=\"\" srcset=\"https:\/\/gastroturismo.ch\/wp-content\/uploads\/2022\/09\/Gastrodreams-Valle-di-Muggio-270x300.png 270w, https:\/\/gastroturismo.ch\/wp-content\/uploads\/2022\/09\/Gastrodreams-Valle-di-Muggio-531x590.png 531w, https:\/\/gastroturismo.ch\/wp-content\/uploads\/2022\/09\/Gastrodreams-Valle-di-Muggio.png 573w\" sizes=\"(max-width: 270px) 100vw, 270px\" \/>\t\t\t\t\t\t\t\t\t\t\t\t\t\t\t<\/div>\n\t\t\t\t<\/div>\n\t\t\t\t\t<\/div>\n\t\t<\/div>\n\t\t\t\t<div class=\"elementor-column elementor-col-50 elementor-top-column elementor-element elementor-element-1d25f2b\" data-id=\"1d25f2b\" data-element_type=\"column\">\n\t\t\t<div class=\"elementor-widget-wrap elementor-element-populated\">\n\t\t\t\t\t\t<div class=\"elementor-element elementor-element-491f8bb elementor-widget elementor-widget-text-editor\" data-id=\"491f8bb\" data-element_type=\"widget\" data-widget_type=\"text-editor.default\">\n\t\t\t\t<div class=\"elementor-widget-container\">\n\t\t\t\t\t\t\t\t\t<h2>Muggio\/Mendrisiotto-Tal<\/h2>\n<h3>Cantine Cavallini + Hotel Serpiano<\/h3>\n<div class=\"page\" title=\"Seite 4\">\n<div class=\"layoutArea\">\n<div class=\"column\">\n<p>In Cabbio, im Muggio-Tal, empf\u00e4ngt das Weingut Cavallini seine G\u00e4ste zu einem Besuch im Weinkeller und zu einer gef\u00fchrten Verkostung ihrer Weine. Das Weingut Cavallini bietet einen \u00dcberblick \u00fcber seine Weine, Grappa und den von ihm produzierten Nocino. Grazia und Luciano sind seit drei\u00dfig Jahren Winzer und vermitteln vor einem ruhigen Naturpanorama den Genuss der Verkostung, den Schluck authentischer Weine. Weine: Merlot, Cabernet S., Nebbiolo, Arinarnoa, Chambourcin, Sauvignon blanc, Americana. Die Verkostung und der Besuch enden mit einem reichhaltigen Aperitif mit lokalen Produkten des Muggio-Tals an einem einzigartigen und exklusiven Ort.<\/p>\n<\/div>\n<\/div>\n<\/div>\n\t\t\t\t\t\t\t\t<\/div>\n\t\t\t\t<\/div>\n\t\t\t\t\t<\/div>\n\t\t<\/div>\n\t\t\t\t\t<\/div>\n\t\t<\/section>\n\t\t\t\t<section class=\"elementor-section elementor-top-section elementor-element elementor-element-809fad4 elementor-section-boxed elementor-section-height-default elementor-section-height-default\" data-id=\"809fad4\" data-element_type=\"section\">\n\t\t\t\t\t\t<div class=\"elementor-container elementor-column-gap-default\">\n\t\t\t\t\t<div class=\"elementor-column elementor-col-100 elementor-top-column elementor-element elementor-element-68fe2d8\" data-id=\"68fe2d8\" data-element_type=\"column\">\n\t\t\t<div class=\"elementor-widget-wrap elementor-element-populated\">\n\t\t\t\t\t\t<div class=\"elementor-element elementor-element-8b1272c elementor-widget elementor-widget-text-editor\" data-id=\"8b1272c\" data-element_type=\"widget\" data-widget_type=\"text-editor.default\">\n\t\t\t\t<div class=\"elementor-widget-container\">\n\t\t\t\t\t\t\t\t\t<div class=\"page\" title=\"Seite 4\">\n<div class=\"layoutArea\">\n<div class=\"column\">\n<p>Zwischen dem Luganersee und dem Monte San Giorgio ist das Hotel Serpiano der ideale Ort f\u00fcr eine angenehme Flucht in die Natur. Sie k\u00f6nnen den atemberaubenden Blick auf den See genie\u00dfen und<br \/>in den Bergen vom Balkon des Zimmers oder vom Garten im Freien. In diesem Angebot ist eine romantische Suite (Schlafzimmer mit franz\u00f6sischem Himmelbett) f\u00fcr eine besondere Nacht mit entspannendem Blick auf die Natur enthalten. Im Hotel Serpiano gibt es eine kleine WELLNESS-OASE, in der Sie sich am Ende des Tages regenerieren k\u00f6nnen: Hallenbad beheizt 30 \u00b0 (Gr\u00f6\u00dfe: 16 x 8 m; Tiefe: von 90 bis 140 cm), Whirlpool 34 \u00b0, Fitnessraum, Sauna, Dampfbad, Ruheraum und Solarium im Freien mit Liegest\u00fchlen.<\/p>\n<p><span style=\"text-decoration: underline;\"><a href=\"https:\/\/www.serpiano.ch\/\" target=\"_blank\" rel=\"noopener\">www.serpiano.ch<\/a><\/span><\/p>\n<\/div>\n<\/div>\n<\/div>\n\t\t\t\t\t\t\t\t<\/div>\n\t\t\t\t<\/div>\n\t\t\t\t\t<\/div>\n\t\t<\/div>\n\t\t\t\t\t<\/div>\n\t\t<\/section>\n\t\t\t\t<section class=\"elementor-section elementor-top-section elementor-element elementor-element-ef57dff elementor-section-boxed elementor-section-height-default elementor-section-height-default\" data-id=\"ef57dff\" data-element_type=\"section\">\n\t\t\t\t\t\t<div class=\"elementor-container elementor-column-gap-default\">\n\t\t\t\t\t<div class=\"elementor-column elementor-col-100 elementor-top-column elementor-element elementor-element-9af91b5\" data-id=\"9af91b5\" data-element_type=\"column\">\n\t\t\t<div class=\"elementor-widget-wrap elementor-element-populated\">\n\t\t\t\t\t\t<div class=\"elementor-element elementor-element-666c4c8 elementor-widget elementor-widget-button\" data-id=\"666c4c8\" data-element_type=\"widget\" data-widget_type=\"button.default\">\n\t\t\t\t<div class=\"elementor-widget-container\">\n\t\t\t\t\t\t\t\t\t<div class=\"elementor-button-wrapper\">\n\t\t\t\t\t<a class=\"elementor-button elementor-button-link elementor-size-sm\" href=\"tel:+41798563439\">\n\t\t\t\t\t\t<span class=\"elementor-button-content-wrapper\">\n\t\t\t\t\t\t\t\t\t<span class=\"elementor-button-text\">Reservieren Sie Ihren Traum!<\/span>\n\t\t\t\t\t<\/span>\n\t\t\t\t\t<\/a>\n\t\t\t\t<\/div>\n\t\t\t\t\t\t\t\t<\/div>\n\t\t\t\t<\/div>\n\t\t\t\t\t<\/div>\n\t\t<\/div>\n\t\t\t\t\t<\/div>\n\t\t<\/section>\n\t\t\t\t<\/div>\n\t\t","protected":false},"excerpt":{"rendered":"<p>Verwirklichen Sie Ihren Traum mit Gastro Dreams! Gastro Tr\u00e4ume Kulinarische Traumerlebnisse! Rufen! Essenserlebnis + eine \u00dcbernachtung im Hotel f\u00fcr zwei Personen Um das Paket zu reservieren, rufen Sie Gastroturismo unter 079 856 34 39 an. Die Pakete haben kein festes Datum, der Kunde kann das gew\u00fcnschte Datum vorschlagen und Gastroturismo organisiert die Reservierung. Es wird [&hellip;]<\/p>\n","protected":false},"author":5,"featured_media":0,"parent":0,"menu_order":0,"comment_status":"closed","ping_status":"closed","template":"elementor_header_footer","meta":{"footnotes":""},"class_list":["post-8715","page","type-page","status-publish","hentry"],"_links":{"self":[{"href":"https:\/\/gastroturismo.ch\/de\/wp-json\/wp\/v2\/pages\/8715","targetHints":{"allow":["GET"]}}],"collection":[{"href":"https:\/\/gastroturismo.ch\/de\/wp-json\/wp\/v2\/pages"}],"about":[{"href":"https:\/\/gastroturismo.ch\/de\/wp-json\/wp\/v2\/types\/page"}],"author":[{"embeddable":true,"href":"https:\/\/gastroturismo.ch\/de\/wp-json\/wp\/v2\/users\/5"}],"replies":[{"embeddable":true,"href":"https:\/\/gastroturismo.ch\/de\/wp-json\/wp\/v2\/comments?post=8715"}],"version-history":[{"count":3,"href":"https:\/\/gastroturismo.ch\/de\/wp-json\/wp\/v2\/pages\/8715\/revisions"}],"predecessor-version":[{"id":12191,"href":"https:\/\/gastroturismo.ch\/de\/wp-json\/wp\/v2\/pages\/8715\/revisions\/12191"}],"wp:attachment":[{"href":"https:\/\/gastroturismo.ch\/de\/wp-json\/wp\/v2\/media?parent=8715"}],"curies":[{"name":"wp","href":"https:\/\/api.w.org\/{rel}","templated":true}]}}