{"id":8234,"date":"2022-05-03T14:57:44","date_gmt":"2022-05-03T14:57:44","guid":{"rendered":"https:\/\/gastroturismo.ch\/wer-wir-sind\/"},"modified":"2022-12-09T17:46:30","modified_gmt":"2022-12-09T17:46:30","slug":"wer-wir-sind","status":"publish","type":"page","link":"https:\/\/gastroturismo.ch\/de\/wer-wir-sind\/","title":{"rendered":"Wer wir sind"},"content":{"rendered":"\t\t<div data-elementor-type=\"wp-page\" data-elementor-id=\"8234\" class=\"elementor elementor-8234 elementor-3705\" data-elementor-post-type=\"page\">\n\t\t\t\t\t\t<section class=\"elementor-section elementor-top-section elementor-element elementor-element-6e7ff081 elementor-section-boxed elementor-section-height-default elementor-section-height-default\" data-id=\"6e7ff081\" data-element_type=\"section\">\n\t\t\t\t\t\t<div class=\"elementor-container elementor-column-gap-default\">\n\t\t\t\t\t<div class=\"elementor-column elementor-col-100 elementor-top-column elementor-element elementor-element-9fe570e\" data-id=\"9fe570e\" data-element_type=\"column\">\n\t\t\t<div class=\"elementor-widget-wrap elementor-element-populated\">\n\t\t\t\t\t\t<div class=\"elementor-element elementor-element-735f8a1 elementor-widget elementor-widget-heading\" data-id=\"735f8a1\" data-element_type=\"widget\" data-widget_type=\"heading.default\">\n\t\t\t\t<div class=\"elementor-widget-container\">\n\t\t\t\t\t<h2 class=\"elementor-heading-title elementor-size-default\">Wer wir sind<\/h2>\t\t\t\t<\/div>\n\t\t\t\t<\/div>\n\t\t\t\t<div class=\"elementor-element elementor-element-edef482 elementor-widget elementor-widget-spacer\" data-id=\"edef482\" data-element_type=\"widget\" data-widget_type=\"spacer.default\">\n\t\t\t\t<div class=\"elementor-widget-container\">\n\t\t\t\t\t\t\t<div class=\"elementor-spacer\">\n\t\t\t<div class=\"elementor-spacer-inner\"><\/div>\n\t\t<\/div>\n\t\t\t\t\t\t<\/div>\n\t\t\t\t<\/div>\n\t\t\t\t<div class=\"elementor-element elementor-element-36da955b elementor-widget elementor-widget-text-editor\" data-id=\"36da955b\" data-element_type=\"widget\" data-widget_type=\"text-editor.default\">\n\t\t\t\t<div class=\"elementor-widget-container\">\n\t\t\t\t\t\t\t\t\t<p><span style=\"font-weight: 400;\">Diese Initiative wurde von Ricard Ustrell und Riccardo Sabbioni, die die Sch\u00f6pfer des Projekts vertreten, ins Leben gerufen und konzipiert.<\/span><\/p>\n<p><span style=\"font-weight: 400;\">Die Leidenschaft f\u00fcr unser Gebiet, die Freundschaft zwischen den beiden Kollegen, das touristische und lokale Produktwissen bis hin zu dem Wunsch, ein innovatives Konzept vorzuschlagen, das f\u00fcr Liebhaber der Gastronomie geeignet ist, waren die notwendigen Synergien f\u00fcr dieses Projekt. Die Idee wurde im Sommer 2020 geboren, wo sich die Pandemie und die zur Verf\u00fcgung stehende Zeit in der ersten Phase des Designs voll und ganz widmen konnten.<\/span><\/p>\n<p><span style=\"font-weight: 400;\">Schritt f\u00fcr Schritt, zwischen kognitiven Besuchen bei Produzenten, dem Start positiver Kooperationen und der Gestaltung des Webportals, Gastroturismo.ch sich bis Mai 2021 bis zum Start weiterentwickeln und wachsen.<\/span><\/p>\n<p><span style=\"font-weight: 400;\">Zu diesem Zeitpunkt m\u00f6chten wir dazu beitragen, das lokale Potenzial hervorzuheben, indem wir Gastroturismo und lokale Agenten, die ihre gastronomischen Erlebnisse anbieten, f\u00f6rdern und als Bindeglied fungieren.<\/span><\/p>\n<p><span style=\"font-weight: 400;\">Ein grundlegendes gemeinsames Element ist der starke Wunsch, das Potenzial von Tessin zu vermitteln und das zu verbessern, was in unserem Kanton produziert wird, indem Leidenschaft, Originalit\u00e4t und Exklusivit\u00e4t vermittelt werden.<\/span><\/p>\n<p><\/p>\t\t\t\t\t\t\t\t<\/div>\n\t\t\t\t<\/div>\n\t\t\t\t<section class=\"elementor-section elementor-inner-section elementor-element elementor-element-c3609fe elementor-section-boxed elementor-section-height-default elementor-section-height-default\" data-id=\"c3609fe\" data-element_type=\"section\">\n\t\t\t\t\t\t<div class=\"elementor-container elementor-column-gap-default\">\n\t\t\t\t\t<div class=\"elementor-column elementor-col-33 elementor-inner-column elementor-element elementor-element-9b54807\" data-id=\"9b54807\" data-element_type=\"column\">\n\t\t\t<div class=\"elementor-widget-wrap elementor-element-populated\">\n\t\t\t\t\t\t<div class=\"elementor-element elementor-element-42d8d73d elementor-invisible elementor-widget elementor-widget-image\" data-id=\"42d8d73d\" data-element_type=\"widget\" data-settings=\"{&quot;_animation&quot;:&quot;fadeIn&quot;}\" data-widget_type=\"image.default\">\n\t\t\t\t<div class=\"elementor-widget-container\">\n\t\t\t\t\t\t\t\t\t\t\t\t\t\t\t<img fetchpriority=\"high\" decoding=\"async\" width=\"300\" height=\"300\" src=\"https:\/\/gastroturismo.ch\/wp-content\/uploads\/2021\/06\/RU.jpg\" class=\"attachment-large size-large wp-image-3997\" alt=\"\" srcset=\"https:\/\/gastroturismo.ch\/wp-content\/uploads\/2021\/06\/RU.jpg 300w, https:\/\/gastroturismo.ch\/wp-content\/uploads\/2021\/06\/RU-100x100.jpg 100w, https:\/\/gastroturismo.ch\/wp-content\/uploads\/2021\/06\/RU-150x150.jpg 150w, https:\/\/gastroturismo.ch\/wp-content\/uploads\/2021\/06\/RU-200x200.jpg 200w\" sizes=\"(max-width: 300px) 100vw, 300px\" \/>\t\t\t\t\t\t\t\t\t\t\t\t\t\t\t<\/div>\n\t\t\t\t<\/div>\n\t\t\t\t<div class=\"elementor-element elementor-element-8a87ff3 elementor-widget elementor-widget-text-editor\" data-id=\"8a87ff3\" data-element_type=\"widget\" data-widget_type=\"text-editor.default\">\n\t\t\t\t<div class=\"elementor-widget-container\">\n\t\t\t\t\t\t\t\t\t<p><b>Ricard Ustrell<\/b><\/p>\t\t\t\t\t\t\t\t<\/div>\n\t\t\t\t<\/div>\n\t\t\t\t<div class=\"elementor-element elementor-element-3dbf33d2 elementor-widget elementor-widget-text-editor\" data-id=\"3dbf33d2\" data-element_type=\"widget\" data-widget_type=\"text-editor.default\">\n\t\t\t\t<div class=\"elementor-widget-container\">\n\t\t\t\t\t\t\t\t\t<ul><li>Leidenschaft f\u00fcr Unternehmenskommunikation mit Fokus auf digitales Marketing und Grafik.<br><br><\/li><li>Jahrzehntelange Erfahrung in der Koordination von Veranstaltungen mit ausgepr\u00e4gten unternehmerischen F\u00e4higkeiten. Business Development war schon immer eine herausfordernde Branche.<br><br><\/li><li>Flexibel, einf\u00fchlsam, praktisch, kreativ, gesellig, positiv und entscheidungsfreudig.<\/li><\/ul>\t\t\t\t\t\t\t\t<\/div>\n\t\t\t\t<\/div>\n\t\t\t\t\t<\/div>\n\t\t<\/div>\n\t\t\t\t<div class=\"elementor-column elementor-col-33 elementor-inner-column elementor-element elementor-element-6359d7d1\" data-id=\"6359d7d1\" data-element_type=\"column\">\n\t\t\t<div class=\"elementor-widget-wrap elementor-element-populated\">\n\t\t\t\t\t\t<div class=\"elementor-element elementor-element-b580e7c elementor-invisible elementor-widget elementor-widget-image\" data-id=\"b580e7c\" data-element_type=\"widget\" data-settings=\"{&quot;_animation&quot;:&quot;fadeIn&quot;}\" data-widget_type=\"image.default\">\n\t\t\t\t<div class=\"elementor-widget-container\">\n\t\t\t\t\t\t\t\t\t\t\t\t\t\t\t<img decoding=\"async\" width=\"205\" height=\"205\" src=\"https:\/\/gastroturismo.ch\/wp-content\/uploads\/2021\/06\/Sabbioni-IMG_1047.jpg\" class=\"attachment-large size-large wp-image-4007\" alt=\"\" srcset=\"https:\/\/gastroturismo.ch\/wp-content\/uploads\/2021\/06\/Sabbioni-IMG_1047.jpg 205w, https:\/\/gastroturismo.ch\/wp-content\/uploads\/2021\/06\/Sabbioni-IMG_1047-100x100.jpg 100w, https:\/\/gastroturismo.ch\/wp-content\/uploads\/2021\/06\/Sabbioni-IMG_1047-150x150.jpg 150w, https:\/\/gastroturismo.ch\/wp-content\/uploads\/2021\/06\/Sabbioni-IMG_1047-200x200.jpg 200w\" sizes=\"(max-width: 205px) 100vw, 205px\" \/>\t\t\t\t\t\t\t\t\t\t\t\t\t\t\t<\/div>\n\t\t\t\t<\/div>\n\t\t\t\t<div class=\"elementor-element elementor-element-7a7bbc25 elementor-widget elementor-widget-text-editor\" data-id=\"7a7bbc25\" data-element_type=\"widget\" data-widget_type=\"text-editor.default\">\n\t\t\t\t<div class=\"elementor-widget-container\">\n\t\t\t\t\t\t\t\t\t<b>Riccardo Sabbioni<\/b>\t\t\t\t\t\t\t\t<\/div>\n\t\t\t\t<\/div>\n\t\t\t\t<div class=\"elementor-element elementor-element-4c3e6f30 elementor-widget elementor-widget-text-editor\" data-id=\"4c3e6f30\" data-element_type=\"widget\" data-widget_type=\"text-editor.default\">\n\t\t\t\t<div class=\"elementor-widget-container\">\n\t\t\t\t\t\t\t\t\t<ul><li>Spezialisiert auf Tourismus und leidenschaftlich \u00fcber Marketing, \u00d6ffentlichkeitsarbeit und die Welt der Gastronomie.<br><br><\/li><li>Frisch vom Studium und einem Job im Bereich Eventplanung und -management.<br><br><\/li><li>Eine Vergangenheit, die dem Schwimmsport gewidmet war, in der Werte wie Entschlossenheit und Willenskraft begr\u00fcndet wurden.<br><br><\/li><li>Einf\u00fchlsam, einf\u00fchlsam, gesellig, positiv, stur, p\u00fcnktlich und willig.<\/li><\/ul>\t\t\t\t\t\t\t\t<\/div>\n\t\t\t\t<\/div>\n\t\t\t\t\t<\/div>\n\t\t<\/div>\n\t\t\t\t<div class=\"elementor-column elementor-col-33 elementor-inner-column elementor-element elementor-element-2a8ad7f1\" data-id=\"2a8ad7f1\" data-element_type=\"column\">\n\t\t\t<div class=\"elementor-widget-wrap\">\n\t\t\t\t\t\t\t<\/div>\n\t\t<\/div>\n\t\t\t\t\t<\/div>\n\t\t<\/section>\n\t\t\t\t\t<\/div>\n\t\t<\/div>\n\t\t\t\t\t<\/div>\n\t\t<\/section>\n\t\t\t\t<\/div>\n\t\t","protected":false},"excerpt":{"rendered":"<p>Wer wir sind Diese Initiative wurde von Ricard Ustrell und Riccardo Sabbioni, die die Sch\u00f6pfer des Projekts vertreten, ins Leben gerufen und konzipiert. Die Leidenschaft f\u00fcr unser Gebiet, die Freundschaft zwischen den beiden Kollegen, das touristische und lokale Produktwissen bis hin zu dem Wunsch, ein innovatives Konzept vorzuschlagen, das f\u00fcr Liebhaber der Gastronomie geeignet ist, [&hellip;]<\/p>\n","protected":false},"author":5,"featured_media":0,"parent":0,"menu_order":1,"comment_status":"closed","ping_status":"closed","template":"elementor_header_footer","meta":{"footnotes":""},"class_list":["post-8234","page","type-page","status-publish","hentry"],"_links":{"self":[{"href":"https:\/\/gastroturismo.ch\/de\/wp-json\/wp\/v2\/pages\/8234","targetHints":{"allow":["GET"]}}],"collection":[{"href":"https:\/\/gastroturismo.ch\/de\/wp-json\/wp\/v2\/pages"}],"about":[{"href":"https:\/\/gastroturismo.ch\/de\/wp-json\/wp\/v2\/types\/page"}],"author":[{"embeddable":true,"href":"https:\/\/gastroturismo.ch\/de\/wp-json\/wp\/v2\/users\/5"}],"replies":[{"embeddable":true,"href":"https:\/\/gastroturismo.ch\/de\/wp-json\/wp\/v2\/comments?post=8234"}],"version-history":[{"count":0,"href":"https:\/\/gastroturismo.ch\/de\/wp-json\/wp\/v2\/pages\/8234\/revisions"}],"wp:attachment":[{"href":"https:\/\/gastroturismo.ch\/de\/wp-json\/wp\/v2\/media?parent=8234"}],"curies":[{"name":"wp","href":"https:\/\/api.w.org\/{rel}","templated":true}]}}