{"id":2762,"date":"2021-04-17T07:34:59","date_gmt":"2021-04-17T07:34:59","guid":{"rendered":"https:\/\/gastroturismo.ch\/formaggiusto-2\/"},"modified":"2021-12-11T18:05:18","modified_gmt":"2021-12-11T18:05:18","slug":"formaggiustokase","status":"publish","type":"page","link":"https:\/\/gastroturismo.ch\/de\/formaggiustokase\/","title":{"rendered":"Formaggiusto"},"content":{"rendered":"<p>[vc_row][vc_column][vc_separator color=&#8220;white&#8220;][vc_single_image image=&#8220;2497&#8243; img_size=&#8220;medium&#8220;][\/vc_column][\/vc_row][vc_row][vc_column css=&#8220;.vc_custom_1625127141936{margin-right: 20px !important;margin-left: 20px !important;}&#8220;][vc_column_text]Nach jahrelanger T\u00e4tigkeit in der Milchwirtschaft kreuzten Marco und Hans 2010 ihren beruflichen Weg und begannen eine neue Herausforderung, indem sie Formaggiusto er\u00f6ffneten, um ihren Kunden die gewonnene Erfahrung, Professionalit\u00e4t und Leidenschaft zur Verf\u00fcgung zu stellen.[\/vc_column_text][vc_tta_tabs style=&#8220;modern&#8220; active_section=&#8220;1&#8243;][vc_tta_section title=&#8220;\u00dcbersicht&#8220; tab_id=&#8220;1475569789470-4a7e00b7-936f&#8220;][vc_separator color=&#8220;custom&#8220; accent_color=&#8220;#f8f8f8&#8243;][vc_column_text css=&#8220;.vc_custom_1625127104962{margin-right: 20px !important;margin-left: 20px !important;}&#8220;]K\u00e4se ist in der Tat kein einfacher Laden, sondern ein echtes &#8222;Fromagerie&#8220;, wo man eine sehr reiche Auswahl an Produkten kennenlernen, probieren und kaufen kann, mit besonderem Schwerpunkt auf Ticinesi Alm k\u00e4se mit g.U., der wahren Exzellenz unseres Territoriums.<\/p>\n<p>Marco und Hans erwarten Sie von Dienstag bis Freitag von 9 bis 18 Uhr und Samstag von 9 bis 16 Uhr. Im La Riseria di Taverne, 6807 Taverne.<\/p>\n<p>Kunden oder Touristen, die an regnerischen Tagen ins K\u00e4segesch\u00e4ft reisen m\u00f6chten, sind immer willkommen, um eine &#8222;ma\u00dfgeschneiderte&#8220; K\u00e4severkostung durchzuf\u00fchren! Z\u00f6gern Sie nicht, uns zu kontaktieren, um Ihre Verkostung zu organisieren![\/vc_column_text][vc_single_image image=&#8220;2501&#8243; img_size=&#8220;full&#8220;][\/vc_tta_section][vc_tta_section title=&#8220;K\u00e4se&#8220; tab_id=&#8220;1474979016000-b7d82cbb-ff6d&#8220;][vc_separator color=&#8220;custom&#8220; accent_color=&#8220;#f8f8f8&#8243;][vc_column_text css=&#8220;.vc_custom_1639244872414{margin-right: 20px !important;margin-left: 20px !important;}&#8220;]Wir Ihnen neben dem klassischen Angebot eine einzigartige Wahl im Tessin! Franz\u00f6sischer Spezialk\u00e4se aus Kuhmilch, Ziegenmilch und Schafen. Lassen Sie sich diesen k\u00f6stlichen Vorschlag vom Juni in K\u00e4seuss nicht entgehen! Wir erwarten Sie in Taverne in unserem Gesch\u00e4ft, um Ihnen vorzuschlagen, was Sie am meisten lieben und macht Sie k\u00f6stlich.[\/vc_column_text][vc_gallery interval=&#8220;3&#8243; images=&#8220;4637,4633,4625,4621,4617,4613&#8243; img_size=&#8220;full&#8220;][\/vc_tta_section][vc_tta_section title=&#8220;Formulare&#8220; tab_id=&#8220;1616689925925-cbceb0a6-0246&#8243;][vc_separator color=&#8220;custom&#8220; accent_color=&#8220;#f8f8f8&#8243;][vc_column_text css=&#8220;.vc_custom_1625127156350{margin-right: 20px !important;margin-left: 20px !important;}&#8220;]FORMAGGIUSTO<br \/>\nIm La Riseria di Taverne, 6807 Taverne.<br \/>\nMarco Carmignola &#8211; Tel. +41 78 839 21 79<br \/>\nHans van der Linden &#8211; Tel. +41 78 945 55 72<br \/>\n<a href=\"http:\/\/www.formaggiusto.ch\" target=\"_blank\" rel=\"noopener\">www.formaggiusto.ch<\/a> &#8211; E-Mail info@formaggiusto.ch[\/vc_column_text][vc_separator color=&#8220;custom&#8220; accent_color=&#8220;#f8f8f8&#8243;][\/vc_tta_section][vc_tta_section title=&#8220;Extra&#8220; tab_id=&#8220;1622311595487-0777daa0-efcc&#8220;][vc_separator color=&#8220;custom&#8220; accent_color=&#8220;#f8f8f8&#8243;][vc_btn title=&#8220;Laden Sie diesen Monat es Promotion!&#8220; align=&#8220;center&#8220; i_icon_fontawesome=&#8220;fas fa-file-pdf&#8220; add_icon=&#8220;true&#8220; link=&#8220;url:https%3A%2F%2Fgastroturismo.ch%2Fwp-content%2Fuploads%2F2021%2F11%2Fformaggiusto-raclette-dec-01-merged.pdf|target:_blank&#8220;][vc_separator color=&#8220;custom&#8220; accent_color=&#8220;#f8f8f8&#8243;][\/vc_tta_section][\/vc_tta_tabs][\/vc_column][\/vc_row]<\/p>\n","protected":false},"excerpt":{"rendered":"<p>[vc_row][vc_column][vc_separator color=&#8220;white&#8220;][vc_single_image image=&#8220;2497&#8243; img_size=&#8220;medium&#8220;][\/vc_column][\/vc_row][vc_row][vc_column css=&#8220;.vc_custom_1625127141936{margin-right: 20px !important;margin-left: 20px !important;}&#8220;][vc_column_text]Nach jahrelanger T\u00e4tigkeit in der Milchwirtschaft kreuzten Marco und Hans 2010 ihren beruflichen Weg und begannen eine neue Herausforderung, indem sie Formaggiusto er\u00f6ffneten, um ihren Kunden die gewonnene Erfahrung, Professionalit\u00e4t und Leidenschaft zur Verf\u00fcgung zu stellen.[\/vc_column_text][vc_tta_tabs style=&#8220;modern&#8220; active_section=&#8220;1&#8243;][vc_tta_section title=&#8220;\u00dcbersicht&#8220; tab_id=&#8220;1475569789470-4a7e00b7-936f&#8220;][vc_separator color=&#8220;custom&#8220; accent_color=&#8220;#f8f8f8&#8243;][vc_column_text css=&#8220;.vc_custom_1625127104962{margin-right: 20px !important;margin-left: 20px !important;}&#8220;]K\u00e4se [&hellip;]<\/p>\n","protected":false},"author":3,"featured_media":0,"parent":0,"menu_order":36,"comment_status":"closed","ping_status":"closed","template":"","meta":{"footnotes":""},"class_list":["post-2762","page","type-page","status-publish","hentry"],"_links":{"self":[{"href":"https:\/\/gastroturismo.ch\/de\/wp-json\/wp\/v2\/pages\/2762","targetHints":{"allow":["GET"]}}],"collection":[{"href":"https:\/\/gastroturismo.ch\/de\/wp-json\/wp\/v2\/pages"}],"about":[{"href":"https:\/\/gastroturismo.ch\/de\/wp-json\/wp\/v2\/types\/page"}],"author":[{"embeddable":true,"href":"https:\/\/gastroturismo.ch\/de\/wp-json\/wp\/v2\/users\/3"}],"replies":[{"embeddable":true,"href":"https:\/\/gastroturismo.ch\/de\/wp-json\/wp\/v2\/comments?post=2762"}],"version-history":[{"count":0,"href":"https:\/\/gastroturismo.ch\/de\/wp-json\/wp\/v2\/pages\/2762\/revisions"}],"wp:attachment":[{"href":"https:\/\/gastroturismo.ch\/de\/wp-json\/wp\/v2\/media?parent=2762"}],"curies":[{"name":"wp","href":"https:\/\/api.w.org\/{rel}","templated":true}]}}