{"id":2218,"date":"2018-11-02T10:41:38","date_gmt":"2018-11-02T10:41:38","guid":{"rendered":"https:\/\/gastroturismo.ch\/bookings\/"},"modified":"2021-03-02T09:25:11","modified_gmt":"2021-03-02T09:25:11","slug":"bookings","status":"publish","type":"page","link":"https:\/\/gastroturismo.ch\/de\/bookings\/","title":{"rendered":"Buchungen"},"content":{"rendered":"<div class=\"row\">\n\t<!-- Listings -->\n\t<div class=\"col-lg-12 col-md-12\">\n\t\t<div class=\"dashboard-list-box  margin-top-0\">\n\t\t\t<div class=\"headline-with-filters list-view\">\n\n\n\t\t\t\t<!-- Booking Requests Filters  -->\n\t\t\t\t<div class=\"booking-requests-filter\">\n\t\t\t\t\t\t\t\t\t\t\t<input type=\"hidden\" id=\"dashboard_type\" name=\"dashboard_type\" value=\"owner\">\n\t\t\t\t\t\t<!-- <input type=\"text\" name=\"booking_author\" id=\"dashboard-booking-author-search\"> -->\n\t\t\t\t\t\t<div class=\"sort-by-booking-author\">\n\t\t\t\t\t\t\t<div class=\"sort-by-select\">\n\t\t\t\t\t\t\t\t<select data-placeholder=\"All Users\" class=\"select2-bookings-author\" id=\"booking_author\">\n\t\t\t\t\t\t\t\t\t<option value=\"show_all\">All Users<\/option>\n\t\t\t\t\t\t\t\t\t\t\t\t\t\t\t\t\t<\/select>\n\t\t\t\t\t\t\t<\/div>\n\t\t\t\t\t\t<\/div>\n\t\t\t\t\t\t\t\t\t\t\t\t\t\t\t\t<!-- Sort by -->\n\t\t\t\t\t\t<div class=\"sort-by-status\">\n\t\t\t\t\t\t\t<div class=\"sort-by-select\">\n\t\t\t\t\t\t\t\t<select data-placeholder=\"Default order\" class=\"select2-bookings-status\" id=\"listing_status\">\n\t\t\t\t\t\t\t\t\t<option value=\"approved\">All Statuses<\/option>\n\t\t\t\t\t\t\t\t\t<option value=\"confirmed\">Unpaid<\/option>\n\t\t\t\t\t\t\t\t\t<option value=\"paid\">Paid<\/option>\n\t\t\t\t\t\t\t\t<\/select>\n\t\t\t\t\t\t\t<\/div>\n\t\t\t\t\t\t<\/div>\n\t\t\t\t\t\n\t\t\t\t\t\t\t\t\t\t\t<input type=\"hidden\" id=\"listing_status\" value=\"approved\">\n\t\t\t\t\t\t\t\t\t\t\t\t\t\t\t\t<!-- Sort by -->\n\t\t\t\t\t\t<div class=\"sort-by\">\n\t\t\t\t\t\t\t<div class=\"sort-by-select\">\n\t\t\t\t\t\t\t\t<select data-placeholder=\"Default order\" class=\"select2-bookings\" id=\"listing_id\">\n\t\t\t\t\t\t\t\t\t<option value=\"show_all\">Alle Erfahrungen<\/option>\n\t\t\t\t\t\t\t\t\t\t\t\t\t\t\t\t\t\t\t<option value=\"12240\">Settemaggio Unplugged: ein Gitarren- und Weinerlebnis<\/option>\n\t\t\t\t\t\t\t\t\t\t\t\t\t\t\t\t\t\t\t<option value=\"12159\">Eine Reise, um die wichtigsten Arten von japanischem Sake zu entdecken<\/option>\n\t\t\t\t\t\t\t\t\t\t\t\t\t\t\t\t\t\t\t<option value=\"10627\">Verkostung mit personalisierter Mischungskreation<\/option>\n\t\t\t\t\t\t\t\t\t\t\t\t\t\t\t\t\t\t\t<option value=\"10552\">Fr\u00fchst\u00fcck in der R\u00f6sterei<\/option>\n\t\t\t\t\t\t\t\t\t\t\t\t\t\t\t\t\t\t\t<option value=\"10234\">Lernreisen in die Welt des Kakaos und der Schokolade mit DUDUUM<\/option>\n\t\t\t\t\t\t\t\t\t\t\t\t\t\t\t\t\t\t\t<option value=\"9729\">Samb\u00ec Verkostungsvorschlag in der H\u00fctte<\/option>\n\t\t\t\t\t\t\t\t\t\t\t\t\t\t\t\t\t\t\t<option value=\"8503\">Das n\u00f6rdlichste Weingut des Tessins<\/option>\n\t\t\t\t\t\t\t\t\t\t\t\t\t\t\t\t\t\t\t<option value=\"4711\">Verkostung von Acqua d&#8217;Alva Lik\u00f6ren!<\/option>\n\t\t\t\t\t\t\t\t\t\t\t\t\t\t\t\t\t\t\t<option value=\"4594\">K\u00e4severkostung in K\u00e4se!<\/option>\n\t\t\t\t\t\t\t\t\t\t\t\t\t\t\t\t\t\t\t<option value=\"4543\">Fondue Chinoise oder Bourguignonne in der Grotte San Salvatore<\/option>\n\t\t\t\t\t\t\t\t\t\t\t\t\t\t\t\t\t\t\t<option value=\"4393\">Schifffahrten auf dem See<\/option>\n\t\t\t\t\t\t\t\t\t\t\t\t\t\t\t\t\t\t\t<option value=\"4251\">Weinberg verkostung!<\/option>\n\t\t\t\t\t\t\t\t\t\t\t\t\t\t\t\t\t\t\t<option value=\"3801\">Gastronomisches Erlebnis in der Bruzellaer M\u00fchle<\/option>\n\t\t\t\t\t\t\t\t\t\t\t\t\t\t\t\t\t\t\t<option value=\"3124\">F\u00fcr diejenigen, die Bier lieben, Verkostung und Besuch der Brauerei! (leidenschaftliches Paket)<\/option>\n\t\t\t\t\t\t\t\t\t\t\t\t\t\t\t\t\t\t\t<option value=\"2147\">Tour &amp; Verkostung des No Land Bieres<\/option>\n\t\t\t\t\t\t\t\t\t\t\t\t\t\t\t\t\t\t\t<option value=\"3379\">Der Weinberg \u00fcber dem See und seine Sch\u00f6nheit<\/option>\n\t\t\t\t\t\t\t\t\t\t\t\t\t\t\t\t\t\t\t<option value=\"2427\">Weinprobe mit einem professionellen Somm\u00e9lier<\/option>\n\t\t\t\t\t\t\t\t\t\t\t\t\t\t\t\t\t\t\t<option value=\"3005\">Nachmittagstour unter den Sch\u00f6nheiten des Bauernhofes (4h)<\/option>\n\t\t\t\t\t\t\t\t\t\t\t\t\t\t\t\t\t\t\t<option value=\"2137\">Erleben Sie die Aromen der Molkerei<\/option>\n\t\t\t\t\t\t\t\t\t\t\t\t\t\t\t\t\t\t\t<option value=\"2110\">Die Aromen des Verzasca-Tals durch Bier<\/option>\n\t\t\t\t\t\t\t\t\t\t\t\t\t\t\t\t\t\t\t<option value=\"2118\">Die Aromen der Monte Lema Brauerei<\/option>\n\t\t\t\t\t\t\t\t\t\t\t\t\t\t\t\t\t\t\t<option value=\"2104\">Erfahrung zwischen Schl\u00e4gern und landwirtschaftlichen Produkten<\/option>\n\t\t\t\t\t\t\t\t\t\t\t\t\t\t\t\t\t\t\t<option value=\"3629\">Birra Mater \u2013 Verkostung mit La Colombera<\/option>\n\t\t\t\t\t\t\t\t\t\t\t\t\t\t\t\t\t\t\t<option value=\"2149\">Weinlese in Pedrinate<\/option>\n\t\t\t\t\t\t\t\t\t\t\t\t\t\t\t\t\t\t\t<option value=\"2106\">Weinprobe in einem Keller im Stil von 1600<\/option>\n\t\t\t\t\t\t\t\t\t\t\t\t\t\t\t\t\t\t\t<option value=\"2334\">Mehl aus dem Onsernonetal<\/option>\n\t\t\t\t\t\t\t\t\t\t\t\t\t\t\t\t\t\t\t<option value=\"3610\">Gastronomische Verkostung im Weinberg<\/option>\n\t\t\t\t\t\t\t\t\t\t\t\t\t\t\t\t\t\t\t<option value=\"3604\">Entspannung und Emotionen im Bacco Garden<\/option>\n\t\t\t\t\t\t\t\t\t\t\t\t\t\t\t\t\t\t\t<option value=\"2438\">Sommeli\u00e9re direkt zu Ihnen nach Hause!<\/option>\n\t\t\t\t\t\t\t\t\t\t\t\t\t\t\t\t\t\t\t<option value=\"3021\">Erfahrung mit Bienen! (1.5h)<\/option>\n\t\t\t\t\t\t\t\t\t\t\t\t\t\t\t\t\t\t\t<option value=\"3049\">Melken auf dem Hof f\u00fcr die Kleinen<\/option>\n\t\t\t\t\t\t\t\t\t\t\t\t\t\t\t\t\t\t\t<option value=\"2108\">Kulinarik in der Fattoria del Faggio<\/option>\n\t\t\t\t\t\t\t\t\t\t\t\t\t\t\t\t\t\t\t<option value=\"3132\">F\u00fcr diejenigen, die Bier lieben, Verkostung und Besuch der Brauerei! (Basispaket)<\/option>\n\t\t\t\t\t\t\t\t\t\t\t\t\t\t\t\t\t\t\t<option value=\"2093\">Snack im Garten im Muggio-Tal<\/option>\n\t\t\t\t\t\t\t\t\t\t\t\t\t\t\t\t\t\t\t<option value=\"3035\">Picknickkorb in der Natur<\/option>\n\t\t\t\t\t\t\t\t\t\t\t\t\t\t\t\t\t\t\t<option value=\"3055\">Colombera Aperitif<\/option>\n\t\t\t\t\t\t\t\t\t\t\t\t\t\t\t\t\t\t\t<option value=\"3042\">Fr\u00fchst\u00fcck auf dem Bauernhof!<\/option>\n\t\t\t\t\t\t\t\t\t\t\t\t\t\t\t\t\t\t\t<option value=\"2475\">Weinberge in den H\u00fcgeln, ein besonderer Keller und die Geschichte der Weine<\/option>\n\t\t\t\t\t\t\t\t\t\t\t\t\t\t\t\t\t\t\t<option value=\"2097\">Lokale Verkostung in Feinkost<\/option>\n\t\t\t\t\t\t\t\t\t\t\t\t\t\t\t\t\t\t\t<option value=\"2102\">Besuchen Sie Weinberge und Weing\u00fcter mit Verkostung<\/option>\n\t\t\t\t\t\t\t\t\t\t\t\t\t\t\t\t\t\t\t<option value=\"3028\">Weinprobe Azienda Agricola Bianchi<\/option>\n\t\t\t\t\t\t\t\t\t\t\t\t\t\t\t\t\t\t\t<option value=\"2112\">Eine Nacht im Weinberg: im Roccolo, im Zelt oder in einem Wohnmobil.<\/option>\n\t\t\t\t\t\t\t\t\t\t\t\t\t\t\t\t\t\t\t<option value=\"3186\">F\u00fchrung durch ein Weingut mit Verkostungen<\/option>\n\t\t\t\t\t\t\t\t\t\t\t\t\t\t\t\t\t\t\t<option value=\"2116\">Bier durch Noten an einem besonderen Ort<\/option>\n\t\t\t\t\t\t\t\t\t\t\t\t\t\t\t\t\t\t\t<option value=\"2120\">Der Bauernhof, der mitten in der Ruhe produziert<\/option>\n\t\t\t\t\t\t\t\t\t\t\t\t\t\t\t\t\t\t\t<option value=\"2129\">Die Kunst der Weinherstellung in einer einzigartigen Umgebung<\/option>\n\t\t\t\t\t\t\t\t\t\t\t\t\t\t\t\t\t\t\t<option value=\"2131\">Die Geheimnisse des Nektars der G\u00f6tter<\/option>\n\t\t\t\t\t\t\t\t\t\t\t\t\t\t\t\t\t\t\t<option value=\"2133\">Die kleine Brauerei im S\u00fcdtessiner Raum<\/option>\n\t\t\t\t\t\t\t\t\t\t\t\t\t\t\t\t\t\t\t<option value=\"2135\">Die schmackhaften und lokalen &#8222;Lik\u00f6re des Paradieses&#8220;<\/option>\n\t\t\t\t\t\t\t\t\t\t\t\t\t\t\t\t\t\t\t<option value=\"2139\">Gem\u00fcseparadies mitten auf den Feldern<\/option>\n\t\t\t\t\t\t\t\t\t\t\t\t\t\t\t\t\t\t\t<option value=\"3064\">Tradition, Leidenschaft und S\u00fc\u00dfe entdecken<\/option>\n\t\t\t\t\t\t\t\t\t\t\t\t\t\t\t\t\t<\/select>\n\t\t\t\t\t\t\t<\/div>\n\t\t\t\t\t\t<\/div>\n\t\t\t\t\t\n\n\t\t\t\t\t<!-- Date Range -->\n\t\t\t\t\t<div id=\"booking-date-range-enabler\">\n\t\t\t\t\t\t<span>Pick a Date<\/span>\n\t\t\t\t\t<\/div>\n\n\t\t\t\t\t<div id=\"booking-date-range\" style=\"display: none;\">\n\t\t\t\t\t\t<span><\/span>\n\t\t\t\t\t<\/div>\n\n\n\t\t\t\t<\/div>\n\n\t\t\t\t<!-- Reply to review popup -->\n\n\n\t\t\t\t<h4>Booking Requests <i class=\"fa fa-circle-o-notch fa-spin booking-loading-icon\"><\/i> <\/h4>\n\t\t\t<\/div>\n\n\t\t\t<ul id=\"no-bookings-information\" style=\"display: none\">\n\t\t\t\tWe haven&#039;t found any bookings for that criteria\t\t\t<\/ul>\n\t\t\t\t\t\t\t<ul id=\"no-bookings-information\">\n\t\t\t\t\tYou don&#039;t have any bookings yet\t\t\t\t<\/ul>\n\t\t\t\n\t\t<\/div>\n\t\t<div class=\"pagination-container \">\n\t\t\t\t\t<\/div>\n\t\t<div id=\"small-dialog\" class=\"zoom-anim-dialog mfp-hide\">\n\t\t\t<div class=\"small-dialog-header\">\n\t\t\t\t<h3>Send Message<\/h3>\n\t\t\t<\/div>\n\t\t\t<div class=\"message-reply margin-top-0\">\n\t\t\t\t<form action=\"\" id=\"send-message-from-widget\" data-booking_id=\"\">\n\t\t\t\t\t<textarea data-recipient=\"\" data-referral=\"\" required cols=\"40\" id=\"contact-message\" name=\"message\" rows=\"3\" placeholder=\"Your message\"><\/textarea>\n\t\t\t\t\t<button class=\"button\">\n\t\t\t\t\t\t<i class=\"fa fa-circle-o-notch fa-spin\" aria-hidden=\"true\"><\/i>Send Message<\/button>\n\t\t\t\t\t<div class=\"notification closeable success margin-top-20\"><\/div>\n\n\t\t\t\t<\/form>\n\n\t\t\t<\/div>\n\t\t<\/div>\n\t\t<a style=\"display:none;\" href=\"#small-dialog\" class=\"send-message-to-owner button popup-with-zoom-anim\"><i class=\"sl sl-icon-envelope-open\"><\/i> Send Message<\/a>\n\t<\/div>\n<\/div>\n","protected":false},"excerpt":{"rendered":"","protected":false},"author":2,"featured_media":0,"parent":0,"menu_order":16,"comment_status":"closed","ping_status":"closed","template":"template-dashboard.php","meta":{"footnotes":""},"class_list":["post-2218","page","type-page","status-publish","hentry"],"_links":{"self":[{"href":"https:\/\/gastroturismo.ch\/de\/wp-json\/wp\/v2\/pages\/2218","targetHints":{"allow":["GET"]}}],"collection":[{"href":"https:\/\/gastroturismo.ch\/de\/wp-json\/wp\/v2\/pages"}],"about":[{"href":"https:\/\/gastroturismo.ch\/de\/wp-json\/wp\/v2\/types\/page"}],"author":[{"embeddable":true,"href":"https:\/\/gastroturismo.ch\/de\/wp-json\/wp\/v2\/users\/2"}],"replies":[{"embeddable":true,"href":"https:\/\/gastroturismo.ch\/de\/wp-json\/wp\/v2\/comments?post=2218"}],"version-history":[{"count":0,"href":"https:\/\/gastroturismo.ch\/de\/wp-json\/wp\/v2\/pages\/2218\/revisions"}],"wp:attachment":[{"href":"https:\/\/gastroturismo.ch\/de\/wp-json\/wp\/v2\/media?parent=2218"}],"curies":[{"name":"wp","href":"https:\/\/api.w.org\/{rel}","templated":true}]}}