{"id":2202,"date":"2020-11-30T10:36:34","date_gmt":"2020-11-30T10:36:34","guid":{"rendered":"https:\/\/gastroturismo.ch\/privacy\/"},"modified":"2022-02-02T07:59:06","modified_gmt":"2022-02-02T07:59:06","slug":"privacy","status":"publish","type":"page","link":"https:\/\/gastroturismo.ch\/de\/privacy\/","title":{"rendered":"Datenschutz"},"content":{"rendered":"<p><span style=\"color: #000000;\"><strong>\u00dcber uns<\/strong><\/span><br \/>\n<span style=\"font-weight: 400;\">Die Adresse unserer Website lautet: https:\/\/www.gastroturismo.ch<\/span><\/p>\n<p><span style=\"font-weight: 400;\">Die Website https:\/\/www.gastroturismo.ch (der &#8222;Service&#8220;) ist jetzt in Betrieb (&#8222;unser&#8220;).<\/span><\/p>\n<p><span style=\"color: #000000;\"><strong>Welche personenbezogenen Daten erfassen wir und warum erfassen wir sie:<\/strong><\/span><\/p>\n<p><span style=\"color: #000000;\"><strong>Medien<\/strong><\/span><br \/>\n<span style=\"font-weight: 400;\">Wenn Sie Bilder auf die Website hochladen, sollten Sie das Hochladen von Bildern mit eingebetteten Positionsdaten (EXIF GPS) vermeiden. Besucher der Website k\u00f6nnen alle Standortdaten aus den Bildern auf der Website herunterladen und extrahieren.<\/span><\/p>\n<p><span style=\"color: #000000;\"><strong>Kontaktformular<\/strong><\/span><br \/>\n<span style=\"font-weight: 400;\">Wenn Sie unseren Service nutzen, bitten wir Sie, uns bestimmte personenbezogene Daten zur Verf\u00fcgung zu stellen, mit denen Sie kontaktiert oder identifiziert werden k\u00f6nnen (\u201epersonenbezogene Daten\u201c). Pers\u00f6nlich identifizierbare Informationen k\u00f6nnen Folgendes umfassen:<\/span><\/p>\n<p><span style=\"font-weight: 400;\">-E-Mail-Adresse<\/span><br \/>\n<span style=\"font-weight: 400;\">-Kunde Vor- und Nachname<\/span><br \/>\n<span style=\"font-weight: 400;\">-Verbindungs-URL<\/span><br \/>\n<span style=\"font-weight: 400;\">-Telefonnummer<\/span><br \/>\n<span style=\"font-weight: 400;\">-Cookies und Nutzungsdaten<\/span><\/p>\n<p><span style=\"font-weight: 400;\">Wir \u00fcbernehmen keine Verantwortung f\u00fcr den Inhalt der Links.<\/span><\/p>\n<p><span style=\"color: #000000;\"><strong>Cookies<\/strong><\/span><br \/>\n<span style=\"font-weight: 400;\">Cookies sind Dateien mit einer kleinen Datenmenge, die eine eindeutige und anonyme Kennung enthalten k\u00f6nnen. Cookies werden von einer Website an Ihren Browser gesendet und auf Ihrem Ger\u00e4t gespeichert. Tracking-Technologien werden auch als Marker, Tags und Skripte verwendet, um Informationen zu sammeln und zu verfolgen sowie unseren Service zu verbessern und zu analysieren.<\/span><\/p>\n<p><span style=\"font-weight: 400;\">Sie k\u00f6nnen Ihren Browser anweisen, alle Cookies abzulehnen oder anzugeben, wann ein Cookie gesendet wird. Wenn Sie jedoch keine Cookies akzeptieren, k\u00f6nnen Sie m\u00f6glicherweise bestimmte Teile unseres Service nicht nutzen.<\/span><\/p>\n<p><span style=\"font-weight: 400;\">Wenn Sie ein Konto haben und sich auf dieser Website anmelden, setzen wir ein tempor\u00e4res Cookie, um festzustellen, ob Ihr Browser Cookies akzeptiert. Dieses Cookie enth\u00e4lt keine pers\u00f6nlichen Daten und wird beim Schlie\u00dfen Ihres Browsers verworfen.<\/span><\/p>\n<p><span style=\"font-weight: 400;\">Wenn Sie sich anmelden, setzen wir au\u00dferdem mehrere Cookies, um Ihre Anmeldeinformationen und Bildschirmdarstellungsoptionen zu speichern. Anmelde-Cookies sind zwei Tage lang g\u00fcltig und Cookies f\u00fcr die Bildschirmanzeigeoptionen sind ein Jahr lang g\u00fcltig. Wenn Sie &#8222;Remember me&#8220; w\u00e4hlen, bleibt Ihr Login zwei Wochen lang erhalten. Wenn Sie sich von Ihrem Konto abmelden, werden die Login-Cookies entfernt.<\/span><\/p>\n<p><span style=\"font-weight: 400;\">Wenn Sie einen Artikel bearbeiten oder ver\u00f6ffentlichen, wird ein zus\u00e4tzliches Cookie in Ihrem Browser gespeichert. Dieses Cookie enth\u00e4lt keine pers\u00f6nlichen Daten und gibt lediglich die ID des Beitrags des Artikels an, den Sie gerade ge\u00e4ndert haben. Es l\u00e4uft nach 1 Tag ab.<\/span><\/p>\n<p><span style=\"color: #000000;\"><strong>Von anderen Websites eingebettete Inhalte<\/strong><\/span><br \/>\n<span style=\"font-weight: 400;\">Artikel auf dieser Website k\u00f6nnen eingebettete Inhalte enthalten (z. B. Videos, Bilder, Artikel usw.). Eingebettete Inhalte von anderen Websites verhalten sich genau so, als h\u00e4tte der Besucher die andere Website besucht.<\/span><\/p>\n<p><span style=\"font-weight: 400;\">Diese Websites sammeln m\u00f6glicherweise Daten \u00fcber Sie, verwenden Cookies, integrieren zus\u00e4tzliches Tracking von Drittanbietern und verfolgen Ihre Interaktion mit diesen eingebetteten Inhalten, einschlie\u00dflich der Verfolgung Ihrer Interaktion mit eingebetteten Inhalten, wenn Sie \u00fcber ein Konto verf\u00fcgen und mit dieser Website verlinkt sind.<\/span><\/p>\n<p><span style=\"color: #000000;\"><strong>Auswertung<\/strong><\/span><br \/>\n<span style=\"font-weight: 400;\">M\u00f6glicherweise erfassen wir auch Informationen dar\u00fcber, wie Sie auf den Service zugreifen und ihn nutzen (\u201eNutzungsdaten\u201c). Diese Nutzungsdaten k\u00f6nnen Informationen wie die Internetprotokoll Adresse Ihres Computers (wie Ihre IP-Adresse), den Browsertyp, die Browserversion, die von uns besuchten Seiten unseres Dienstes, die Uhrzeit und das Datum Ihres Besuchs sowie die auf diesen Seiten verbrachte Zeit enthalten Ger\u00e4tekennungen und andere Diagnosedaten.<\/span><\/p>\n<p><span style=\"color: #000000;\"><strong>Google Analytics<\/strong><\/span><br \/>\n<span style=\"font-weight: 400;\">Google Analytics ist ein von Google angebotener Webanalysedienst, der den Websiteverkehr verfolgt und berichtet. Google verwendet die gesammelten Daten, um die Nutzung unseres Dienstes zu \u00fcberwachen. Diese Daten werden mit anderen Google-Diensten geteilt. Google kann die gesammelten Daten verwenden, um die Anzeigen seines Werbenetzwerks zu kontextualisieren und zu individualisieren.<\/span><\/p>\n<p><span style=\"font-weight: 400;\">Sie k\u00f6nnen die Erfassung Ihrer Aktivit\u00e4ten auf dem Service durch Google Analytics verhindern, indem Sie das Google Analytics Browser-Add-on installieren. Das Add-on verhindert, dass Google Analytics JavaScript (ga.js, analytics.js und dc.js) Informationen \u00fcber Ihre Besuchsaktivit\u00e4ten an Google Analytics weitergibt.<\/span><\/p>\n<p><span style=\"font-weight: 400;\">Weitere Informationen \u00fcber die Datenschutzpraktiken von Google finden Sie auf der Webseite zu Datenschutz und Nutzungsbedingungen von Google: https:\/\/policies.google.com\/privacy?hl=en<\/span><\/p>\n<p><span style=\"color: #000000;\"><strong>Hotjar<\/strong><\/span><br \/>\n<span style=\"font-weight: 400;\">Wir verwenden Hotjar, um die Bed\u00fcrfnisse unserer Nutzer besser zu verstehen und diesen Service und diese Erfahrung zu optimieren. Hotjar ist ein technologischer Dienst, der uns hilft, die Benutzererfahrung besser zu verstehen (z. B. wie viel Zeit sie auf welchen Seiten verbringen, auf welche Links sie klicken, was sie tun und was Benutzer nicht m\u00f6gen usw.). Dies erm\u00f6glicht es uns, unseren Service mit Benutzerfeedback aufzubauen und aufrechtzuerhalten. Hotjar verwendet Cookies und andere Technologien, um Daten \u00fcber das Verhalten unserer Benutzer und ihre Ger\u00e4te zu sammeln (insbesondere die IP-Adresse des Ger\u00e4ts (nur anonym erfasst und gespeichert)), die Gr\u00f6\u00dfe des Ger\u00e4tebildschirms, den Ger\u00e4tetyp (eindeutige Ger\u00e4tekennungen). , Browserinformationen, geografischer Standort (nur Land), die bevorzugte Sprache f\u00fcr die Anzeige unserer Website). Hotjar speichert diese Informationen in einem Alias-Benutzerprofil. Weder Hotjar noch wir werden diese Informationen jemals verwenden, um einzelne Benutzer zu identifizieren oder sie mit anderen Daten \u00fcber einen einzelnen Benutzer zu kombinieren. Weitere Informationen finden Sie in den Datenschutzbestimmungen von Hotjar, indem Sie auf diesen Link klicken.<\/span><\/p>\n<p><span style=\"color: #000000;\"><strong>Facebook<\/strong><\/span><br \/>\n<span style=\"font-weight: 400;\">Conversion-Tracking hilft Unternehmen dabei, die Investitionsrendite ihrer Facebook-Werbeanzeigen zu messen, indem es die Aktionen aufzeichnet, die Personen nach dem Betrachten dieser Anzeigen ausf\u00fchren. Werbetreibende k\u00f6nnen Pixel erstellen, die Conversions nachverfolgen, sie zu den Seiten ihrer Website hinzuf\u00fcgen, auf denen Conversions stattfinden, und diese Conversions dann zu den Anzeigen verfolgen, die sie auf Facebook schalten. Das Nachverfolgen von Conversions hilft Unternehmen auch dabei, die optimierten Kosten pro Impression (oCPM) zu nutzen, um Anzeigen den Personen zu zeigen, bei denen die Wahrscheinlichkeit einer Conversion auf Facebook am gr\u00f6\u00dften ist.<\/span><\/p>\n<p><span style=\"color: #000000;\"><strong>Wie lange speichern wir Ihre Daten<\/strong><\/span><br \/>\n<span style=\"font-weight: 400;\">F\u00fcr Nutzer, die sich auf unserer Website registrieren (falls vorhanden), speichern wir auch die von ihnen angegebenen pers\u00f6nlichen Informationen in ihrem Benutzerprofil. Alle Nutzer k\u00f6nnen ihre pers\u00f6nlichen Daten jederzeit anzeigen, \u00e4ndern oder l\u00f6schen (au\u00dfer dass sie ihren Benutzernamen nicht \u00e4ndern k\u00f6nnen). Website-Administratoren k\u00f6nnen diese Informationen auch anzeigen und \u00e4ndern.<\/span><\/p>\n<p><span style=\"color: #000000;\"><strong>Welche Rechte haben Sie an Ihren Daten<\/strong><\/span><br \/>\n<span style=\"font-weight: 400;\">Wenn Sie ein Konto auf dieser Website haben oder Kommentare hinterlassen haben, k\u00f6nnen Sie eine exportierte Datei mit pers\u00f6nlichen Informationen anfordern, die wir \u00fcber Sie gespeichert haben, einschlie\u00dflich der Informationen, die Sie uns zur Verf\u00fcgung gestellt haben. Sie k\u00f6nnen auch die L\u00f6schung aller personenbezogenen Daten beantragen, die wir \u00fcber Sie gespeichert haben. Dies schlie\u00dft keine Daten ein, die wir aus administrativen, rechtlichen oder Sicherheitsgr\u00fcnden aufbewahren m\u00fcssen.<\/span><\/p>\n<p><span style=\"color: #000000;\"><strong>Sicherheit<\/strong><\/span><br \/>\n<span style=\"font-weight: 400;\">Die Sicherheit Ihrer Daten ist uns wichtig, aber bedenken Sie, dass keine Methode der \u00dcbertragung \u00fcber das Internet oder Methode der elektronischen Speicherung 100% sicher ist. Obwohl wir uns bem\u00fchen, handels\u00fcbliche Mittel zum Schutz Ihrer pers\u00f6nlichen Daten einzusetzen, k\u00f6nnen wir deren absolute Sicherheit nicht garantieren.<\/span><\/p>\n<p><span style=\"color: #000000;\"><strong>\u00c4nderungen dieser Datenschutzrichtlinie<\/strong><\/span><br \/>\n<span style=\"font-weight: 400;\">Wir k\u00f6nnen unsere Datenschutzrichtlinie von Zeit zu Zeit aktualisieren. Wir werden Sie \u00fcber alle \u00c4nderungen informieren, indem wir die neue Datenschutzrichtlinie auf dieser Seite ver\u00f6ffentlichen.<\/span><\/p>\n<p><span style=\"font-weight: 400;\">Wir werden Sie per E-Mail und\/oder durch einen auff\u00e4lligen Hinweis in unserem Service benachrichtigen, bevor die \u00c4nderung in Kraft tritt, und wir werden das &#8222;Datum des Inkrafttretens&#8220; oben in dieser Datenschutzrichtlinie aktualisieren.<\/span><\/p>\n<p><span style=\"font-weight: 400;\">Wir empfehlen Ihnen, diese Datenschutzrichtlinie regelm\u00e4\u00dfig auf \u00c4nderungen zu \u00fcberpr\u00fcfen. \u00c4nderungen an dieser Datenschutzrichtlinie werden wirksam, wenn sie auf dieser Seite ver\u00f6ffentlicht werden.<\/span><\/p>\n<p><span style=\"color: #000000;\"><strong>Mailing-Liste<\/strong><\/span><br \/>\n<span style=\"font-weight: 400;\">Wenn Sie eine Landing Page mit unserem Service erstellen, erlauben Sie uns, Ihnen Freigabeinformationen und weitere Mitteilungen \u00fcber Service-Updates zu senden.<\/span><\/p>\n<p><span style=\"color: #000000;\"><strong>Kontaktinformationen<\/strong><\/span><br \/>\n<span style=\"font-weight: 400;\">Wenn Sie Fragen zu dieser Datenschutzrichtlinie oder anderen Angelegenheiten haben, kontaktieren Sie uns bitte unter:<\/span><\/p>\n<p><span style=\"font-weight: 400;\">info@gastroturismo.ch<\/span><\/p>\n","protected":false},"excerpt":{"rendered":"<p>\u00dcber uns Die Adresse unserer Website lautet: https:\/\/www.gastroturismo.ch Die Website https:\/\/www.gastroturismo.ch (der &#8222;Service&#8220;) ist jetzt in Betrieb (&#8222;unser&#8220;). Welche personenbezogenen Daten erfassen wir und warum erfassen wir sie: Medien Wenn Sie Bilder auf die Website hochladen, sollten Sie das Hochladen von Bildern mit eingebetteten Positionsdaten (EXIF GPS) vermeiden. Besucher der Website k\u00f6nnen alle Standortdaten aus [&hellip;]<\/p>\n","protected":false},"author":5,"featured_media":0,"parent":0,"menu_order":90,"comment_status":"closed","ping_status":"closed","template":"","meta":{"footnotes":""},"class_list":["post-2202","page","type-page","status-publish","hentry"],"_links":{"self":[{"href":"https:\/\/gastroturismo.ch\/de\/wp-json\/wp\/v2\/pages\/2202","targetHints":{"allow":["GET"]}}],"collection":[{"href":"https:\/\/gastroturismo.ch\/de\/wp-json\/wp\/v2\/pages"}],"about":[{"href":"https:\/\/gastroturismo.ch\/de\/wp-json\/wp\/v2\/types\/page"}],"author":[{"embeddable":true,"href":"https:\/\/gastroturismo.ch\/de\/wp-json\/wp\/v2\/users\/5"}],"replies":[{"embeddable":true,"href":"https:\/\/gastroturismo.ch\/de\/wp-json\/wp\/v2\/comments?post=2202"}],"version-history":[{"count":0,"href":"https:\/\/gastroturismo.ch\/de\/wp-json\/wp\/v2\/pages\/2202\/revisions"}],"wp:attachment":[{"href":"https:\/\/gastroturismo.ch\/de\/wp-json\/wp\/v2\/media?parent=2202"}],"curies":[{"name":"wp","href":"https:\/\/api.w.org\/{rel}","templated":true}]}}